{"id":72715,"date":"2021-09-10T14:59:22","date_gmt":"2021-09-10T12:59:22","guid":{"rendered":"https:\/\/dogpride1.wpengine.com\/?post_type=product&#038;p=72715"},"modified":"2025-11-04T07:42:39","modified_gmt":"2025-11-04T06:42:39","slug":"arrak-hybrid-pant-women-burnt-orange","status":"publish","type":"product","link":"https:\/\/dogpride.nl\/fr\/arrak-hybrid-pant-women-burnt-orange\/","title":{"rendered":"ARRAK Hybrid Pant Femme Burnt Orange"},"content":{"rendered":"<h4>ARRAK Hybrid Pant Femme Burnt Orange<\/h4>\n<p>ARRAK Hybrid Pant Femme Burnt Orange<\/p>\n<p>ARRAK Hybrid Pant Women Burnt Orange est un pantalon ext\u00e9rieur durable avec de petits d\u00e9tails suppl\u00e9mentaires.<\/p>\n<p>Coupe r\u00e9guli\u00e8re pour la meilleure mobilit\u00e9 pour une vie active en plein air. Le pantalon est fait d&#039;un mat\u00e9riau extensible flexible pour un meilleur ajustement et poss\u00e8de une taille \u00e9lastique. Panneaux renforc\u00e9s en polyester\/coton durable. Le pantalon est trait\u00e9 DWR mais peut \u00e9galement \u00eatre facilement impr\u00e9gn\u00e9 pour r\u00e9sister \u00e0 l&#039;humidit\u00e9.<br \/>\nPoches lat\u00e9rales ouvertes en haut.<\/p>\n<p>Anneau en D Poches cuisse g\u00e9n\u00e9reuses o\u00f9 la poche cuisse droite poss\u00e8de 2 poches zipp\u00e9es.<br \/>\nIl y a aussi une poche pour votre t\u00e9l\u00e9phone portable \u00e0 l&#039;int\u00e9rieur de la poche droite sur la cuisse.<br \/>\nZips de ventilation sur le c\u00f4t\u00e9.<br \/>\nPoches aux genoux pour endroit avec protection des genoux.<br \/>\nFermeture \u00e0 glissi\u00e8re pour une entr\u00e9e plus facile dans les bottes et les bottes et qu&#039;elle peut \u00eatre utilis\u00e9e comme ventilation.<br \/>\nRenfort \u00e0 l&#039;int\u00e9rieur du bas de jambe.<br \/>\nFermeture de jambe r\u00e9glable avec boutons-pression et crochet \u00e0 clipser dans la sangle de la chaussure pour maintenir fermement la jambe du pantalon contre la botte.<\/p>\n<h5><strong>Caract\u00e9ristiques:<\/strong><\/h5>\n<ul>\n<li>Tissu extensible dans les 4 sens<\/li>\n<li>Polyamide 96% \/ \u00c9lasthanne 4%<\/li>\n<li>Panneaux de renfort en Polyester 65% \/ Coton 35%<\/li>\n<li>Impr\u00e9gnation hydrofuge<\/li>\n<li>7 passants de ceinture<\/li>\n<li>Poches lat\u00e9rales ouvertes<\/li>\n<li>V\u00e9ritables poches sur les cuisses avec plusieurs poches<\/li>\n<li>Poches pour genouill\u00e8res<\/li>\n<li>Zips de ventilation sur le c\u00f4t\u00e9<\/li>\n<li>Zip aux extr\u00e9mit\u00e9s des jambes sur le c\u00f4t\u00e9<\/li>\n<li>Extr\u00e9mit\u00e9 de jambe r\u00e9glable<\/li>\n<li>Crochet de botte au bout de la jambe<\/li>\n<li>Coupe r\u00e9guli\u00e8re<\/li>\n<\/ul>\n<p><img loading=\"lazy\" decoding=\"async\" class=\"alignnone wp-image-72628 size-full\" src=\"https:\/\/www.dogpride.nl\/wp-content\/uploads\/women_s_pants.jpg\" alt=\"\" width=\"879\" height=\"1200\" srcset=\"https:\/\/dogpride.nl\/wp-content\/uploads\/women_s_pants.jpg 879w, https:\/\/dogpride.nl\/wp-content\/uploads\/women_s_pants-250x341.jpg 250w, https:\/\/dogpride.nl\/wp-content\/uploads\/women_s_pants-400x546.jpg 400w, https:\/\/dogpride.nl\/wp-content\/uploads\/women_s_pants-220x300.jpg 220w, https:\/\/dogpride.nl\/wp-content\/uploads\/women_s_pants-750x1024.jpg 750w, https:\/\/dogpride.nl\/wp-content\/uploads\/women_s_pants-768x1048.jpg 768w, https:\/\/dogpride.nl\/wp-content\/uploads\/women_s_pants-200x273.jpg 200w, https:\/\/dogpride.nl\/wp-content\/uploads\/women_s_pants-600x819.jpg 600w, https:\/\/dogpride.nl\/wp-content\/uploads\/women_s_pants-800x1092.jpg 800w\" sizes=\"auto, (max-width: 879px) 100vw, 879px\" \/><\/p>\n<p><a href=\"https:\/\/arrakoutdoor.com\/\" target=\"_blank\" rel=\"noopener\"><img loading=\"lazy\" decoding=\"async\" class=\"alignnone wp-image-139301 size-medium\" src=\"https:\/\/dogpride.nl\/wp-content\/uploads\/Arrak-300x118.jpeg\" alt=\"Logo\" width=\"300\" height=\"118\" srcset=\"https:\/\/dogpride.nl\/wp-content\/uploads\/Arrak-300x118.jpeg 300w, https:\/\/dogpride.nl\/wp-content\/uploads\/Arrak-768x303.jpeg 768w, https:\/\/dogpride.nl\/wp-content\/uploads\/Arrak-18x7.jpeg 18w, https:\/\/dogpride.nl\/wp-content\/uploads\/Arrak-250x99.jpeg 250w, https:\/\/dogpride.nl\/wp-content\/uploads\/Arrak-400x158.jpeg 400w, https:\/\/dogpride.nl\/wp-content\/uploads\/Arrak.jpeg 916w\" sizes=\"auto, (max-width: 300px) 100vw, 300px\" \/><\/a><\/p>\n<p><a href=\"https:\/\/dogpride.nl\/fr\/kleding\/broeken\/arrak-outdoor-broeken\/\"><img loading=\"lazy\" decoding=\"async\" class=\"alignnone\" title=\"ARRAK Hybrid Pant Femme Burnt Orange\" src=\"https:\/\/dogpride.nl\/wp-content\/uploads\/23031_burnto_side-150x150.jpg\" alt=\"ARRAK Hybrid Pant Women Burnt Orange\" width=\"150\" height=\"150\" \/><\/a><\/p>","protected":false},"excerpt":{"rendered":"<p>Pantalon Hybrid Femme Burnt Orange. Les pantalons hybrides d&#039;Arrak sont des pantalons d&#039;ext\u00e9rieur durables avec de petits d\u00e9tails suppl\u00e9mentaires. Coupe r\u00e9guli\u00e8re pour la meilleure mobilit\u00e9 pour une vie active en plein air.<\/p>","protected":false},"featured_media":72717,"template":"","meta":[],"product_brand":[],"product_cat":[3860],"product_tag":[],"class_list":{"0":"post-72715","1":"product","2":"type-product","3":"status-publish","4":"has-post-thumbnail","6":"product_cat-arrak-outdoor-dames-broeken","8":"first","9":"instock","10":"taxable","11":"shipping-taxable","12":"purchasable","13":"product-type-variable"},"mb":[],"mfb_rest_fields":["title"],"_links":{"self":[{"href":"https:\/\/dogpride.nl\/fr\/wp-json\/wp\/v2\/product\/72715","targetHints":{"allow":["GET"]}}],"collection":[{"href":"https:\/\/dogpride.nl\/fr\/wp-json\/wp\/v2\/product"}],"about":[{"href":"https:\/\/dogpride.nl\/fr\/wp-json\/wp\/v2\/types\/product"}],"wp:featuredmedia":[{"embeddable":true,"href":"https:\/\/dogpride.nl\/fr\/wp-json\/wp\/v2\/media\/72717"}],"wp:attachment":[{"href":"https:\/\/dogpride.nl\/fr\/wp-json\/wp\/v2\/media?parent=72715"}],"wp:term":[{"taxonomy":"product_brand","embeddable":true,"href":"https:\/\/dogpride.nl\/fr\/wp-json\/wp\/v2\/product_brand?post=72715"},{"taxonomy":"product_cat","embeddable":true,"href":"https:\/\/dogpride.nl\/fr\/wp-json\/wp\/v2\/product_cat?post=72715"},{"taxonomy":"product_tag","embeddable":true,"href":"https:\/\/dogpride.nl\/fr\/wp-json\/wp\/v2\/product_tag?post=72715"}],"curies":[{"name":"wp","href":"https:\/\/api.w.org\/{rel}","templated":true}]}}