{"id":72699,"date":"2021-09-10T14:51:06","date_gmt":"2021-09-10T12:51:06","guid":{"rendered":"https:\/\/dogpride1.wpengine.com\/?post_type=product&#038;p=72699"},"modified":"2026-02-19T13:13:49","modified_gmt":"2026-02-19T12:13:49","slug":"arrak-hybrid-pants-men-burnt-orange","status":"publish","type":"product","link":"https:\/\/dogpride.nl\/fr\/arrak-hybrid-pants-men-burnt-orange\/","title":{"rendered":"Arrak Hybrid Pantalon Homme Burnt Orange"},"content":{"rendered":"<h4>Arrak Hybrid Pantalon Homme Burnt Orange<\/h4>\n<p>Arrak Hybrid Pantalon Homme Burnt Orange<\/p>\n<p>Arrak Hybrid Pants Men Burnt Orange est un pantalon ext\u00e9rieur durable avec de petits d\u00e9tails suppl\u00e9mentaires. Coupe r\u00e9guli\u00e8re pour la meilleure mobilit\u00e9 pour une vie active en plein air.<\/p>\n<p>Le pantalon est fait d&#039;un mat\u00e9riau extensible flexible pour un meilleur ajustement et poss\u00e8de une taille \u00e9lastique. Panneaux renforc\u00e9s en polyester\/coton durable.<\/p>\n<p>Le pantalon est trait\u00e9 DWR mais peut \u00e9galement \u00eatre facilement impr\u00e9gn\u00e9 pour r\u00e9sister \u00e0 l&#039;humidit\u00e9.<br \/>\nPoches lat\u00e9rales ouvertes en haut.<br \/>\nAnneau en D<br \/>\nPoches cuisses g\u00e9n\u00e9reuses o\u00f9 la poche cuisse droite poss\u00e8de 2 poches zipp\u00e9es. Il y a aussi une poche pour votre t\u00e9l\u00e9phone portable \u00e0 l&#039;int\u00e9rieur de la poche droite sur la cuisse.<\/p>\n<h5>Zips de ventilation sur le c\u00f4t\u00e9.<\/h5>\n<p>Poches aux genoux pour endroit avec protection des genoux.<br \/>\nFermeture \u00e0 glissi\u00e8re pour une entr\u00e9e plus facile dans les bottes et les bottes et qu&#039;elle peut \u00eatre utilis\u00e9e comme ventilation.<br \/>\nRenfort \u00e0 l&#039;int\u00e9rieur du bas de jambe.<br \/>\nFermeture de jambe r\u00e9glable avec boutons-pression et crochet \u00e0 clipser dans la sangle de la chaussure pour maintenir fermement la jambe du pantalon contre la botte.<\/p>\n<p><strong>Caract\u00e9ristiques:<\/strong><\/p>\n<ul>\n<li>Tissu extensible dans les 4 sens<\/li>\n<li>Polyamide 96% \/ \u00c9lasthanne 4%<\/li>\n<li>Panneaux de renfort en Polyester 65% \/ Coton 35%<\/li>\n<li>Impr\u00e9gnation hydrofuge<\/li>\n<li>7 passants de ceinture<\/li>\n<li>Poches lat\u00e9rales ouvertes<\/li>\n<li>V\u00e9ritables poches sur les cuisses avec plusieurs poches<\/li>\n<li>Poches pour genouill\u00e8res<\/li>\n<li>Zips de ventilation sur le c\u00f4t\u00e9<\/li>\n<li>Zip aux extr\u00e9mit\u00e9s des jambes sur le c\u00f4t\u00e9<\/li>\n<li>Extr\u00e9mit\u00e9 de jambe r\u00e9glable<\/li>\n<li>Crochet de botte au bout de la jambe<\/li>\n<li>Coupe r\u00e9guli\u00e8re<\/li>\n<\/ul>\n<p>&nbsp;<\/p>\n<p><img loading=\"lazy\" decoding=\"async\" class=\"alignnone wp-image-72595 size-full\" src=\"https:\/\/www.dogpride.nl\/wp-content\/uploads\/men_s_pants.jpg\" alt=\"\" width=\"822\" height=\"1200\" srcset=\"https:\/\/dogpride.nl\/wp-content\/uploads\/men_s_pants.jpg 822w, https:\/\/dogpride.nl\/wp-content\/uploads\/men_s_pants-250x365.jpg 250w, https:\/\/dogpride.nl\/wp-content\/uploads\/men_s_pants-400x584.jpg 400w, https:\/\/dogpride.nl\/wp-content\/uploads\/men_s_pants-206x300.jpg 206w, https:\/\/dogpride.nl\/wp-content\/uploads\/men_s_pants-701x1024.jpg 701w, https:\/\/dogpride.nl\/wp-content\/uploads\/men_s_pants-768x1121.jpg 768w, https:\/\/dogpride.nl\/wp-content\/uploads\/men_s_pants-200x292.jpg 200w, https:\/\/dogpride.nl\/wp-content\/uploads\/men_s_pants-600x876.jpg 600w, https:\/\/dogpride.nl\/wp-content\/uploads\/men_s_pants-800x1168.jpg 800w\" sizes=\"auto, (max-width: 822px) 100vw, 822px\" \/><\/p>\n<p><a href=\"https:\/\/arrakoutdoor.com\/\" target=\"_blank\" rel=\"noopener\"><img loading=\"lazy\" decoding=\"async\" class=\"alignnone wp-image-139301 size-medium\" src=\"https:\/\/dogpride.nl\/wp-content\/uploads\/Arrak-300x118.jpeg\" alt=\"Logo\" width=\"300\" height=\"118\" srcset=\"https:\/\/dogpride.nl\/wp-content\/uploads\/Arrak-300x118.jpeg 300w, https:\/\/dogpride.nl\/wp-content\/uploads\/Arrak-768x303.jpeg 768w, https:\/\/dogpride.nl\/wp-content\/uploads\/Arrak-18x7.jpeg 18w, https:\/\/dogpride.nl\/wp-content\/uploads\/Arrak-250x99.jpeg 250w, https:\/\/dogpride.nl\/wp-content\/uploads\/Arrak-400x158.jpeg 400w, https:\/\/dogpride.nl\/wp-content\/uploads\/Arrak.jpeg 916w\" sizes=\"auto, (max-width: 300px) 100vw, 300px\" \/><\/a><\/p>\n<p><a href=\"https:\/\/dogpride.nl\/fr\/kleding\/broeken\/arrak-outdoor-broeken\/?product-page=2\"><img loading=\"lazy\" decoding=\"async\" class=\"alignnone\" title=\"Arrak Hybrid Pantalon Homme Burnt Orange\" src=\"https:\/\/dogpride.nl\/wp-content\/uploads\/23030_orange_front-150x150.jpg\" alt=\"Arrak Hybrid Pants Men Burnt Orange\" width=\"150\" height=\"150\" \/><\/a><\/p>","protected":false},"excerpt":{"rendered":"<p>Pantalon Hybrid Homme Burnt Orange. Les pantalons hybrides d&#039;Arrak sont des pantalons d&#039;ext\u00e9rieur durables avec de petits d\u00e9tails suppl\u00e9mentaires. Le pantalon est trait\u00e9 DWR mais peut \u00e9galement \u00eatre facilement impr\u00e9gn\u00e9 pour r\u00e9sister \u00e0 l&#039;humidit\u00e9.<\/p>","protected":false},"featured_media":72700,"template":"","meta":[],"product_brand":[],"product_cat":[24458],"product_tag":[],"class_list":{"0":"post-72699","1":"product","2":"type-product","3":"status-publish","4":"has-post-thumbnail","6":"product_cat-arrak-outdoor-heren-broeken","8":"first","9":"instock","10":"taxable","11":"shipping-taxable","12":"purchasable","13":"product-type-variable"},"mb":[],"mfb_rest_fields":["title"],"_links":{"self":[{"href":"https:\/\/dogpride.nl\/fr\/wp-json\/wp\/v2\/product\/72699","targetHints":{"allow":["GET"]}}],"collection":[{"href":"https:\/\/dogpride.nl\/fr\/wp-json\/wp\/v2\/product"}],"about":[{"href":"https:\/\/dogpride.nl\/fr\/wp-json\/wp\/v2\/types\/product"}],"wp:featuredmedia":[{"embeddable":true,"href":"https:\/\/dogpride.nl\/fr\/wp-json\/wp\/v2\/media\/72700"}],"wp:attachment":[{"href":"https:\/\/dogpride.nl\/fr\/wp-json\/wp\/v2\/media?parent=72699"}],"wp:term":[{"taxonomy":"product_brand","embeddable":true,"href":"https:\/\/dogpride.nl\/fr\/wp-json\/wp\/v2\/product_brand?post=72699"},{"taxonomy":"product_cat","embeddable":true,"href":"https:\/\/dogpride.nl\/fr\/wp-json\/wp\/v2\/product_cat?post=72699"},{"taxonomy":"product_tag","embeddable":true,"href":"https:\/\/dogpride.nl\/fr\/wp-json\/wp\/v2\/product_tag?post=72699"}],"curies":[{"name":"wp","href":"https:\/\/api.w.org\/{rel}","templated":true}]}}