{"id":72686,"date":"2021-09-10T14:38:58","date_gmt":"2021-09-10T12:38:58","guid":{"rendered":"https:\/\/dogpride1.wpengine.com\/?post_type=product&#038;p=72686"},"modified":"2025-11-07T10:17:46","modified_gmt":"2025-11-07T09:17:46","slug":"arrak-action-top-black-men","status":"publish","type":"product","link":"https:\/\/dogpride.nl\/fr\/arrak-action-top-black-men\/","title":{"rendered":"ARRAK Action Top Noir Homme"},"content":{"rendered":"<h4>ARRAK Action Top Noir Homme<\/h4>\n<p>ARRAK Action Top Noir Homme en polyester 88% \/ \u00e9lasthanne 12% Qualit\u00e9 bross\u00e9e super douce. Parfait comme sous-v\u00eatement, entra\u00eenement, etc.<br \/>\nLe chandail a une courte fermeture \u00e9clair sur le devant avec un col montant et une poign\u00e9e pour le pouce aux poignets.<\/p>\n<p><strong>Caract\u00e9ristiques:<\/strong><\/p>\n<p>Polyester 88% \/ \u00c9lasthanne 12%<br \/>\nQualit\u00e9 super douce bross\u00e9e<br \/>\nFermeture \u00e9clair courte<br \/>\nCol montant<br \/>\nPoign\u00e9e de pouce aux poignets<br \/>\nL\u00e9g\u00e8rement cintr\u00e9e \u00e0 la taille<br \/>\nParfait comme sous-v\u00eatement ou entra\u00eenement, etc.<\/p>\n<p>&nbsp;<\/p>\n<p><img loading=\"lazy\" decoding=\"async\" class=\"lazyautosizes ls-is-cached lazyloaded alignnone wp-image-72673 size-full\" src=\"https:\/\/www.dogpride.nl\/wp-content\/uploads\/Maattabel-Arrak-Heren-tops.jpg\" sizes=\"auto, 634px\" srcset=\"https:\/\/www.dogpride.nl\/wp-content\/uploads\/Maattabel-Arrak-Heren-tops-200x215.jpg 200w, https:\/\/www.dogpride.nl\/wp-content\/uploads\/Maattabel-Arrak-Heren-tops-279x300.jpg 279w, https:\/\/www.dogpride.nl\/wp-content\/uploads\/Maattabel-Arrak-Heren-tops-400x430.jpg 400w, https:\/\/www.dogpride.nl\/wp-content\/uploads\/Maattabel-Arrak-Heren-tops-600x645.jpg 600w, https:\/\/www.dogpride.nl\/wp-content\/uploads\/Maattabel-Arrak-Heren-tops.jpg 634w\" alt=\"Maattabel\" width=\"634\" height=\"682\" data-orig-src=\"https:\/\/www.dogpride.nl\/wp-content\/uploads\/Maattabel-Arrak-Heren-tops.jpg\" data-srcset=\"https:\/\/www.dogpride.nl\/wp-content\/uploads\/Maattabel-Arrak-Heren-tops-200x215.jpg 200w, https:\/\/www.dogpride.nl\/wp-content\/uploads\/Maattabel-Arrak-Heren-tops-279x300.jpg 279w, https:\/\/www.dogpride.nl\/wp-content\/uploads\/Maattabel-Arrak-Heren-tops-400x430.jpg 400w, https:\/\/www.dogpride.nl\/wp-content\/uploads\/Maattabel-Arrak-Heren-tops-600x645.jpg 600w, https:\/\/www.dogpride.nl\/wp-content\/uploads\/Maattabel-Arrak-Heren-tops.jpg 634w\" data-sizes=\"auto\" data-orig-sizes=\"(max-width: 634px) 100vw, 634px\" \/><\/p>\n<p><a href=\"https:\/\/dogpride.nl\/fr\/kleding\/t-shirts-en-polos\/arrak-t-shirts-en-polos\/\"><img loading=\"lazy\" decoding=\"async\" class=\"alignnone wp-image-137190\" src=\"https:\/\/dogpride.nl\/wp-content\/uploads\/ARRAK-Action-Top-Black-Men.jpg\" alt=\"ARRAK Action Top Black Men\" width=\"184\" height=\"184\" srcset=\"https:\/\/dogpride.nl\/wp-content\/uploads\/ARRAK-Action-Top-Black-Men.jpg 1100w, https:\/\/dogpride.nl\/wp-content\/uploads\/ARRAK-Action-Top-Black-Men-300x300.jpg 300w, https:\/\/dogpride.nl\/wp-content\/uploads\/ARRAK-Action-Top-Black-Men-1024x1024.jpg 1024w, https:\/\/dogpride.nl\/wp-content\/uploads\/ARRAK-Action-Top-Black-Men-150x150.jpg 150w, https:\/\/dogpride.nl\/wp-content\/uploads\/ARRAK-Action-Top-Black-Men-768x768.jpg 768w, https:\/\/dogpride.nl\/wp-content\/uploads\/ARRAK-Action-Top-Black-Men-12x12.jpg 12w, https:\/\/dogpride.nl\/wp-content\/uploads\/ARRAK-Action-Top-Black-Men-250x250.jpg 250w, https:\/\/dogpride.nl\/wp-content\/uploads\/ARRAK-Action-Top-Black-Men-400x400.jpg 400w, https:\/\/dogpride.nl\/wp-content\/uploads\/ARRAK-Action-Top-Black-Men-100x100.jpg 100w\" sizes=\"auto, (max-width: 184px) 100vw, 184px\" \/><\/a><\/p>\n<p><span style=\"color: #ffffff;\"><a href=\"https:\/\/arrakoutdoor.com\/\" target=\"_blank\" rel=\"noopener\"><img loading=\"lazy\" decoding=\"async\" class=\"alignnone wp-image-141950 size-medium\" src=\"https:\/\/dogpride.nl\/wp-content\/uploads\/Arrak-1-300x118.jpeg\" alt=\"\" width=\"300\" height=\"118\" srcset=\"https:\/\/dogpride.nl\/wp-content\/uploads\/Arrak-1-300x118.jpeg 300w, https:\/\/dogpride.nl\/wp-content\/uploads\/Arrak-1-768x303.jpeg 768w, https:\/\/dogpride.nl\/wp-content\/uploads\/Arrak-1-18x7.jpeg 18w, https:\/\/dogpride.nl\/wp-content\/uploads\/Arrak-1-250x99.jpeg 250w, https:\/\/dogpride.nl\/wp-content\/uploads\/Arrak-1-400x158.jpeg 400w, https:\/\/dogpride.nl\/wp-content\/uploads\/Arrak-1.jpeg 916w\" sizes=\"auto, (max-width: 300px) 100vw, 300px\" \/><\/a><\/span><\/p>","protected":false},"excerpt":{"rendered":"<p>Le chandail a une courte fermeture \u00e9clair sur le devant avec un col montant et une poign\u00e9e pour le pouce aux poignets. Haut Arraks Action en polyester 88% \/ Spandex 12% Qualit\u00e9 bross\u00e9e super douce. Parfait comme sous-v\u00eatement, entra\u00eenement, etc.<\/p>","protected":false},"featured_media":72687,"template":"","meta":[],"product_brand":[],"product_cat":[3893],"product_tag":[],"class_list":{"0":"post-72686","1":"product","2":"type-product","3":"status-publish","4":"has-post-thumbnail","6":"product_cat-arrak-t-shirts-polos","8":"first","9":"instock","10":"taxable","11":"shipping-taxable","12":"purchasable","13":"product-type-variable"},"mb":[],"mfb_rest_fields":["title"],"_links":{"self":[{"href":"https:\/\/dogpride.nl\/fr\/wp-json\/wp\/v2\/product\/72686","targetHints":{"allow":["GET"]}}],"collection":[{"href":"https:\/\/dogpride.nl\/fr\/wp-json\/wp\/v2\/product"}],"about":[{"href":"https:\/\/dogpride.nl\/fr\/wp-json\/wp\/v2\/types\/product"}],"wp:featuredmedia":[{"embeddable":true,"href":"https:\/\/dogpride.nl\/fr\/wp-json\/wp\/v2\/media\/72687"}],"wp:attachment":[{"href":"https:\/\/dogpride.nl\/fr\/wp-json\/wp\/v2\/media?parent=72686"}],"wp:term":[{"taxonomy":"product_brand","embeddable":true,"href":"https:\/\/dogpride.nl\/fr\/wp-json\/wp\/v2\/product_brand?post=72686"},{"taxonomy":"product_cat","embeddable":true,"href":"https:\/\/dogpride.nl\/fr\/wp-json\/wp\/v2\/product_cat?post=72686"},{"taxonomy":"product_tag","embeddable":true,"href":"https:\/\/dogpride.nl\/fr\/wp-json\/wp\/v2\/product_tag?post=72686"}],"curies":[{"name":"wp","href":"https:\/\/api.w.org\/{rel}","templated":true}]}}