{"id":72643,"date":"2021-09-10T14:10:43","date_gmt":"2021-09-10T12:10:43","guid":{"rendered":"https:\/\/dogpride1.wpengine.com\/?post_type=product&#038;p=72643"},"modified":"2025-11-07T10:16:00","modified_gmt":"2025-11-07T09:16:00","slug":"arrak-action-top-fuchsia-women","status":"publish","type":"product","link":"https:\/\/dogpride.nl\/fr\/arrak-action-top-fuchsia-women\/","title":{"rendered":"ARRAK Action Top Fuchsia Femme"},"content":{"rendered":"<h4>ARRAK Action Top Fuchsia Femme<\/h4>\n<p>ARRAK Action Top Fuchsia Femme en polyester 88% \/ \u00e9lasthanne 12% Qualit\u00e9 bross\u00e9e super douce. Parfait comme sous-v\u00eatement, entra\u00eenement, etc.<br \/>\nLe chandail a une courte fermeture \u00e9clair sur le devant avec un col montant et une poign\u00e9e pour le pouce aux poignets.<\/p>\n<p>Le mod\u00e8le femme est l\u00e9g\u00e8rement cintr\u00e9 \u00e0 la taille.<\/p>\n<p><strong>Caract\u00e9ristiques:<\/strong><\/p>\n<p>Polyester 88% \/ \u00c9lasthanne 12%<br \/>\nQualit\u00e9 super douce bross\u00e9e<br \/>\nFermeture \u00e9clair courte<br \/>\nCol montant<br \/>\nPoign\u00e9e de pouce aux poignets<br \/>\nL\u00e9g\u00e8rement cintr\u00e9e \u00e0 la taille<br \/>\nParfait comme sous-v\u00eatement ou entra\u00eenement, etc.<\/p>\n<p>&nbsp;<\/p>\n<p>&nbsp;<\/p>\n<p><img loading=\"lazy\" decoding=\"async\" class=\"lazyautosizes ls-is-cached lazyloaded alignnone wp-image-72629 size-full\" src=\"https:\/\/www.dogpride.nl\/wp-content\/uploads\/Maattabel-Arrak-Dames-tops.jpg\" sizes=\"auto, 643px\" srcset=\"https:\/\/www.dogpride.nl\/wp-content\/uploads\/Maattabel-Arrak-Dames-tops-200x256.jpg 200w, https:\/\/www.dogpride.nl\/wp-content\/uploads\/Maattabel-Arrak-Dames-tops-234x300.jpg 234w, https:\/\/www.dogpride.nl\/wp-content\/uploads\/Maattabel-Arrak-Dames-tops-400x512.jpg 400w, https:\/\/www.dogpride.nl\/wp-content\/uploads\/Maattabel-Arrak-Dames-tops-600x768.jpg 600w, https:\/\/www.dogpride.nl\/wp-content\/uploads\/Maattabel-Arrak-Dames-tops.jpg 643w\" alt=\"Maattabel\" width=\"643\" height=\"823\" data-orig-src=\"https:\/\/www.dogpride.nl\/wp-content\/uploads\/Maattabel-Arrak-Dames-tops.jpg\" data-srcset=\"https:\/\/www.dogpride.nl\/wp-content\/uploads\/Maattabel-Arrak-Dames-tops-200x256.jpg 200w, https:\/\/www.dogpride.nl\/wp-content\/uploads\/Maattabel-Arrak-Dames-tops-234x300.jpg 234w, https:\/\/www.dogpride.nl\/wp-content\/uploads\/Maattabel-Arrak-Dames-tops-400x512.jpg 400w, https:\/\/www.dogpride.nl\/wp-content\/uploads\/Maattabel-Arrak-Dames-tops-600x768.jpg 600w, https:\/\/www.dogpride.nl\/wp-content\/uploads\/Maattabel-Arrak-Dames-tops.jpg 643w\" data-sizes=\"auto\" data-orig-sizes=\"(max-width: 643px) 100vw, 643px\" \/><\/p>\n<p><a href=\"https:\/\/dogpride.nl\/fr\/kleding\/t-shirts-en-polos\/arrak-t-shirts-en-polos\/\"><img loading=\"lazy\" decoding=\"async\" class=\"alignnone wp-image-137195\" src=\"https:\/\/dogpride.nl\/wp-content\/uploads\/ARRAK-Action-Top-Fuchsia-Women.jpg\" alt=\"ARRAK Action Top Fuchsia Women\" width=\"268\" height=\"268\" srcset=\"https:\/\/dogpride.nl\/wp-content\/uploads\/ARRAK-Action-Top-Fuchsia-Women.jpg 1100w, https:\/\/dogpride.nl\/wp-content\/uploads\/ARRAK-Action-Top-Fuchsia-Women-300x300.jpg 300w, https:\/\/dogpride.nl\/wp-content\/uploads\/ARRAK-Action-Top-Fuchsia-Women-1024x1024.jpg 1024w, https:\/\/dogpride.nl\/wp-content\/uploads\/ARRAK-Action-Top-Fuchsia-Women-150x150.jpg 150w, https:\/\/dogpride.nl\/wp-content\/uploads\/ARRAK-Action-Top-Fuchsia-Women-768x768.jpg 768w, https:\/\/dogpride.nl\/wp-content\/uploads\/ARRAK-Action-Top-Fuchsia-Women-12x12.jpg 12w, https:\/\/dogpride.nl\/wp-content\/uploads\/ARRAK-Action-Top-Fuchsia-Women-250x250.jpg 250w, https:\/\/dogpride.nl\/wp-content\/uploads\/ARRAK-Action-Top-Fuchsia-Women-400x400.jpg 400w, https:\/\/dogpride.nl\/wp-content\/uploads\/ARRAK-Action-Top-Fuchsia-Women-100x100.jpg 100w\" sizes=\"auto, (max-width: 268px) 100vw, 268px\" \/><\/a><\/p>\n<p><span style=\"color: #ffffff;\"><a href=\"https:\/\/arrakoutdoor.com\/\" target=\"_blank\" rel=\"noopener\"><img loading=\"lazy\" decoding=\"async\" class=\"alignnone wp-image-141950 size-medium\" src=\"https:\/\/dogpride.nl\/wp-content\/uploads\/Arrak-1-300x118.jpeg\" alt=\"\" width=\"300\" height=\"118\" srcset=\"https:\/\/dogpride.nl\/wp-content\/uploads\/Arrak-1-300x118.jpeg 300w, https:\/\/dogpride.nl\/wp-content\/uploads\/Arrak-1-768x303.jpeg 768w, https:\/\/dogpride.nl\/wp-content\/uploads\/Arrak-1-18x7.jpeg 18w, https:\/\/dogpride.nl\/wp-content\/uploads\/Arrak-1-250x99.jpeg 250w, https:\/\/dogpride.nl\/wp-content\/uploads\/Arrak-1-400x158.jpeg 400w, https:\/\/dogpride.nl\/wp-content\/uploads\/Arrak-1.jpeg 916w\" sizes=\"auto, (max-width: 300px) 100vw, 300px\" \/><\/a><\/span><\/p>","protected":false},"excerpt":{"rendered":"<p>Le chandail a une courte fermeture \u00e9clair sur le devant avec un col montant et une poign\u00e9e pour le pouce aux poignets. Haut Arraks Action en polyester 88% \/ Spandex 12% Qualit\u00e9 bross\u00e9e super douce. Parfait comme sous-v\u00eatement, entra\u00eenement, etc.<\/p>","protected":false},"featured_media":72644,"template":"","meta":[],"product_brand":[],"product_cat":[3893],"product_tag":[],"class_list":{"0":"post-72643","1":"product","2":"type-product","3":"status-publish","4":"has-post-thumbnail","6":"product_cat-arrak-t-shirts-polos","8":"first","9":"instock","10":"taxable","11":"shipping-taxable","12":"purchasable","13":"product-type-variable"},"mb":[],"mfb_rest_fields":["title"],"_links":{"self":[{"href":"https:\/\/dogpride.nl\/fr\/wp-json\/wp\/v2\/product\/72643","targetHints":{"allow":["GET"]}}],"collection":[{"href":"https:\/\/dogpride.nl\/fr\/wp-json\/wp\/v2\/product"}],"about":[{"href":"https:\/\/dogpride.nl\/fr\/wp-json\/wp\/v2\/types\/product"}],"wp:featuredmedia":[{"embeddable":true,"href":"https:\/\/dogpride.nl\/fr\/wp-json\/wp\/v2\/media\/72644"}],"wp:attachment":[{"href":"https:\/\/dogpride.nl\/fr\/wp-json\/wp\/v2\/media?parent=72643"}],"wp:term":[{"taxonomy":"product_brand","embeddable":true,"href":"https:\/\/dogpride.nl\/fr\/wp-json\/wp\/v2\/product_brand?post=72643"},{"taxonomy":"product_cat","embeddable":true,"href":"https:\/\/dogpride.nl\/fr\/wp-json\/wp\/v2\/product_cat?post=72643"},{"taxonomy":"product_tag","embeddable":true,"href":"https:\/\/dogpride.nl\/fr\/wp-json\/wp\/v2\/product_tag?post=72643"}],"curies":[{"name":"wp","href":"https:\/\/api.w.org\/{rel}","templated":true}]}}