{"id":70766,"date":"2021-08-06T16:01:38","date_gmt":"2021-08-06T14:01:38","guid":{"rendered":"https:\/\/dogpride1.wpengine.com\/?post_type=product&#038;p=70766"},"modified":"2025-10-28T11:48:31","modified_gmt":"2025-10-28T10:48:31","slug":"pride-sterke-zwarte-leren-hondenriem","status":"publish","type":"product","link":"https:\/\/dogpride.nl\/fr\/pride-sterke-zwarte-leren-hondenriem\/","title":{"rendered":"Laisse pour chien en cuir noir PRIDE Strong"},"content":{"rendered":"<h4>Laisse pour chien en cuir noir PRIDE Strong<\/h4>\n<p>Laisse de chien en cuir noir solide<br \/>\nLaisse pour chien en cuir solide faite de cuir noir solide avec une quincaillerie solide en acier inoxydable. Cette laisse convient au dressage et \u00e0 la marche des chiens.<\/p>\n<p>C&#039;est le type de laisse pr\u00e9f\u00e9r\u00e9 par les soci\u00e9t\u00e9s de police et de s\u00e9curit\u00e9, les unit\u00e9s cynophiles et militaires, c&#039;est aussi le type recommand\u00e9 par les dresseurs de chiens.<\/p>\n<p><strong>D\u00e9tails:<\/strong><\/p>\n<p>Mod\u00e8le : L050<br \/>\nMat\u00e9riel: cuir<br \/>\nLongueur : 150 cm<br \/>\nCouleur noir<br \/>\nLargeur : 20 mm<br \/>\nQuincaillerie en acier inoxydable<br \/>\nJoint torique dans la poign\u00e9e<\/p>\n<p><a href=\"https:\/\/www.dogpride.eu\/\" target=\"_blank\" rel=\"noopener\"><img loading=\"lazy\" decoding=\"async\" class=\"alignnone wp-image-70657 size-medium\" src=\"https:\/\/dogpride.nl\/wp-content\/uploads\/Logo-Pride2-1-300x96.png\" alt=\"\" width=\"300\" height=\"96\" srcset=\"https:\/\/dogpride.nl\/wp-content\/uploads\/Logo-Pride2-1-300x96.png 300w, https:\/\/dogpride.nl\/wp-content\/uploads\/Logo-Pride2-1-250x80.png 250w, https:\/\/dogpride.nl\/wp-content\/uploads\/Logo-Pride2-1-200x64.png 200w, https:\/\/dogpride.nl\/wp-content\/uploads\/Logo-Pride2-1.png 327w\" sizes=\"auto, (max-width: 300px) 100vw, 300px\" \/><\/a><\/p>\n<p><a href=\"https:\/\/dogpride.nl\/fr\/lijnen-en-tuigjes-voor-honden\/pride-hondenlijnen\/\"><img loading=\"lazy\" decoding=\"async\" class=\"alignnone wp-image-136402 size-thumbnail\" src=\"https:\/\/dogpride.nl\/wp-content\/uploads\/PRIDE-Sterke-zwarte-leren-hondenriem-150x150.jpg\" alt=\"PRIDE Sterke zwarte leren hondenriem\" width=\"150\" height=\"150\" srcset=\"https:\/\/dogpride.nl\/wp-content\/uploads\/PRIDE-Sterke-zwarte-leren-hondenriem-150x150.jpg 150w, https:\/\/dogpride.nl\/wp-content\/uploads\/PRIDE-Sterke-zwarte-leren-hondenriem-11x12.jpg 11w, https:\/\/dogpride.nl\/wp-content\/uploads\/PRIDE-Sterke-zwarte-leren-hondenriem-100x100.jpg 100w\" sizes=\"auto, (max-width: 150px) 100vw, 150px\" \/><\/a><\/p>\n<p>&nbsp;<\/p>","protected":false},"excerpt":{"rendered":"<p>PRIDE Laisse pour chien en cuir noir solide. Laisse pour chien en cuir solide faite de cuir noir solide avec une quincaillerie solide en acier inoxydable. Cette laisse convient au dressage et \u00e0 la marche des chiens.<\/p>","protected":false},"featured_media":70767,"template":"","meta":[],"product_brand":[],"product_cat":[192],"product_tag":[],"class_list":{"0":"post-70766","1":"product","2":"type-product","3":"status-publish","4":"has-post-thumbnail","6":"product_cat-pride-hondenlijnen","8":"first","9":"instock","10":"taxable","11":"shipping-taxable","12":"purchasable","13":"product-type-simple"},"mb":[],"mfb_rest_fields":["title"],"_links":{"self":[{"href":"https:\/\/dogpride.nl\/fr\/wp-json\/wp\/v2\/product\/70766","targetHints":{"allow":["GET"]}}],"collection":[{"href":"https:\/\/dogpride.nl\/fr\/wp-json\/wp\/v2\/product"}],"about":[{"href":"https:\/\/dogpride.nl\/fr\/wp-json\/wp\/v2\/types\/product"}],"wp:featuredmedia":[{"embeddable":true,"href":"https:\/\/dogpride.nl\/fr\/wp-json\/wp\/v2\/media\/70767"}],"wp:attachment":[{"href":"https:\/\/dogpride.nl\/fr\/wp-json\/wp\/v2\/media?parent=70766"}],"wp:term":[{"taxonomy":"product_brand","embeddable":true,"href":"https:\/\/dogpride.nl\/fr\/wp-json\/wp\/v2\/product_brand?post=70766"},{"taxonomy":"product_cat","embeddable":true,"href":"https:\/\/dogpride.nl\/fr\/wp-json\/wp\/v2\/product_cat?post=70766"},{"taxonomy":"product_tag","embeddable":true,"href":"https:\/\/dogpride.nl\/fr\/wp-json\/wp\/v2\/product_tag?post=70766"}],"curies":[{"name":"wp","href":"https:\/\/api.w.org\/{rel}","templated":true}]}}