{"id":6731,"date":"2020-12-23T12:49:52","date_gmt":"2020-12-23T11:49:52","guid":{"rendered":"https:\/\/dogpride1.wpengine.com\/?post_type=product&#038;p=6731"},"modified":"2025-10-29T12:31:40","modified_gmt":"2025-10-29T11:31:40","slug":"pride-biothane-halsband-met-suede-voering","status":"publish","type":"product","link":"https:\/\/dogpride.nl\/fr\/pride-biothane-halsband-met-suede-voering\/","title":{"rendered":"Collier PRIDE Biothane avec doublure en daim"},"content":{"rendered":"<h4>Collier PRIDE Biothane avec doublure en daim<\/h4>\n<p>Ce collier Pride Biothane avec doublure en daim est un collier pour chien r\u00e9sistant aux intemp\u00e9ries.<\/p>\n<p>Nous utilisons le meilleur cuir pour produire une doublure lisse, douce et rembourr\u00e9e qui recouvre les c\u00f4t\u00e9s du collier pour prot\u00e9ger le cou et la trach\u00e9e de votre chien et r\u00e9duire la pression produite en tirant ou en se pr\u00e9cipitant sur la laisse r\u00e9partie sur une zone aussi large que possible.<br \/>\nDans le but de minimiser la douleur associ\u00e9e et les ecchymoses tissulaires qui peuvent r\u00e9sulter de ce comportement dans un collier standard.<\/p>\n<p><strong>Eigenschappen PRIDE Biothane halsband met su\u00e8de voering:<\/strong><\/p>\n<p>R\u00e9sistant \u00e0 l&#039;eau<\/p>\n<p>Doublure en daim doux pour un confort sup\u00e9rieur<\/p>\n<p>La doublure ajoute environ 5 mm ou un peu plus \u00e0 la largeur du collier de chaque c\u00f4t\u00e9, donc un collier command\u00e9 avec une largeur de 25 mm aurait une largeur r\u00e9elle d&#039;environ 35 mm.<br \/>\nEssayez notre collier pour chien solide pour une utilisation confortable, fiable et durable et une apparence \u00e9l\u00e9gante pour votre chien. Votre animal de compagnie m\u00e9rite la meilleure qualit\u00e9 !<\/p>\n<p>Fabriqu\u00e9 \u00e0 partir d&#039;un mat\u00e9riau r\u00e9volutionnaire Biothane\u00ae, Biothane\u00ae qui ne s&#039;\u00e9tire pas, ne pourrit pas et ne moisit pas.<\/p>\n<p>Pas besoin de s\u00e9cher, il suffit de l&#039;essuyer si n\u00e9cessaire. Ces colliers sont tr\u00e8s souples. Ils sont parfaits pour toutes les conditions, en particulier pour les chiens qui passent du temps dans l&#039;eau.<\/p>\n<p>PRIDE Biothane halsband met su\u00e8de voering heeft geen behandeling nodig en kan met een simpele veegbeweging worden schoongemaakt.<\/p>\n<p>Mat\u00e9riau : Biothane GOLD STANDARD<\/p>\n<p>Couleur: Vert camoufl\u00e9<\/p>\n<p>Doublure de couleur : Daim vert fonc\u00e9<\/p>\n<p>Anneaux en laiton<\/p>\n<p>Largeur : 25 mm<\/p>\n<p>Taille : 56 cm maximum<\/p>\n<p><a href=\"https:\/\/www.dogpride.eu\/\" target=\"_blank\" rel=\"noopener\"><img loading=\"lazy\" decoding=\"async\" class=\"alignnone wp-image-70657 size-medium\" src=\"https:\/\/dogpride.nl\/wp-content\/uploads\/Logo-Pride2-1-300x96.png\" alt=\"\" width=\"300\" height=\"96\" srcset=\"https:\/\/dogpride.nl\/wp-content\/uploads\/Logo-Pride2-1-300x96.png 300w, https:\/\/dogpride.nl\/wp-content\/uploads\/Logo-Pride2-1-250x80.png 250w, https:\/\/dogpride.nl\/wp-content\/uploads\/Logo-Pride2-1-200x64.png 200w, https:\/\/dogpride.nl\/wp-content\/uploads\/Logo-Pride2-1.png 327w\" sizes=\"auto, (max-width: 300px) 100vw, 300px\" \/><\/a><\/p>\n<p><a href=\"https:\/\/dogpride.nl\/fr\/pride-biothane-halsband-met-suede-voering\/\"><img loading=\"lazy\" decoding=\"async\" class=\"alignnone wp-image-136925\" title=\"Collier PRIDE Biothane avec doublure en daim\" src=\"https:\/\/dogpride.nl\/wp-content\/uploads\/PRIDE-Biothane-halsband-met-suede-voering.jpg\" alt=\"PRIDE Biothane halsband met su\u00e8de voering\" width=\"321\" height=\"241\" srcset=\"https:\/\/dogpride.nl\/wp-content\/uploads\/PRIDE-Biothane-halsband-met-suede-voering.jpg 960w, https:\/\/dogpride.nl\/wp-content\/uploads\/PRIDE-Biothane-halsband-met-suede-voering-300x225.jpg 300w, https:\/\/dogpride.nl\/wp-content\/uploads\/PRIDE-Biothane-halsband-met-suede-voering-768x576.jpg 768w, https:\/\/dogpride.nl\/wp-content\/uploads\/PRIDE-Biothane-halsband-met-suede-voering-16x12.jpg 16w, https:\/\/dogpride.nl\/wp-content\/uploads\/PRIDE-Biothane-halsband-met-suede-voering-250x188.jpg 250w, https:\/\/dogpride.nl\/wp-content\/uploads\/PRIDE-Biothane-halsband-met-suede-voering-400x300.jpg 400w\" sizes=\"auto, (max-width: 321px) 100vw, 321px\" \/><\/a><\/p>\n<p>&nbsp;<\/p>","protected":false},"excerpt":{"rendered":"<p>Collier PRIDE Biothane avec doublure en daim. Ce collier pour chien Biothane avec doublure en daim doux est un collier pour chien r\u00e9sistant aux intemp\u00e9ries.<\/p>","protected":false},"featured_media":22476,"template":"","meta":[],"product_brand":[],"product_cat":[90],"product_tag":[8486,8254,6349,3332,10823,10759,10780,10824,4866,10825,3157,7444,3389],"class_list":{"0":"post-6731","1":"product","2":"type-product","3":"status-publish","4":"has-post-thumbnail","6":"product_cat-pride-hondenhalsbanden","7":"product_tag-comfortabel","8":"product_tag-duurzaam","9":"product_tag-hondenhalsband","10":"product_tag-hondensport","11":"product_tag-luxe-accessoire","12":"product_tag-pride-collectie","13":"product_tag-pride-halsband","14":"product_tag-robuust","15":"product_tag-sterke-halsband","16":"product_tag-stijlvol","17":"product_tag-training","18":"product_tag-verstelbaar","19":"product_tag-werkhond","21":"first","22":"instock","23":"taxable","24":"shipping-taxable","25":"purchasable","26":"product-type-simple"},"mb":[],"mfb_rest_fields":["title"],"_links":{"self":[{"href":"https:\/\/dogpride.nl\/fr\/wp-json\/wp\/v2\/product\/6731","targetHints":{"allow":["GET"]}}],"collection":[{"href":"https:\/\/dogpride.nl\/fr\/wp-json\/wp\/v2\/product"}],"about":[{"href":"https:\/\/dogpride.nl\/fr\/wp-json\/wp\/v2\/types\/product"}],"wp:featuredmedia":[{"embeddable":true,"href":"https:\/\/dogpride.nl\/fr\/wp-json\/wp\/v2\/media\/22476"}],"wp:attachment":[{"href":"https:\/\/dogpride.nl\/fr\/wp-json\/wp\/v2\/media?parent=6731"}],"wp:term":[{"taxonomy":"product_brand","embeddable":true,"href":"https:\/\/dogpride.nl\/fr\/wp-json\/wp\/v2\/product_brand?post=6731"},{"taxonomy":"product_cat","embeddable":true,"href":"https:\/\/dogpride.nl\/fr\/wp-json\/wp\/v2\/product_cat?post=6731"},{"taxonomy":"product_tag","embeddable":true,"href":"https:\/\/dogpride.nl\/fr\/wp-json\/wp\/v2\/product_tag?post=6731"}],"curies":[{"name":"wp","href":"https:\/\/api.w.org\/{rel}","templated":true}]}}