{"id":6697,"date":"2020-12-08T16:09:00","date_gmt":"2020-12-08T15:09:00","guid":{"rendered":"https:\/\/dogpride1.wpengine.com\/?post_type=product&#038;p=6697"},"modified":"2026-03-19T11:49:26","modified_gmt":"2026-03-19T10:49:26","slug":"schmidt-hondenaanhanger-sh-2","status":"publish","type":"product","link":"https:\/\/dogpride.nl\/fr\/schmidt-hondenaanhanger-sh-2\/","title":{"rendered":"Remorque pour chiens SCHMIDT SH-2"},"content":{"rendered":"<h4>Remorque pour chiens SCHMIDT SH-2<\/h4>\n<p>Remorque pour chiens SCHMIDT SH-2<\/p>\n<p>Remorque 2 compartiments avec toit de rangement et \u00e9quipement exclusif.<\/p>\n<p><a href=\"https:\/\/dogpride.nl\/fr\/\"><img loading=\"lazy\" decoding=\"async\" class=\"alignnone\" title=\"Remorque pour chiens SCHMIDT SH-2\" src=\"https:\/\/dogpride.nl\/wp-content\/uploads\/ahw1-2.png\" alt=\"SCHMIDT hondenaanhanger SH-2\" width=\"241\" height=\"189\" \/><\/a><\/p>\n<p><strong>\u00c9quipement standard:<\/strong><\/p>\n<ul>\n<li>Toit de rangement au-dessus des coffres, profondeur 18 cm<\/li>\n<li>Poign\u00e9es \u00e9lastiques sur le couvercle et le devant<\/li>\n<li>Aluminium afdekframe met aluminium afdekplaat<\/li>\n<li>Portes int\u00e9rieures en treillis en aluminium avec fermeture \u00e0 loquet, lattes en treillis tubulaire de 20 mm<\/li>\n<li>Quatre volets de ventilation sur toute la longueur du v\u00e9hicule<\/li>\n<li>Crochets de ventilation pour toutes les portes ext\u00e9rieures<\/li>\n<li>Serrures \u00e0 cylindre dans toutes les portes ext\u00e9rieures et dans le couvercle<\/li>\n<li>Syst\u00e8me de verrouillage 1 cl\u00e9 pour toutes les serrures (portes et toit de rangement)<\/li>\n<li>Charni\u00e8res en acier inoxydable sur toutes les portes et volets<\/li>\n<li>Roestvrijstalen klinknagels<\/li>\n<li>Les cloisons de s\u00e9paration en aluminium peuvent \u00eatre retir\u00e9es<\/li>\n<li>V\u00e9rins \u00e0 gaz pour l&#039;ouverture du couvercle du toit de rangement et des volets d&#039;a\u00e9ration lat\u00e9raux<\/li>\n<li>Tekst op zijkant \u00abS-Klasse voor sporthonden \u00bb<\/li>\n<li>Tube de timon incurv\u00e9 avec commande d&#039;embrayage<\/li>\n<li>Essieux \u00e0 ressort en caoutchouc souple avec suspension de roue individuelle<\/li>\n<li>Bavettes sur demande<\/li>\n<li>Lumi\u00e8re invertie<\/li>\n<li>C\u00e2blage 13 fils<\/li>\n<li>Prise europ\u00e9enne 13 broches<\/li>\n<li>Pneus larges 195\/60\/14 pour tous les essieux simples<\/li>\n<li>Roue jockey<\/li>\n<li>Scheidingswanden: De dwars op de rijrichting gemonteerde scheidingswanden zijn vast. Alle andere partities kunnen indien nodig worden verwijderd.<\/li>\n<\/ul>\n<p><a href=\"https:\/\/nl.wikipedia.org\/wiki\/Hoofdpagina\" target=\"_blank\" rel=\"noopener\"><img loading=\"lazy\" decoding=\"async\" class=\"alignnone\" title=\"Remorque pour chiens SCHMIDT SH-2\" src=\"https:\/\/dogpride.nl\/wp-content\/uploads\/ahw1-2.png\" alt=\"SCHMIDT hondenaanhanger SH-2\" width=\"241\" height=\"189\" \/><\/a><\/p>\n<p><strong>Dimensions:<\/strong><\/p>\n<p>Bo\u00eetes : L = 75 cm, l = 105 cm, H = 69 cm<\/p>\n<p><img loading=\"lazy\" decoding=\"async\" class=\"alignnone size-full wp-image-132571\" src=\"https:\/\/dogpride.nl\/wp-content\/uploads\/SH-2.jpg\" alt=\"SH-2\" width=\"428\" height=\"225\" srcset=\"https:\/\/dogpride.nl\/wp-content\/uploads\/SH-2.jpg 428w, https:\/\/dogpride.nl\/wp-content\/uploads\/SH-2-300x158.jpg 300w, https:\/\/dogpride.nl\/wp-content\/uploads\/SH-2-18x9.jpg 18w, https:\/\/dogpride.nl\/wp-content\/uploads\/SH-2-250x131.jpg 250w, https:\/\/dogpride.nl\/wp-content\/uploads\/SH-2-400x210.jpg 400w\" sizes=\"auto, (max-width: 428px) 100vw, 428px\" \/><\/p>\n<p><strong>Lester:<\/strong>\u00a0 \u00a0Simple essieu 210 Kg<br \/>\n<strong>Liste d&#039;options\u00a0:<\/strong><\/p>\n<p><a href=\"https:\/\/dogpride.nl\/wp-content\/uploads\/Optielijst-Schmidt.docx\">Optielijst Schmidt<\/a><\/p>\n<p><strong>Les prix ci-dessus incluent 21%Btw, AF Factory. <span style=\"color: #ff0000;\">Transportprijs naar Dinxperlo (Dogpride NL) \u20ac900,00.<\/span><\/strong><\/p>\n<p><strong>Contactez-nous par email\u00a0<span style=\"color: #ff0000;\"><a style=\"color: #ff0000;\" href=\"mailto:info@dogpride.nl\">info@dogpride.nl<\/a>\u00a0<\/span>ou T\u00e9l\u00e9phone<span style=\"color: #ff0000;\">\u00a00315655930 \/ 0638147051<\/span>\u00a0pour un devis complet.<\/strong><\/p>\n<p>&nbsp;<\/p>\n<p><img loading=\"lazy\" decoding=\"async\" class=\"alignnone size-full wp-image-132575\" src=\"https:\/\/dogpride.nl\/wp-content\/uploads\/Logo-SCHMIDT-4.png\" alt=\"Logo Schmidt\" width=\"276\" height=\"117\" srcset=\"https:\/\/dogpride.nl\/wp-content\/uploads\/Logo-SCHMIDT-4.png 276w, https:\/\/dogpride.nl\/wp-content\/uploads\/Logo-SCHMIDT-4-18x8.png 18w, https:\/\/dogpride.nl\/wp-content\/uploads\/Logo-SCHMIDT-4-250x106.png 250w\" sizes=\"auto, (max-width: 276px) 100vw, 276px\" \/><\/p>","protected":false},"excerpt":{"rendered":"<p>Remorque pour chiens SCHMIDT SH-2. Remorque 2 compartiments avec toit de rangement et \u00e9quipement exclusif.<\/p>","protected":false},"featured_media":22465,"template":"","meta":[],"product_brand":[],"product_cat":[1292],"product_tag":[9013,9014,5932,5115,9012],"class_list":{"0":"post-6697","1":"product","2":"type-product","3":"status-publish","4":"has-post-thumbnail","6":"product_cat-schmidt-hondenaanhangers","7":"product_tag-2-vaks","8":"product_tag-enkel-asser","9":"product_tag-hondenaanhanger","10":"product_tag-schmidt","11":"product_tag-sh-2","13":"first","14":"instock","15":"featured","16":"taxable","17":"shipping-taxable","18":"purchasable","19":"product-type-simple"},"mb":[],"mfb_rest_fields":["title"],"_links":{"self":[{"href":"https:\/\/dogpride.nl\/fr\/wp-json\/wp\/v2\/product\/6697","targetHints":{"allow":["GET"]}}],"collection":[{"href":"https:\/\/dogpride.nl\/fr\/wp-json\/wp\/v2\/product"}],"about":[{"href":"https:\/\/dogpride.nl\/fr\/wp-json\/wp\/v2\/types\/product"}],"wp:featuredmedia":[{"embeddable":true,"href":"https:\/\/dogpride.nl\/fr\/wp-json\/wp\/v2\/media\/22465"}],"wp:attachment":[{"href":"https:\/\/dogpride.nl\/fr\/wp-json\/wp\/v2\/media?parent=6697"}],"wp:term":[{"taxonomy":"product_brand","embeddable":true,"href":"https:\/\/dogpride.nl\/fr\/wp-json\/wp\/v2\/product_brand?post=6697"},{"taxonomy":"product_cat","embeddable":true,"href":"https:\/\/dogpride.nl\/fr\/wp-json\/wp\/v2\/product_cat?post=6697"},{"taxonomy":"product_tag","embeddable":true,"href":"https:\/\/dogpride.nl\/fr\/wp-json\/wp\/v2\/product_tag?post=6697"}],"curies":[{"name":"wp","href":"https:\/\/api.w.org\/{rel}","templated":true}]}}