{"id":6695,"date":"2020-12-08T15:52:31","date_gmt":"2020-12-08T14:52:31","guid":{"rendered":"https:\/\/dogpride1.wpengine.com\/?post_type=product&#038;p=6695"},"modified":"2026-03-19T11:50:41","modified_gmt":"2026-03-19T10:50:41","slug":"schmidt-hondenaanhanger-sh-3-maxi","status":"publish","type":"product","link":"https:\/\/dogpride.nl\/fr\/schmidt-hondenaanhanger-sh-3-maxi\/","title":{"rendered":"SCHMIDT remorque pour chien SH-3 Maxi"},"content":{"rendered":"<h4>SCHMIDT remorque pour chien SH-3 Maxi<\/h4>\n<p>Remorque 3 compartiments avec toit de rangement et \u00e9quipement exclusif.<\/p>\n<h4><a href=\"https:\/\/nl.wikipedia.org\/wiki\/Hoofdpagina\" target=\"_blank\" rel=\"noopener\"><img loading=\"lazy\" decoding=\"async\" class=\"alignnone\" title=\"SCHMIDT remorque pour chien SH-3 Maxi\" src=\"https:\/\/dogpride.nl\/wp-content\/uploads\/ahw1-2.png\" alt=\"SCHMIDT hondenaanhanger SH-3 Maxi\" width=\"241\" height=\"189\" \/><\/a><\/h4>\n<p><strong>\u00c9quipement standard:<\/strong><\/p>\n<ul>\n<li>Toit de rangement au-dessus des coffres, profondeur 18 cm<\/li>\n<li>Poign\u00e9es \u00e9lastiques sur le couvercle et le devant<\/li>\n<li>Aluminium afdekframe met aluminium afdekplaat<\/li>\n<li>Portes int\u00e9rieures en treillis en aluminium avec fermeture \u00e0 loquet, lattes en treillis tubulaire de 20 mm<\/li>\n<li>Quatre volets de ventilation sur toute la longueur du v\u00e9hicule<\/li>\n<li>Crochets de ventilation pour toutes les portes ext\u00e9rieures<\/li>\n<li>Serrures \u00e0 cylindre dans toutes les portes ext\u00e9rieures et dans le couvercle<\/li>\n<li>Syst\u00e8me de verrouillage 1 cl\u00e9 pour toutes les serrures (portes et toit de rangement)<\/li>\n<li>Charni\u00e8res en acier inoxydable sur toutes les portes et volets<\/li>\n<li>Roestvrijstalen klinknagels<\/li>\n<li>Les cloisons de s\u00e9paration en aluminium peuvent \u00eatre retir\u00e9es<\/li>\n<li>V\u00e9rins \u00e0 gaz pour l&#039;ouverture du couvercle du toit de rangement et des volets d&#039;a\u00e9ration lat\u00e9raux<\/li>\n<li>Tekst op zijkant \u00abS-Klasse voor sporthonden \u00bb<\/li>\n<li>Tube de timon incurv\u00e9 avec commande d&#039;embrayage<\/li>\n<li>Essieux \u00e0 ressort en caoutchouc souple avec suspension de roue individuelle<\/li>\n<li>Bavettes sur demande<\/li>\n<li>Lumi\u00e8re invertie<\/li>\n<li>C\u00e2blage 13 fils<\/li>\n<li>Prise europ\u00e9enne 13 broches<\/li>\n<li>Pneus larges 195\/60\/14 pour tous les essieux simples<\/li>\n<li>Roue jockey<\/li>\n<li>Scheidingswanden: De dwars op de rijrichting gemonteerde scheidingswanden zijn vast. Alle andere partities kunnen indien nodig worden verwijderd.<\/li>\n<\/ul>\n<p><a href=\"https:\/\/nl.wikipedia.org\/wiki\/Hoofdpagina\" target=\"_blank\" rel=\"noopener\"><img loading=\"lazy\" decoding=\"async\" class=\"alignnone\" title=\"SCHMIDT remorque pour chien SH-3 Maxi\" src=\"https:\/\/dogpride.nl\/wp-content\/uploads\/ahw1-2.png\" alt=\"SCHMIDT hondenaanhanger SH-3 Maxi\" width=\"241\" height=\"189\" \/><\/a><\/p>\n<p><strong>Dimensions:<\/strong><\/p>\n<p>Boxen:\u00a02 x L = 100 cm, B = 57 cm, H = 72 cm<br \/>\n1 x L = 115 cm, l = 62 cm, H = 72 cm<\/p>\n<p><img loading=\"lazy\" decoding=\"async\" class=\"alignnone size-full wp-image-132582\" src=\"https:\/\/dogpride.nl\/wp-content\/uploads\/SH-3-Maxi.jpg\" alt=\"Afmetingen SCHMIDT hondenaanhanger SH-3 Maxi\" width=\"457\" height=\"244\" srcset=\"https:\/\/dogpride.nl\/wp-content\/uploads\/SH-3-Maxi.jpg 457w, https:\/\/dogpride.nl\/wp-content\/uploads\/SH-3-Maxi-300x160.jpg 300w, https:\/\/dogpride.nl\/wp-content\/uploads\/SH-3-Maxi-18x10.jpg 18w, https:\/\/dogpride.nl\/wp-content\/uploads\/SH-3-Maxi-250x133.jpg 250w, https:\/\/dogpride.nl\/wp-content\/uploads\/SH-3-Maxi-400x214.jpg 400w\" sizes=\"auto, (max-width: 457px) 100vw, 457px\" \/><\/p>\n<p><strong>Lester:<\/strong> Simple essieu 240 Kg<br \/>\nEssieu tandem 290 Kg<\/p>\n<p><strong>Liste d&#039;options\u00a0:<\/strong><\/p>\n<p><a href=\"https:\/\/dogpride.nl\/wp-content\/uploads\/Optielijst-Schmidt.docx\">Optielijst Schmidt<\/a><\/p>\n<p><strong>Les prix ci-dessus incluent 21%Btw, AF Factory. <span style=\"color: #ff0000;\">Transportprijs naar Dinxperlo (Dogpride NL) \u20ac725,00.<\/span><\/strong><\/p>\n<p><strong>Contactez-nous par email\u00a0<span style=\"color: #ff0000;\"><a style=\"color: #ff0000;\" href=\"mailto:info@dogpride.nl\">info@dogpride.nl<\/a><\/span>\u00a0ou T\u00e9l\u00e9phone\u00a0<span style=\"color: #ff0000;\">0315655930 \/ 0638147051<\/span>\u00a0pour un devis complet<\/strong><\/p>\n<p>&nbsp;<\/p>\n<p><img loading=\"lazy\" decoding=\"async\" class=\"alignnone size-full wp-image-132575\" src=\"https:\/\/dogpride.nl\/wp-content\/uploads\/Logo-SCHMIDT-4.png\" alt=\"Logo Schmidt\" width=\"276\" height=\"117\" srcset=\"https:\/\/dogpride.nl\/wp-content\/uploads\/Logo-SCHMIDT-4.png 276w, https:\/\/dogpride.nl\/wp-content\/uploads\/Logo-SCHMIDT-4-18x8.png 18w, https:\/\/dogpride.nl\/wp-content\/uploads\/Logo-SCHMIDT-4-250x106.png 250w\" sizes=\"auto, (max-width: 276px) 100vw, 276px\" \/><\/p>","protected":false},"excerpt":{"rendered":"<p>Remorque pour chiens SCHMIDT SH-3 Maxi. Remorque 3 compartiments avec toit de rangement et \u00e9quipement exclusif.<\/p>","protected":false},"featured_media":44493,"template":"","meta":[],"product_brand":[],"product_cat":[1292],"product_tag":[5928,9017,5932,3411,5115,9015,9016],"class_list":{"0":"post-6695","1":"product","2":"type-product","3":"status-publish","4":"has-post-thumbnail","6":"product_cat-schmidt-hondenaanhangers","7":"product_tag-3-vaks","8":"product_tag-dubbele-assen","9":"product_tag-hondenaanhanger","10":"product_tag-maxi","11":"product_tag-schmidt","12":"product_tag-sh-3","13":"product_tag-tandemasser","15":"first","16":"instock","17":"taxable","18":"shipping-taxable","19":"purchasable","20":"product-type-variable"},"mb":[],"mfb_rest_fields":["title"],"_links":{"self":[{"href":"https:\/\/dogpride.nl\/fr\/wp-json\/wp\/v2\/product\/6695","targetHints":{"allow":["GET"]}}],"collection":[{"href":"https:\/\/dogpride.nl\/fr\/wp-json\/wp\/v2\/product"}],"about":[{"href":"https:\/\/dogpride.nl\/fr\/wp-json\/wp\/v2\/types\/product"}],"wp:featuredmedia":[{"embeddable":true,"href":"https:\/\/dogpride.nl\/fr\/wp-json\/wp\/v2\/media\/44493"}],"wp:attachment":[{"href":"https:\/\/dogpride.nl\/fr\/wp-json\/wp\/v2\/media?parent=6695"}],"wp:term":[{"taxonomy":"product_brand","embeddable":true,"href":"https:\/\/dogpride.nl\/fr\/wp-json\/wp\/v2\/product_brand?post=6695"},{"taxonomy":"product_cat","embeddable":true,"href":"https:\/\/dogpride.nl\/fr\/wp-json\/wp\/v2\/product_cat?post=6695"},{"taxonomy":"product_tag","embeddable":true,"href":"https:\/\/dogpride.nl\/fr\/wp-json\/wp\/v2\/product_tag?post=6695"}],"curies":[{"name":"wp","href":"https:\/\/api.w.org\/{rel}","templated":true}]}}