{"id":6614,"date":"2020-11-25T08:51:04","date_gmt":"2020-11-25T07:51:04","guid":{"rendered":"https:\/\/dogpride1.wpengine.com\/?post_type=product&#038;p=6614"},"modified":"2025-11-16T11:44:47","modified_gmt":"2025-11-16T10:44:47","slug":"gappay-trainingsvest-profi-unisex","status":"publish","type":"product","link":"https:\/\/dogpride.nl\/fr\/gappay-trainingsvest-profi-unisex\/","title":{"rendered":"GAPPAY Gilet d&#039;entra\u00eenement PROFI Unisexe"},"content":{"rendered":"<h4>GAPPAY Gilet d&#039;entra\u00eenement PROFI Unisexe<\/h4>\n<p>GAPPAY Gilet d&#039;entra\u00eenement PROFI Unisexe<\/p>\n<ul>\n<li>Le gilet est en nylon l\u00e9ger<br \/>\nTr\u00e8s bien fait<br \/>\nConfortable \u00e0 porter<br \/>\nPoss\u00e8de des poches spacieuses<br \/>\nUne grande poche kangourou sur les hanches<br \/>\nDeux poches poitrine pouvant \u00eatre ferm\u00e9es<br \/>\nAnneau sur le bassin pour la ceinture<br \/>\nUne grande poche pleine longueur sur les fesses<br \/>\nLes poches sont facilement accessibles gr\u00e2ce aux coins sp\u00e9ciaux<br \/>\nMeilleure qualit\u00e9<br \/>\nNouvelles fermetures \u00e9clair<br \/>\nMat\u00e9riaux am\u00e9lior\u00e9s<br \/>\nNombreuses poches spacieuses sur le devant<br \/>\nPoches poitrine verrouillables<br \/>\nMat\u00e9riau tr\u00e8s r\u00e9sistant \u00e0 l&#039;usure<br \/>\nHydrofuge<br \/>\nTr\u00e8s respirant<br \/>\nR\u00e9sistant aux rayures<br \/>\n<strong>Ce mod\u00e8le est unisexe<\/strong><\/li>\n<\/ul>\n<p><img loading=\"lazy\" decoding=\"async\" class=\"alignnone size-full wp-image-88179\" src=\"https:\/\/www.dogpride.nl\/wp-content\/uploads\/Tabelle-1590-en-1597.jpg\" alt=\"GAPPAY Trainingsvest PROFI Unisex\" width=\"600\" height=\"600\" srcset=\"https:\/\/dogpride.nl\/wp-content\/uploads\/Tabelle-1590-en-1597.jpg 600w, https:\/\/dogpride.nl\/wp-content\/uploads\/Tabelle-1590-en-1597-250x250.jpg 250w, https:\/\/dogpride.nl\/wp-content\/uploads\/Tabelle-1590-en-1597-100x100.jpg 100w, https:\/\/dogpride.nl\/wp-content\/uploads\/Tabelle-1590-en-1597-400x400.jpg 400w, https:\/\/dogpride.nl\/wp-content\/uploads\/Tabelle-1590-en-1597-300x300.jpg 300w, https:\/\/dogpride.nl\/wp-content\/uploads\/Tabelle-1590-en-1597-150x150.jpg 150w, https:\/\/dogpride.nl\/wp-content\/uploads\/Tabelle-1590-en-1597-66x66.jpg 66w, https:\/\/dogpride.nl\/wp-content\/uploads\/Tabelle-1590-en-1597-200x200.jpg 200w\" sizes=\"auto, (max-width: 600px) 100vw, 600px\" \/><\/p>\n<p><a href=\"https:\/\/dogpride.nl\/fr\/gappay-trainingsvest-profi-unisex\/\"><img loading=\"lazy\" decoding=\"async\" class=\"alignnone wp-image-137255\" src=\"https:\/\/dogpride.nl\/wp-content\/uploads\/GAPPAY-Trainingsvest-PROFI-Unisex.jpg\" alt=\"GAPPAY Trainingsvest PROFI Unisex\" width=\"210\" height=\"210\" srcset=\"https:\/\/dogpride.nl\/wp-content\/uploads\/GAPPAY-Trainingsvest-PROFI-Unisex.jpg 600w, https:\/\/dogpride.nl\/wp-content\/uploads\/GAPPAY-Trainingsvest-PROFI-Unisex-300x300.jpg 300w, https:\/\/dogpride.nl\/wp-content\/uploads\/GAPPAY-Trainingsvest-PROFI-Unisex-150x150.jpg 150w, https:\/\/dogpride.nl\/wp-content\/uploads\/GAPPAY-Trainingsvest-PROFI-Unisex-12x12.jpg 12w, https:\/\/dogpride.nl\/wp-content\/uploads\/GAPPAY-Trainingsvest-PROFI-Unisex-250x250.jpg 250w, https:\/\/dogpride.nl\/wp-content\/uploads\/GAPPAY-Trainingsvest-PROFI-Unisex-400x400.jpg 400w, https:\/\/dogpride.nl\/wp-content\/uploads\/GAPPAY-Trainingsvest-PROFI-Unisex-100x100.jpg 100w\" sizes=\"auto, (max-width: 210px) 100vw, 210px\" \/><\/a><\/p>\n<p><a href=\"https:\/\/www.gappay-hundesport.com\/en\" target=\"_blank\" rel=\"noopener\"><img loading=\"lazy\" decoding=\"async\" class=\"alignnone wp-image-142913 size-medium\" src=\"https:\/\/dogpride.nl\/wp-content\/uploads\/gappay_logo-4-300x63.jpg\" alt=\"Logo Gappay\" width=\"300\" height=\"63\" srcset=\"https:\/\/dogpride.nl\/wp-content\/uploads\/gappay_logo-4-300x63.jpg 300w, https:\/\/dogpride.nl\/wp-content\/uploads\/gappay_logo-4-18x4.jpg 18w, https:\/\/dogpride.nl\/wp-content\/uploads\/gappay_logo-4-250x52.jpg 250w, https:\/\/dogpride.nl\/wp-content\/uploads\/gappay_logo-4.jpg 305w\" sizes=\"auto, (max-width: 300px) 100vw, 300px\" \/><\/a><\/p>","protected":false},"excerpt":{"rendered":"<p>Gilet d&#039;entra\u00eenement PROFI Unisexe. Le gilet est fait d&#039;un mat\u00e9riau en nylon l\u00e9ger. Confortable \u00e0 porter. Une grande poche kangourou sur les hanches. Deux poches poitrine pouvant \u00eatre ferm\u00e9es.<\/p>","protected":false},"featured_media":88181,"template":"","meta":[],"product_brand":[],"product_cat":[3875],"product_tag":[3331,7503,4144,4763],"class_list":{"0":"post-6614","1":"product","2":"type-product","3":"status-publish","4":"has-post-thumbnail","6":"product_cat-gappay-trainingsvesten","7":"product_tag-gappay","8":"product_tag-profi","9":"product_tag-trainingsvest","10":"product_tag-unisex","12":"first","13":"instock","14":"taxable","15":"shipping-taxable","16":"purchasable","17":"product-type-variable"},"mb":[],"mfb_rest_fields":["title"],"_links":{"self":[{"href":"https:\/\/dogpride.nl\/fr\/wp-json\/wp\/v2\/product\/6614","targetHints":{"allow":["GET"]}}],"collection":[{"href":"https:\/\/dogpride.nl\/fr\/wp-json\/wp\/v2\/product"}],"about":[{"href":"https:\/\/dogpride.nl\/fr\/wp-json\/wp\/v2\/types\/product"}],"wp:featuredmedia":[{"embeddable":true,"href":"https:\/\/dogpride.nl\/fr\/wp-json\/wp\/v2\/media\/88181"}],"wp:attachment":[{"href":"https:\/\/dogpride.nl\/fr\/wp-json\/wp\/v2\/media?parent=6614"}],"wp:term":[{"taxonomy":"product_brand","embeddable":true,"href":"https:\/\/dogpride.nl\/fr\/wp-json\/wp\/v2\/product_brand?post=6614"},{"taxonomy":"product_cat","embeddable":true,"href":"https:\/\/dogpride.nl\/fr\/wp-json\/wp\/v2\/product_cat?post=6614"},{"taxonomy":"product_tag","embeddable":true,"href":"https:\/\/dogpride.nl\/fr\/wp-json\/wp\/v2\/product_tag?post=6614"}],"curies":[{"name":"wp","href":"https:\/\/api.w.org\/{rel}","templated":true}]}}