{"id":6612,"date":"2020-11-25T08:42:30","date_gmt":"2020-11-25T07:42:30","guid":{"rendered":"https:\/\/dogpride1.wpengine.com\/?post_type=product&#038;p=6612"},"modified":"2025-11-16T11:45:34","modified_gmt":"2025-11-16T10:45:34","slug":"gappay-balldropsysteem-fontana","status":"publish","type":"product","link":"https:\/\/dogpride.nl\/fr\/gappay-balldropsysteem-fontana\/","title":{"rendered":"Syst\u00e8me GAPPAY Balldrop FONTANA"},"content":{"rendered":"<h4>Syst\u00e8me GAPPAY Balldrop FONTANA<\/h4>\n<ul>\n<li>Livraison sans cordon<\/li>\n<li><strong>Veuillez commander le cordon s\u00e9par\u00e9ment en fonction de la taille<\/strong><\/li>\n<li>Gobelet avec syst\u00e8me aimant\u00e9<\/li>\n<li>Ouverture au moyen d&#039;un cordon de serrage, qui est fix\u00e9 dans la veste<\/li>\n<\/ul>\n<p>Convient au gilet d&#039;entra\u00eenement PROFI avec balldrop<\/p>\n<p><a href=\"https:\/\/www.gappay-hundesport.com\/en\" target=\"_blank\" rel=\"noopener\"><img loading=\"lazy\" decoding=\"async\" class=\"alignnone wp-image-142913 size-medium\" src=\"https:\/\/dogpride.nl\/wp-content\/uploads\/gappay_logo-4-300x63.jpg\" alt=\"Logo Gappay\" width=\"300\" height=\"63\" srcset=\"https:\/\/dogpride.nl\/wp-content\/uploads\/gappay_logo-4-300x63.jpg 300w, https:\/\/dogpride.nl\/wp-content\/uploads\/gappay_logo-4-18x4.jpg 18w, https:\/\/dogpride.nl\/wp-content\/uploads\/gappay_logo-4-250x52.jpg 250w, https:\/\/dogpride.nl\/wp-content\/uploads\/gappay_logo-4.jpg 305w\" sizes=\"auto, (max-width: 300px) 100vw, 300px\" \/><\/a><\/p>\n<p><a href=\"https:\/\/dogpride.nl\/fr\/kleding\/trainingsvesten\/gappay-trainingsvesten\/\"><img loading=\"lazy\" decoding=\"async\" class=\"alignnone\" title=\"Syst\u00e8me GAPPAY Balldrop FONTANA\" src=\"https:\/\/dogpride.nl\/wp-content\/uploads\/3231-5f4bc4a804d81-150x150.jpg\" alt=\"GAPPAY Balldropsysteem FONTANA\" width=\"150\" height=\"150\" \/><\/a><\/p>","protected":false},"excerpt":{"rendered":"<p>Syst\u00e8me de chute de balle FONTANA. Convient au gilet d&#039;entra\u00eenement PROFI avec balldrop. Gobelet avec syst\u00e8me aimant\u00e9. Ouverture au moyen d&#039;un cordon de serrage, qui est fix\u00e9 dans la veste.<\/p>","protected":false},"featured_media":22427,"template":"","meta":[],"product_brand":[],"product_cat":[3875],"product_tag":[],"class_list":{"0":"post-6612","1":"product","2":"type-product","3":"status-publish","4":"has-post-thumbnail","6":"product_cat-gappay-trainingsvesten","8":"first","9":"instock","10":"taxable","11":"shipping-taxable","12":"purchasable","13":"product-type-simple"},"exclude_global_add_ons":[],"addons":[],"mb":[],"mfb_rest_fields":["title","exclude_global_add_ons","addons"],"_links":{"self":[{"href":"https:\/\/dogpride.nl\/fr\/wp-json\/wp\/v2\/product\/6612","targetHints":{"allow":["GET"]}}],"collection":[{"href":"https:\/\/dogpride.nl\/fr\/wp-json\/wp\/v2\/product"}],"about":[{"href":"https:\/\/dogpride.nl\/fr\/wp-json\/wp\/v2\/types\/product"}],"wp:featuredmedia":[{"embeddable":true,"href":"https:\/\/dogpride.nl\/fr\/wp-json\/wp\/v2\/media\/22427"}],"wp:attachment":[{"href":"https:\/\/dogpride.nl\/fr\/wp-json\/wp\/v2\/media?parent=6612"}],"wp:term":[{"taxonomy":"product_brand","embeddable":true,"href":"https:\/\/dogpride.nl\/fr\/wp-json\/wp\/v2\/product_brand?post=6612"},{"taxonomy":"product_cat","embeddable":true,"href":"https:\/\/dogpride.nl\/fr\/wp-json\/wp\/v2\/product_cat?post=6612"},{"taxonomy":"product_tag","embeddable":true,"href":"https:\/\/dogpride.nl\/fr\/wp-json\/wp\/v2\/product_tag?post=6612"}],"curies":[{"name":"wp","href":"https:\/\/api.w.org\/{rel}","templated":true}]}}