{"id":6596,"date":"2020-11-24T15:02:20","date_gmt":"2020-11-24T14:02:20","guid":{"rendered":"https:\/\/dogpride1.wpengine.com\/?post_type=product&#038;p=6596"},"modified":"2025-11-02T15:03:33","modified_gmt":"2025-11-02T14:03:33","slug":"gappay-heren-softshell-jas-reflex-blauw","status":"publish","type":"product","link":"https:\/\/dogpride.nl\/fr\/gappay-heren-softshell-jas-reflex-blauw\/","title":{"rendered":"GAPPAY Veste Softshell Homme Reflex Bleu"},"content":{"rendered":"<h4>GAPPAY Veste Softshell Homme Reflex Bleu<\/h4>\n<p>GAPPAY Veste Softshell Homme Reflex Bleu<\/p>\n<ul>\n<li>Veste softshell coupe homme<\/li>\n<li>Veste \u00e0 la coupe moderne<\/li>\n<li>L&#039;imprim\u00e9 r\u00e9fl\u00e9chissant brille dans le noir<\/li>\n<li>Le mat\u00e9riau softshell offre un confort de port doux et doux<\/li>\n<li>Facile \u00e0 nettoyer<\/li>\n<li>Respirant gr\u00e2ce \u00e0 la membrane<\/li>\n<li>Avec capuche<\/li>\n<li>Ceinture souple<\/li>\n<li>Logo sur le bras<\/li>\n<li>Deux poches sur les hanches et une poche poitrine zipp\u00e9e<\/li>\n<li>Coutures tiss\u00e9es douces<\/li>\n<\/ul>\n<p><a href=\"https:\/\/www.gappay-hundesport.com\/en\" target=\"_blank\" rel=\"noopener\"><img loading=\"lazy\" decoding=\"async\" class=\"alignnone wp-image-140050 size-full\" src=\"https:\/\/dogpride.nl\/wp-content\/uploads\/gappay_logo.jpg\" alt=\"gappay_logo\" width=\"305\" height=\"64\" srcset=\"https:\/\/dogpride.nl\/wp-content\/uploads\/gappay_logo.jpg 305w, https:\/\/dogpride.nl\/wp-content\/uploads\/gappay_logo-300x63.jpg 300w, https:\/\/dogpride.nl\/wp-content\/uploads\/gappay_logo-18x4.jpg 18w, https:\/\/dogpride.nl\/wp-content\/uploads\/gappay_logo-250x52.jpg 250w\" sizes=\"auto, (max-width: 305px) 100vw, 305px\" \/><\/a><\/p>\n<p><a href=\"https:\/\/dogpride.nl\/fr\/kleding\/jassen\/gappay-jassen\/\"><img loading=\"lazy\" decoding=\"async\" class=\"alignnone\" title=\"GAPPAY Veste Softshell Homme Reflex Bleu\" src=\"https:\/\/dogpride.nl\/wp-content\/uploads\/1546-B-Softshell-jacket-REFLEX-man-dark-blue-back--150x150.jpg\" alt=\"GAPPAY Heren Softshell jas Reflex Blauw\" width=\"150\" height=\"150\" \/><\/a><\/p>","protected":false},"excerpt":{"rendered":"<p>Veste softshell coupe homme. Veste \u00e0 la coupe moderne. L&#039;imprim\u00e9 r\u00e9fl\u00e9chissant brille dans le noir. Le mat\u00e9riau softshell offre un confort de port doux et doux. Respirant gr\u00e2ce \u00e0 la membrane.<\/p>","protected":false},"featured_media":44275,"template":"","meta":[],"product_brand":[],"product_cat":[3857],"product_tag":[],"class_list":{"0":"post-6596","1":"product","2":"type-product","3":"status-publish","4":"has-post-thumbnail","6":"product_cat-gappay-jassen","8":"first","9":"instock","10":"taxable","11":"shipping-taxable","12":"purchasable","13":"product-type-variable"},"mb":[],"mfb_rest_fields":["title"],"_links":{"self":[{"href":"https:\/\/dogpride.nl\/fr\/wp-json\/wp\/v2\/product\/6596","targetHints":{"allow":["GET"]}}],"collection":[{"href":"https:\/\/dogpride.nl\/fr\/wp-json\/wp\/v2\/product"}],"about":[{"href":"https:\/\/dogpride.nl\/fr\/wp-json\/wp\/v2\/types\/product"}],"wp:featuredmedia":[{"embeddable":true,"href":"https:\/\/dogpride.nl\/fr\/wp-json\/wp\/v2\/media\/44275"}],"wp:attachment":[{"href":"https:\/\/dogpride.nl\/fr\/wp-json\/wp\/v2\/media?parent=6596"}],"wp:term":[{"taxonomy":"product_brand","embeddable":true,"href":"https:\/\/dogpride.nl\/fr\/wp-json\/wp\/v2\/product_brand?post=6596"},{"taxonomy":"product_cat","embeddable":true,"href":"https:\/\/dogpride.nl\/fr\/wp-json\/wp\/v2\/product_cat?post=6596"},{"taxonomy":"product_tag","embeddable":true,"href":"https:\/\/dogpride.nl\/fr\/wp-json\/wp\/v2\/product_tag?post=6596"}],"curies":[{"name":"wp","href":"https:\/\/api.w.org\/{rel}","templated":true}]}}