{"id":6584,"date":"2020-11-18T17:13:14","date_gmt":"2020-11-18T16:13:14","guid":{"rendered":"https:\/\/dogpride1.wpengine.com\/?post_type=product&#038;p=6584"},"modified":"2025-11-17T17:42:04","modified_gmt":"2025-11-17T16:42:04","slug":"eyenimal-nylon-halsband-met-led-rood","status":"publish","type":"product","link":"https:\/\/dogpride.nl\/fr\/eyenimal-nylon-halsband-met-led-rood\/","title":{"rendered":"Collier en nylon Eyenimal avec LED Rouge"},"content":{"rendered":"<h4>Collier en nylon Eyenimal avec LED Rouge<\/h4>\n<p>Eyenimal Light Collar - collier en nylon avec \u00e9clairage LED<\/p>\n<p><a href=\"https:\/\/dogpride.nl\/fr\/hondenhalsbanden\/led-hondenhalsbanden\/\"><img loading=\"lazy\" decoding=\"async\" class=\"alignnone\" title=\"Collier en nylon Eyenimal avec LED Rouge\" src=\"https:\/\/dogpride.nl\/wp-content\/uploads\/eyenimal-usb-light-collar2-0-1-150x150.jpg\" alt=\"Eyenimal nylon halsband met LED Rood\" width=\"150\" height=\"150\" \/><\/a><\/p>\n<p>\u2013 fixation facile et rapide gr\u00e2ce \u00e0 la fermeture \u00e0 clic pratique<br \/>\n\u2013 2 fonctions : clignotant ou lumi\u00e8re fixe<br \/>\n\u2013 autonomie de la batterie environ 10 heures<br \/>\n\u2013 mat\u00e9riau en nylon r\u00e9sistant<br \/>\n\u2013 visibilit\u00e9 jusqu&#039;\u00e0 500 m<br \/>\n- imperm\u00e9able<br \/>\n\u2013 peut \u00eatre charg\u00e9 rapidement avec par exemple le c\u00e2ble USB fourni un port USB (par exemple PC ou bloc d&#039;alimentation USB), bloc d&#039;alimentation USB non inclus.<\/p>\n<p>Couleurs : vert, bleu et rouge<br \/>\ntailles : S, M et L<br \/>\nS = 40-45 cm<br \/>\nM = 45-55cm<br \/>\nL = 55-60cm<\/p>\n<p><a href=\"https:\/\/dogpride.nl\/fr\/hondenhalsbanden\/led-hondenhalsbanden\/\"><img loading=\"lazy\" decoding=\"async\" class=\"alignnone\" title=\"Collier en nylon Eyenimal avec LED Rouge\" src=\"https:\/\/dogpride.nl\/wp-content\/uploads\/eyenimal-usb-light-collar2-0-1-150x150.jpg\" alt=\"Eyenimal nylon halsband met LED Rood\" width=\"150\" height=\"150\" \/><\/a><\/p>\n<p><span style=\"color: #ffffff;\"><a style=\"color: #ffffff;\" href=\"https:\/\/www.bol.com\/nl\/nl\/s\/?searchtext=Eyenimal+nylon+\" target=\"_blank\" rel=\"noopener\">https:\/\/www.bol.com\/nl\/nl\/s\/?searchtext=Eyenimal+nylon+<\/a><\/span><\/p>","protected":false},"excerpt":{"rendered":"<p>Collier Eyenimal en nylon avec LED Rouge. Eyenimal Light Collar - collier en nylon avec \u00e9clairage LED.<\/p>","protected":false},"featured_media":44253,"template":"","meta":[],"product_brand":[],"product_cat":[393],"product_tag":[],"class_list":{"0":"post-6584","1":"product","2":"type-product","3":"status-publish","4":"has-post-thumbnail","6":"product_cat-led-hondenhalsbanden","8":"first","9":"instock","10":"taxable","11":"shipping-taxable","12":"purchasable","13":"product-type-variable"},"mb":[],"mfb_rest_fields":["title"],"_links":{"self":[{"href":"https:\/\/dogpride.nl\/fr\/wp-json\/wp\/v2\/product\/6584","targetHints":{"allow":["GET"]}}],"collection":[{"href":"https:\/\/dogpride.nl\/fr\/wp-json\/wp\/v2\/product"}],"about":[{"href":"https:\/\/dogpride.nl\/fr\/wp-json\/wp\/v2\/types\/product"}],"wp:featuredmedia":[{"embeddable":true,"href":"https:\/\/dogpride.nl\/fr\/wp-json\/wp\/v2\/media\/44253"}],"wp:attachment":[{"href":"https:\/\/dogpride.nl\/fr\/wp-json\/wp\/v2\/media?parent=6584"}],"wp:term":[{"taxonomy":"product_brand","embeddable":true,"href":"https:\/\/dogpride.nl\/fr\/wp-json\/wp\/v2\/product_brand?post=6584"},{"taxonomy":"product_cat","embeddable":true,"href":"https:\/\/dogpride.nl\/fr\/wp-json\/wp\/v2\/product_cat?post=6584"},{"taxonomy":"product_tag","embeddable":true,"href":"https:\/\/dogpride.nl\/fr\/wp-json\/wp\/v2\/product_tag?post=6584"}],"curies":[{"name":"wp","href":"https:\/\/api.w.org\/{rel}","templated":true}]}}