{"id":6581,"date":"2020-11-13T13:37:07","date_gmt":"2020-11-13T12:37:07","guid":{"rendered":"https:\/\/dogpride1.wpengine.com\/?post_type=product&#038;p=6581"},"modified":"2025-11-19T12:56:12","modified_gmt":"2025-11-19T11:56:12","slug":"niggeloh-halsband-trail-rood-geel","status":"publish","type":"product","link":"https:\/\/dogpride.nl\/fr\/niggeloh-halsband-trail-rood-geel\/","title":{"rendered":"Collier Niggeloh TRAIL Rouge\/Jaune"},"content":{"rendered":"<h4>Collier Niggeloh TRAIL Rouge\/Jaune<\/h4>\n<p>Avec tous les \u00e9l\u00e9ments du c\u00e9l\u00e8bre collier Niggeloh, qui a fait ses preuves depuis des ann\u00e9es.<br \/>\nCompl\u00e9t\u00e9 avec une lib\u00e9ration rapide : nouvellement con\u00e7u, tr\u00e8s stable et facile \u00e0 utiliser.<br \/>\nUne traction sur le manchon de verrouillage ouvre le collier et lib\u00e8re le chien. SANS le d\u00e9ranger !<\/p>\n<p>Disponible en 3 tailles :<br \/>\nXS : plage de r\u00e9glage 30 \u00e0 40 cm<br \/>\nS : plage de r\u00e9glage 40 \u00e0 50 cm<br \/>\nM : plage de r\u00e9glage 48 \u00e0 60 cm<\/p>\n<p><a href=\"https:\/\/dogpride.nl\/fr\/hondenhalsbanden\/niggeloh-hondenhalsbanden\/\"><img loading=\"lazy\" decoding=\"async\" class=\"alignnone\" title=\"Collier Niggeloh TRAIL Rouge\/Jaune\" src=\"https:\/\/dogpride.nl\/wp-content\/uploads\/niggeloh-schweishalsung-trail-2-150x150.jpg\" alt=\"Niggeloh halsband TRAIL Rood\/Geel\" width=\"150\" height=\"150\" \/><\/a><\/p>\n<p>&nbsp;<\/p>\n<p><a href=\"https:\/\/www.niggeloh.de\/en\/home.html\" target=\"_blank\" rel=\"noopener\"><img loading=\"lazy\" decoding=\"async\" class=\"alignnone wp-image-70909 size-full\" src=\"https:\/\/dogpride.nl\/wp-content\/uploads\/logo_niggeloh.png\" alt=\"\" width=\"196\" height=\"90\" \/><\/a><\/p>","protected":false},"excerpt":{"rendered":"<p>Collier Niggeloh TRAIL Rouge\/Jaune. Avec tous les \u00e9l\u00e9ments du c\u00e9l\u00e8bre collier Niggeloh, qui a fait ses preuves depuis des ann\u00e9es.<\/p>","protected":false},"featured_media":22419,"template":"","meta":[],"product_brand":[],"product_cat":[1050],"product_tag":[],"class_list":{"0":"post-6581","1":"product","2":"type-product","3":"status-publish","4":"has-post-thumbnail","6":"product_cat-niggeloh-hondenhalsbanden","8":"first","9":"instock","10":"taxable","11":"shipping-taxable","12":"purchasable","13":"product-type-variable"},"mb":[],"mfb_rest_fields":["title"],"_links":{"self":[{"href":"https:\/\/dogpride.nl\/fr\/wp-json\/wp\/v2\/product\/6581","targetHints":{"allow":["GET"]}}],"collection":[{"href":"https:\/\/dogpride.nl\/fr\/wp-json\/wp\/v2\/product"}],"about":[{"href":"https:\/\/dogpride.nl\/fr\/wp-json\/wp\/v2\/types\/product"}],"wp:featuredmedia":[{"embeddable":true,"href":"https:\/\/dogpride.nl\/fr\/wp-json\/wp\/v2\/media\/22419"}],"wp:attachment":[{"href":"https:\/\/dogpride.nl\/fr\/wp-json\/wp\/v2\/media?parent=6581"}],"wp:term":[{"taxonomy":"product_brand","embeddable":true,"href":"https:\/\/dogpride.nl\/fr\/wp-json\/wp\/v2\/product_brand?post=6581"},{"taxonomy":"product_cat","embeddable":true,"href":"https:\/\/dogpride.nl\/fr\/wp-json\/wp\/v2\/product_cat?post=6581"},{"taxonomy":"product_tag","embeddable":true,"href":"https:\/\/dogpride.nl\/fr\/wp-json\/wp\/v2\/product_tag?post=6581"}],"curies":[{"name":"wp","href":"https:\/\/api.w.org\/{rel}","templated":true}]}}