{"id":6557,"date":"2020-11-12T12:54:22","date_gmt":"2020-11-12T11:54:22","guid":{"rendered":"https:\/\/dogpride1.wpengine.com\/?post_type=product&#038;p=6557"},"modified":"2025-12-22T11:51:10","modified_gmt":"2025-12-22T10:51:10","slug":"niggeloh-harnas-follow-trail","status":"publish","type":"product","link":"https:\/\/dogpride.nl\/fr\/niggeloh-harnas-follow-trail\/","title":{"rendered":"Harnais Niggeloh Follow TRAIL"},"content":{"rendered":"<h4>Harnais Niggeloh Follow TRAIL<\/h4>\n<p>Harnais Niggeloh Follow TRAIL<\/p>\n<div id=\"resulttxt\" class=\"mt-translation-content\">\n<p>La famille Follow, universelle et adapt\u00e9e \u00e0 chaque t\u00e2che et situation du chien, s&#039;agrandit. Notamment avec le mod\u00e8le Follow TRAIL,<br \/>\n<strong>LE harnais Niggeloh Follow TRAIL pour les sp\u00e9cialistes et les professionnels du track and trace, un pur harnais de travail.<\/strong><\/p>\n<p><a href=\"https:\/\/dogpride.nl\/fr\/\"><img loading=\"lazy\" decoding=\"async\" class=\"alignnone\" title=\"Harnais Niggeloh Follow TRAIL\" src=\"https:\/\/dogpride.nl\/wp-content\/uploads\/niggeloh-geschirr-follow-trail-m.jpg\" alt=\"Niggeloh harnas Follow TRAIL\" width=\"200\" height=\"200\" \/><\/a><\/p>\n<ul>\n<li>TRAIL = la piste, la piste \u2013 le nom est \u00e0 la fois un programme et une fonction. Co-d\u00e9velopp\u00e9 et test\u00e9 par des sp\u00e9cialistes de la station canine du sud de la For\u00eat-Noire et fabriqu\u00e9 \u00e0 la main en Allemagne, il contribue aux meilleures performances du chien.<\/li>\n<li>Follow TRAIL - se sent comme une seconde peau.<\/li>\n<li>Dynamique et \u00e9lastique, il permet un mouvement profond libre et sans entrave avec le nez jusqu&#039;\u00e0 la fin de la piste.<\/li>\n<li>Mat\u00e9riaux robustes et confortables : n\u00e9opr\u00e8ne, Cordura et sangle. La couleur rouge signal-jaune signal offre une connexion visuelle optimale entre le ma\u00eetre et le chien.<\/li>\n<li>Pivot en laiton massif<\/li>\n<\/ul>\n<p>Tableau des tailles:<\/p>\n<p>M = tour de cou environ 49 cm plage de r\u00e9glage de la ceinture de hanche 54-91 cm<br \/>\nL = tour de cou environ 60 cm plage de r\u00e9glage de la ceinture de hanche 54-91 cm<\/p>\n<\/div>\n<div><\/div>\n<div><iframe loading=\"lazy\" src=\"\/\/www.youtube.com\/embed\/s2OXbZHQCQE\" width=\"560\" height=\"314\" allowfullscreen=\"allowfullscreen\"><\/iframe><\/div>\n<div><a href=\"https:\/\/dogpride.nl\/fr\/\"><img loading=\"lazy\" decoding=\"async\" class=\"alignnone\" title=\"Harnais Niggeloh Follow TRAIL\" src=\"https:\/\/dogpride.nl\/wp-content\/uploads\/niggeloh-geschirr-follow-trail-m.jpg\" alt=\"Niggeloh harnas Follow TRAIL\" width=\"200\" height=\"200\" \/><\/a><\/div>\n<div><\/div>\n<div><a href=\"https:\/\/www.niggeloh.de\/en\/home.html\" target=\"_blank\" rel=\"noopener\"><img loading=\"lazy\" decoding=\"async\" class=\"alignnone wp-image-70909 size-full\" src=\"https:\/\/dogpride.nl\/wp-content\/uploads\/logo_niggeloh.png\" alt=\"\" width=\"196\" height=\"90\" \/><\/a><\/div>","protected":false},"excerpt":{"rendered":"<p>La famille Follow, universelle et adapt\u00e9e \u00e0 chaque t\u00e2che et situation du chien, s&#039;agrandit. Notamment avec le mod\u00e8le Follow TRAIL <strong>pour les sp\u00e9cialistes et les professionnels du track and trace, un pur harnais de travail.<\/strong><\/p>","protected":false},"featured_media":22402,"template":"","meta":[],"product_brand":[],"product_cat":[1909],"product_tag":[15788,15787,15785,4094,15783,15782,15789,10817,15784,15786],"class_list":{"0":"post-6557","1":"product","2":"type-product","3":"status-publish","4":"has-post-thumbnail","6":"product_cat-niggeloh-hondentuigjes","7":"product_tag-comfort-harnas-hond","8":"product_tag-duurzaam-hondentuig","9":"product_tag-hondenjachtuitrusting","10":"product_tag-hondentuig","11":"product_tag-jachtharnas","12":"product_tag-niggeloh-harnas","13":"product_tag-niggeloh-tuig","14":"product_tag-outdoor-hondenuitrusting","15":"product_tag-premium-hondentuig","16":"product_tag-verstelbaar-harnas","18":"first","19":"instock","20":"taxable","21":"shipping-taxable","22":"purchasable","23":"product-type-variable"},"mb":[],"mfb_rest_fields":["title"],"_links":{"self":[{"href":"https:\/\/dogpride.nl\/fr\/wp-json\/wp\/v2\/product\/6557","targetHints":{"allow":["GET"]}}],"collection":[{"href":"https:\/\/dogpride.nl\/fr\/wp-json\/wp\/v2\/product"}],"about":[{"href":"https:\/\/dogpride.nl\/fr\/wp-json\/wp\/v2\/types\/product"}],"wp:featuredmedia":[{"embeddable":true,"href":"https:\/\/dogpride.nl\/fr\/wp-json\/wp\/v2\/media\/22402"}],"wp:attachment":[{"href":"https:\/\/dogpride.nl\/fr\/wp-json\/wp\/v2\/media?parent=6557"}],"wp:term":[{"taxonomy":"product_brand","embeddable":true,"href":"https:\/\/dogpride.nl\/fr\/wp-json\/wp\/v2\/product_brand?post=6557"},{"taxonomy":"product_cat","embeddable":true,"href":"https:\/\/dogpride.nl\/fr\/wp-json\/wp\/v2\/product_cat?post=6557"},{"taxonomy":"product_tag","embeddable":true,"href":"https:\/\/dogpride.nl\/fr\/wp-json\/wp\/v2\/product_tag?post=6557"}],"curies":[{"name":"wp","href":"https:\/\/api.w.org\/{rel}","templated":true}]}}