{"id":6485,"date":"2020-11-09T12:00:20","date_gmt":"2020-11-09T11:00:20","guid":{"rendered":"https:\/\/dogpride1.wpengine.com\/?post_type=product&#038;p=6485"},"modified":"2025-10-23T14:02:07","modified_gmt":"2025-10-23T12:02:07","slug":"k9-factory-franse-broek","status":"publish","type":"product","link":"https:\/\/dogpride.nl\/fr\/k9-factory-franse-broek\/","title":{"rendered":"K9 Factory Pantalon Fran\u00e7ais"},"content":{"rendered":"<h1><span style=\"font-size: 10pt;\">K9 Factory Pantalon Fran\u00e7ais<\/span><\/h1>\n<p>Le pantalon fran\u00e7ais K9 Factory est fabriqu\u00e9 dans un tissu r\u00e9sistant \u00e0 la d\u00e9chirure en coton et nylon (Nylcot).<br \/>\nLe costume est fourni avec du feutre sp\u00e9cial et fini \u00e0 l&#039;int\u00e9rieur avec du lin.<br \/>\nNos combinaisons garantissent la meilleure libert\u00e9 de mouvement et la meilleure protection.<br \/>\nLe pantalon a une fermeture avec des boucles ou une fermeture \u00e0 clic sur les hanches.<\/p>\n<p>Couleur : noir, bleu marine, vert, rouge<\/p>\n<p>Taille : 48\/50\/52\/54\/56<\/p>\n<p>Si vous le souhaitez, une combinaison de morsure peut \u00eatre enti\u00e8rement personnalis\u00e9e. \u00c9crivez-nous pour les possibilit\u00e9s.<\/p>\n<p>D\u00e9lai de livraison environ 2 semaines<\/p>\n<p><a href=\"https:\/\/k9factory.aotestdomein.nl\/index.php?route=product\/product&amp;product_id=5&amp;search=Franse+Broek\" target=\"_blank\" rel=\"noopener\"><img loading=\"lazy\" decoding=\"async\" class=\"alignnone wp-image-71274 size-full\" src=\"https:\/\/dogpride.nl\/wp-content\/uploads\/Logo-K9Factory-1.png\" alt=\"\" width=\"208\" height=\"125\" srcset=\"https:\/\/dogpride.nl\/wp-content\/uploads\/Logo-K9Factory-1.png 208w, https:\/\/dogpride.nl\/wp-content\/uploads\/Logo-K9Factory-1-200x120.png 200w\" sizes=\"auto, (max-width: 208px) 100vw, 208px\" \/><\/a><\/p>\n<p><a href=\"https:\/\/dogpride.nl\/fr\/hondensport\/k9-factory\/k9-factory-bijtpakken\/\"><img loading=\"lazy\" decoding=\"async\" class=\"alignnone wp-image-138890 size-thumbnail\" title=\"K9 Factory Pantalon Fran\u00e7ais\" src=\"https:\/\/dogpride.nl\/wp-content\/uploads\/K9-Factory-Franse-Broek-150x150.jpg\" alt=\"K9 Factory Franse Broek\" width=\"150\" height=\"150\" srcset=\"https:\/\/dogpride.nl\/wp-content\/uploads\/K9-Factory-Franse-Broek-150x150.jpg 150w, https:\/\/dogpride.nl\/wp-content\/uploads\/K9-Factory-Franse-Broek-12x12.jpg 12w, https:\/\/dogpride.nl\/wp-content\/uploads\/K9-Factory-Franse-Broek-250x250.jpg 250w, https:\/\/dogpride.nl\/wp-content\/uploads\/K9-Factory-Franse-Broek-100x100.jpg 100w, https:\/\/dogpride.nl\/wp-content\/uploads\/K9-Factory-Franse-Broek.jpg 300w\" sizes=\"auto, (max-width: 150px) 100vw, 150px\" \/><\/a><a href=\"https:\/\/dogpride.nl\/fr\/hondensport\/k9-factory\/k9-factory-bijtpakken\/\"><img loading=\"lazy\" decoding=\"async\" class=\"alignnone wp-image-138890 size-thumbnail\" title=\"K9 Factory Pantalon Fran\u00e7ais\" src=\"https:\/\/dogpride.nl\/wp-content\/uploads\/K9-Factory-Franse-Broek-150x150.jpg\" alt=\"K9 Factory Franse Broek\" width=\"150\" height=\"150\" srcset=\"https:\/\/dogpride.nl\/wp-content\/uploads\/K9-Factory-Franse-Broek-150x150.jpg 150w, https:\/\/dogpride.nl\/wp-content\/uploads\/K9-Factory-Franse-Broek-12x12.jpg 12w, https:\/\/dogpride.nl\/wp-content\/uploads\/K9-Factory-Franse-Broek-250x250.jpg 250w, https:\/\/dogpride.nl\/wp-content\/uploads\/K9-Factory-Franse-Broek-100x100.jpg 100w, https:\/\/dogpride.nl\/wp-content\/uploads\/K9-Factory-Franse-Broek.jpg 300w\" sizes=\"auto, (max-width: 150px) 100vw, 150px\" \/><\/a><\/p>\n<p>&nbsp;<\/p>\n<h4 data-start=\"400\" data-end=\"479\"><strong data-start=\"405\" data-end=\"477\">K9 Factory Franse Broek \u2013 Licht, flexibel en professioneel beschermd<\/strong><\/h4>\n<p data-start=\"480\" data-end=\"853\">Le <strong data-start=\"483\" data-end=\"510\">K9 Factory Pantalon Fran\u00e7ais<\/strong> is ontworpen voor pakwerkers en trainers die <strong data-start=\"556\" data-end=\"592\">bescherming en bewegingsvrijheid<\/strong> willen combineren.<br data-start=\"611\" data-end=\"614\" \/>Gebaseerd op het traditionele Franse model, biedt deze broek <strong data-start=\"675\" data-end=\"708\">lichte, flexibele bescherming<\/strong> die zich aanpast aan de beweging van de drager.<br data-start=\"756\" data-end=\"759\" \/>Ideaal voor intensieve trainingen, wedstrijden en professioneel gebruik binnen de hondensport.<\/p>\n<h4 data-start=\"855\" data-end=\"902\"><strong data-start=\"860\" data-end=\"900\">Franse stijl, K9 Factory vakmanschap<\/strong><\/h4>\n<p data-start=\"903\" data-end=\"1364\">Le <strong data-start=\"906\" data-end=\"929\">Franse pakwerkstijl<\/strong> staat wereldwijd bekend om zijn <strong data-start=\"962\" data-end=\"1017\">wendbaarheid en balans tussen comfort en veiligheid<\/strong>.<br data-start=\"1018\" data-end=\"1021\" \/>Le <strong data-start=\"1024\" data-end=\"1051\">K9 Factory Pantalon Fran\u00e7ais<\/strong> volgt die filosofie: een stevige buitenlaag voor bescherming, gecombineerd met <strong data-start=\"1131\" data-end=\"1172\">strategisch geplaatste dempende lagen<\/strong> die impact absorberen zonder extra gewicht toe te voegen.<br data-start=\"1230\" data-end=\"1233\" \/>Het resultaat is een broek die licht aanvoelt, maar uitzonderlijk goed beschermt \u2013 perfect voor realistisch en technisch pakwerk.<\/p>\n<p data-start=\"1366\" data-end=\"1514\">Elke broek wordt met zorg vervaardigd uit <strong data-start=\"1408\" data-end=\"1443\">slijtvaste, ademende materialen<\/strong> die bestand zijn tegen herhaald gebruik in de zwaarste omstandigheden.<\/p>\n<h4 data-start=\"1516\" data-end=\"1559\"><strong data-start=\"1521\" data-end=\"1557\">Ontworpen voor intensief gebruik<\/strong><\/h4>\n<p data-start=\"1560\" data-end=\"2083\">Le <strong data-start=\"1563\" data-end=\"1590\">K9 Factory Pantalon Fran\u00e7ais<\/strong> heeft een <strong data-start=\"1601\" data-end=\"1625\">ergonomische pasvorm<\/strong> die optimale bewegingsvrijheid biedt bij rennen, draaien en duwen.<br data-start=\"1692\" data-end=\"1695\" \/>De verstelbare schouderbanden en stevige sluitingen zorgen voor een stabiele pasvorm, zodat de broek goed blijft zitten tijdens de training.<br data-start=\"1835\" data-end=\"1838\" \/>Gr\u00e2ce \u00e0 <strong data-start=\"1849\" data-end=\"1869\">versterkte naden<\/strong> et <strong data-start=\"1873\" data-end=\"1894\">duurzame stiksels<\/strong> is deze broek bestand tegen intensieve belasting en langdurig gebruik.<br data-start=\"1965\" data-end=\"1968\" \/>Of je nu werkt met jonge honden of ervaren werkhonden, deze broek biedt de juiste bescherming op het juiste moment.<\/p>\n<h4 data-start=\"2085\" data-end=\"2117\"><strong data-start=\"2090\" data-end=\"2115\">Comfort dat presteert<\/strong><\/h4>\n<p data-start=\"2118\" data-end=\"2556\">Ondanks zijn stevigheid is de <strong data-start=\"2148\" data-end=\"2164\">Franse Broek<\/strong> comfortabel om te dragen, zelfs bij lange sessies.<br data-start=\"2215\" data-end=\"2218\" \/>Le <strong data-start=\"2221\" data-end=\"2247\">ademende binnenvoering<\/strong> voert warmte en vocht af, terwijl de gewatteerde vlakken precies op de juiste plaatsen bescherming bieden.<br data-start=\"2354\" data-end=\"2357\" \/>De soepele materialen zorgen ervoor dat je volledig vrij kunt bewegen \u2013 zonder beperkingen of stijfheid.<br data-start=\"2461\" data-end=\"2464\" \/>Dat maakt de broek uitermate geschikt voor <strong data-start=\"2507\" data-end=\"2555\">actieve trainingsvormen en snelle oefeningen<\/strong>.<\/p>\n<h4 data-start=\"2558\" data-end=\"2607\"><strong data-start=\"2563\" data-end=\"2605\">K9 Factory \u2013 getest door professionals<\/strong><\/h4>\n<p data-start=\"2608\" data-end=\"2978\">Elke <strong data-start=\"2613\" data-end=\"2629\">Franse Broek<\/strong> van K9 Factory wordt ontwikkeld in samenwerking met ervaren pakwerkers en trainers uit de praktijk.<br data-start=\"2729\" data-end=\"2732\" \/>Door hun feedback en jarenlange ervaring is een product ontstaan dat <strong data-start=\"2801\" data-end=\"2841\">duurzaam, comfortabel en functioneel<\/strong> est.<br data-start=\"2845\" data-end=\"2848\" \/>De broek is niet alleen gebouwd voor prestaties, maar ook voor een lange levensduur \u2013 een investering in veiligheid en vertrouwen.<\/p>\n<h4 data-start=\"2980\" data-end=\"3001\"><strong data-start=\"2985\" data-end=\"2999\">Application<\/strong><\/h4>\n<ul data-start=\"3002\" data-end=\"3222\">\n<li data-start=\"3002\" data-end=\"3078\">\n<p data-start=\"3004\" data-end=\"3078\"><strong data-start=\"3004\" data-end=\"3036\">Pakwerkers en hondentrainers<\/strong> die veel bewegingsvrijheid nodig hebben<\/p>\n<\/li>\n<li data-start=\"3079\" data-end=\"3134\">\n<p data-start=\"3081\" data-end=\"3134\"><strong data-start=\"3081\" data-end=\"3132\">Professionele hondenscholen en opleidingscentra<\/strong><\/p>\n<\/li>\n<li data-start=\"3135\" data-end=\"3222\">\n<p data-start=\"3137\" data-end=\"3222\"><strong data-start=\"3137\" data-end=\"3188\">Sporters in het Franse pakwerk en KNPV-trainers<\/strong> die licht en snel willen werken<\/p>\n<\/li>\n<\/ul>\n<h4 data-start=\"3224\" data-end=\"3267\"><strong data-start=\"3229\" data-end=\"3265\">Flexibel, sterk en professioneel<\/strong><\/h4>\n<p data-start=\"3268\" data-end=\"3572\">Le <strong data-start=\"3271\" data-end=\"3298\">K9 Factory Pantalon Fran\u00e7ais<\/strong> biedt alles wat je van een professioneel pakwerkproduct mag verwachten:<br data-start=\"3370\" data-end=\"3373\" \/>een licht ontwerp, betrouwbare bescherming en onovertroffen bewegingsvrijheid.<br data-start=\"3451\" data-end=\"3454\" \/>Perfect te combineren met de <strong data-start=\"3483\" data-end=\"3522\">K9 Factory Franse Jas met Armhoezen<\/strong> voor een complete, uitgebalanceerde uitrusting.<\/p>\n<p data-start=\"3574\" data-end=\"3633\"><strong data-start=\"3574\" data-end=\"3633\">K9 Factory \u2013 waar bescherming en prestaties samenkomen.<\/strong><\/p>","protected":false},"excerpt":{"rendered":"<p>Le pantalon fran\u00e7ais est fait d&#039;un tissu ind\u00e9chirable en coton et nylon (Nylcot). Le costume est fourni avec du feutre sp\u00e9cial et fini \u00e0 l&#039;int\u00e9rieur avec du lin.<\/p>","protected":false},"featured_media":138890,"template":"","meta":[],"product_brand":[],"product_cat":[10282],"product_tag":[10314,6755,10313,10317,6757,10316,10315],"class_list":{"0":"post-6485","1":"product","2":"type-product","3":"status-publish","4":"has-post-thumbnail","6":"product_cat-k9-factory-bijtpakken","7":"product_tag-bijtjas","8":"product_tag-bijtpak","9":"product_tag-franspak","10":"product_tag-freestyle","11":"product_tag-knpv","12":"product_tag-mondio-ring","13":"product_tag-mondioring","15":"first","16":"instock","17":"taxable","18":"shipping-taxable","19":"purchasable","20":"product-type-variable"},"mb":[],"mfb_rest_fields":["title"],"_links":{"self":[{"href":"https:\/\/dogpride.nl\/fr\/wp-json\/wp\/v2\/product\/6485","targetHints":{"allow":["GET"]}}],"collection":[{"href":"https:\/\/dogpride.nl\/fr\/wp-json\/wp\/v2\/product"}],"about":[{"href":"https:\/\/dogpride.nl\/fr\/wp-json\/wp\/v2\/types\/product"}],"wp:featuredmedia":[{"embeddable":true,"href":"https:\/\/dogpride.nl\/fr\/wp-json\/wp\/v2\/media\/138890"}],"wp:attachment":[{"href":"https:\/\/dogpride.nl\/fr\/wp-json\/wp\/v2\/media?parent=6485"}],"wp:term":[{"taxonomy":"product_brand","embeddable":true,"href":"https:\/\/dogpride.nl\/fr\/wp-json\/wp\/v2\/product_brand?post=6485"},{"taxonomy":"product_cat","embeddable":true,"href":"https:\/\/dogpride.nl\/fr\/wp-json\/wp\/v2\/product_cat?post=6485"},{"taxonomy":"product_tag","embeddable":true,"href":"https:\/\/dogpride.nl\/fr\/wp-json\/wp\/v2\/product_tag?post=6485"}],"curies":[{"name":"wp","href":"https:\/\/api.w.org\/{rel}","templated":true}]}}