{"id":6453,"date":"2020-10-27T17:19:14","date_gmt":"2020-10-27T16:19:14","guid":{"rendered":"https:\/\/dogpride1.wpengine.com\/?post_type=product&#038;p=6453"},"modified":"2025-05-19T10:42:32","modified_gmt":"2025-05-19T08:42:32","slug":"garmin-drive-track-71","status":"publish","type":"product","link":"https:\/\/dogpride.nl\/fr\/garmin-drive-track-71\/","title":{"rendered":"Garmin Drive Track 71"},"content":{"rendered":"<h4>Garmin Drive Track 71<\/h4>\n<p>Garmin Drive Track 71<\/p>\n<p>Le GPS ing\u00e9nieux pour les ma\u00eetres-chiens !<br \/>\nLe Drive Track 71 n&#039;est pas seulement un syst\u00e8me de navigation automobile de tr\u00e8s haute qualit\u00e9. Associ\u00e9 aux appareils Garmin Alpha et Atemos, le DriveTrack 71 devient un ma\u00eetre-chien indispensable !<\/p>\n<p><iframe loading=\"lazy\" src=\"\/\/www.youtube.com\/embed\/eyhPLa5ZlCs\" width=\"560\" height=\"314\" allowfullscreen=\"allowfullscreen\"><\/iframe><\/p>\n<ul>\n<li>Kan worden gecombineerd met bepaalde Garmin GPS-hondensystemen voor navigatie in de auto en hondentracering<\/li>\n<li>Geweldige details voor offroad-navigatie met vooraf ge\u00efnstalleerde kaarten en een jaarabonnement op BirdsEye-satellietbeelden<\/li>\n<li>Gedetailleerde wegenkaarten voor Europa en updates van verkeersgegevens op een heldere, 6e 95-inch display met zoomfunctie met 2 vingers<\/li>\n<li>WLAN-connectiviteit voor eenvoudige kaart- en software-updates<\/li>\n<li>Bluetooth\u00ae-technologie biedt handsfree functies1 en spraakbesturing<\/li>\n<\/ul>\n<p>Met het Garmin DriveTrack 71 navigatiesysteem met GPS en hondentracering kunt u uw honden lokaliseren en volgen.<br \/>\nHet toestel heeft een 6,95 inch display en maakt draadloze synchronisatie mogelijk met bepaalde Garmin GPS hondensystemen en compatibele smartphones.<\/p>\n<p>O\u00f9 sont vos chiens<br \/>\nSynchroniseer het Garmin DriveTrack-navigatiesysteem met bepaalde Garmin GPS-hondensystemen om uw honden in het veld te lokaliseren en opnieuw te vangen. U ziet markeringen voor elke hond binnen het volgbereik.<br \/>\nDe informatie wordt weergegeven op het grote GPS-display dat over topografische contouren of op BirdsEye-satellietbeelden is geplaatst. Met richtingaanwijzingen kunt u honden gemakkelijk volgen en lokaliseren.<br \/>\nWanneer u op de weg of op de snelweg rijdt, biedt het Bluetooth-compatibele Garmin GPS-apparaat ook actuele informatie voor de bestuurder, spraakbesturingsfuncties, kaarten en verkeersgegevens, een actieve rijstrookassistent en nog veel meer.<\/p>\n<p>DriveTrack71LMT-S<br \/>\nConnectivit\u00e9 intelligente \u2013 simplement intelligente<br \/>\nSynchroniseer uw Bluetooth-compatibele smartphone met de Garmin DriveTrack 71 om geweldige functies te ontgrendelen waarmee u verbonden blijft zonder uw handen van het stuur te halen.<br \/>\nGebruik de handsfreefunctie voor telefoongesprekken en ontvang aanpasbare smartphone-meldingen op het display van het navigatiesysteem. Bekijk inkomende oproepen, sms-berichten en agendaherinneringen zonder de telefoon op te nemen.<\/p>\n<p>Notifications intelligentes<br \/>\nServices en direct pour le voyage<br \/>\nVerkeersopstoppingen zijn geen probleem meer voor u. Neem gewoon een alternatieve route of sla deze helemaal over. Met live informatie bespaar je tijd bij het parkeren, omdat je niet lang hoeft te zoeken naar een gratis parkeerplaats.<br \/>\nDownload Smartphone Link voor verkeersberichten, relevante omleidingen en actuele weersvoorspellingen<\/p>","protected":false},"excerpt":{"rendered":"<p>Le Drive Track 71 n&#039;est pas seulement un syst\u00e8me de navigation automobile de tr\u00e8s haute qualit\u00e9. Associ\u00e9 aux appareils Garmin Alpha et Atemos, le DriveTrack 71 devient un ma\u00eetre-chien indispensable !<\/p>","protected":false},"featured_media":43985,"template":"","meta":[],"product_brand":[],"product_cat":[938],"product_tag":[],"class_list":{"0":"post-6453","1":"product","2":"type-product","3":"status-publish","4":"has-post-thumbnail","6":"product_cat-gps-systemen","8":"first","9":"outofstock","10":"taxable","11":"shipping-taxable","12":"purchasable","13":"product-type-simple"},"mb":[],"mfb_rest_fields":["title"],"_links":{"self":[{"href":"https:\/\/dogpride.nl\/fr\/wp-json\/wp\/v2\/product\/6453","targetHints":{"allow":["GET"]}}],"collection":[{"href":"https:\/\/dogpride.nl\/fr\/wp-json\/wp\/v2\/product"}],"about":[{"href":"https:\/\/dogpride.nl\/fr\/wp-json\/wp\/v2\/types\/product"}],"wp:featuredmedia":[{"embeddable":true,"href":"https:\/\/dogpride.nl\/fr\/wp-json\/wp\/v2\/media\/43985"}],"wp:attachment":[{"href":"https:\/\/dogpride.nl\/fr\/wp-json\/wp\/v2\/media?parent=6453"}],"wp:term":[{"taxonomy":"product_brand","embeddable":true,"href":"https:\/\/dogpride.nl\/fr\/wp-json\/wp\/v2\/product_brand?post=6453"},{"taxonomy":"product_cat","embeddable":true,"href":"https:\/\/dogpride.nl\/fr\/wp-json\/wp\/v2\/product_cat?post=6453"},{"taxonomy":"product_tag","embeddable":true,"href":"https:\/\/dogpride.nl\/fr\/wp-json\/wp\/v2\/product_tag?post=6453"}],"curies":[{"name":"wp","href":"https:\/\/api.w.org\/{rel}","templated":true}]}}