{"id":6428,"date":"2020-10-26T15:40:35","date_gmt":"2020-10-26T14:40:35","guid":{"rendered":"https:\/\/dogpride1.wpengine.com\/?post_type=product&#038;p=6428"},"modified":"2026-02-23T12:05:51","modified_gmt":"2026-02-23T11:05:51","slug":"sporthund-op-maat-gemaakte-hondengeleiderbroek","status":"publish","type":"product","link":"https:\/\/dogpride.nl\/fr\/sporthund-op-maat-gemaakte-hondengeleiderbroek\/","title":{"rendered":"SPORTHUND Pantalon ma\u00eetre-chien sur mesure"},"content":{"rendered":"<h4>SPORTHUND Pantalon ma\u00eetre-chien sur mesure<\/h4>\n<p>SPORTHUND Pantalon ma\u00eetre-chien sur mesure<\/p>\n<p>Onze beproefde hondengeleiderbroeken zijn ook verkrijgbaar als op maat gemaakt product.<\/p>\n<p>Veuillez noter que ce pantalon de ma\u00eetre-chien ne peut \u00eatre chang\u00e9 (raccourci ou rallong\u00e9) qu&#039;en longueur de foul\u00e9e.<\/p>\n<p>Merci d&#039;indiquer la taille souhait\u00e9e, le changement en cm et la couleur,<\/p>\n<p>par exemple : La taille XL tient dans la ceinture, seule la longueur de la foul\u00e9e peut \u00eatre sup\u00e9rieure de 5 cm. Indiquez ensuite ce qui suit :<\/p>\n<p>\u00ab Taille : XL + 5 cm Couleur : noir \u00bb<\/p>\n<p>Ces informations sont obligatoires ! Veuillez l&#039;indiquer sous &quot;Commentaires&quot;<\/p>\n<p>Pour les pantalons homme, vous avez le choix entre les tailles XS \u00e0 4XL.<br \/>\nCouleurs : noir, noir-bleu<\/p>\n<p>Les pantalons pour femmes sont dans les tailles 34 \u00e0 46<br \/>\nCouleur noir<\/p>\n<p><span style=\"color: #ff0000;\"><strong>Important!<\/strong><\/span><\/p>\n<ul>\n<li><span style=\"color: #ff0000;\"><strong>Les produits sur mesure ne sont pas \u00e9changeables !<\/strong><\/span><\/li>\n<li><span style=\"color: #ff0000;\"><strong>En raison du produit sur mesure, le d\u00e9lai de livraison peut prendre jusqu&#039;\u00e0 4 semaines.<\/strong><\/span><\/li>\n<\/ul>\n<p>Le pantalon est en coton et recouvert d&#039;une mati\u00e8re d\u00e9perlante et anti-rayures (jambe avant enti\u00e8re, mollet et fesses) Doublure int\u00e9rieure : coton 66%, polyester 34% Mati\u00e8re ext\u00e9rieure : polyamide 100%<\/p>\n<p>Remarque : les couleurs peuvent varier. Sous r\u00e9serve de modifications techniques.<\/p>\n<p><a href=\"https:\/\/www.sporthund.de\/\" target=\"_blank\" rel=\"noopener\"><img loading=\"lazy\" decoding=\"async\" class=\"alignnone wp-image-69471 size-thumbnail\" src=\"https:\/\/dogpride.nl\/wp-content\/uploads\/Logo-Sporthund-1-150x88.jpg\" alt=\"Logo\" width=\"150\" height=\"88\" \/><\/a><\/p>\n<p><a href=\"https:\/\/dogpride.nl\/fr\/kleding\/broeken\/sporthund-broeken\/\"><img loading=\"lazy\" decoding=\"async\" class=\"alignnone\" title=\"SPORTHUND Pantalon ma\u00eetre-chien sur mesure\" src=\"https:\/\/dogpride.nl\/wp-content\/uploads\/hundefuhrerhose-sonderanfertigung.jpg\" alt=\"SPORTHUND Op maat gemaakte hondengeleiderbroek\" width=\"200\" height=\"200\" \/><\/a><\/p>","protected":false},"excerpt":{"rendered":"<p>SPORTHUND Op maat gemaakte hondengeleiderbroek. Onze beproefde hondengeleiderbroeken zijn ook verkrijgbaar als op maat gemaakt product. Houd er rekening mee dat deze hondengeleiderbroek alleen in staplengte kan worden veranderd (ingekort of verlengd).<\/p>","protected":false},"featured_media":154873,"template":"","meta":[],"product_brand":[],"product_cat":[3864],"product_tag":[24554,24563,24559,24561,24555,24562,24352,24560,24356,24564],"class_list":{"0":"post-6428","1":"product","2":"type-product","3":"status-publish","4":"has-post-thumbnail","6":"product_cat-sporthund-broeken","7":"product_tag-broek-hondentraining-zwart","8":"product_tag-duurzame-trainingsbroek-heren","9":"product_tag-hondengeleiderbroek-heren-zwart","10":"product_tag-hondensport-kleding-heren","11":"product_tag-professionele-hondengeleiderbroek","12":"product_tag-sportbroek-hondensport-heren","13":"product_tag-sporthund-hondengeleiderbroek-zwart-heren","14":"product_tag-trainingsbroek-hondensport-heren","15":"product_tag-werkbroek-hondensport","16":"product_tag-zwarte-hondensport-broek-heren","18":"first","19":"instock","20":"taxable","21":"shipping-taxable","22":"purchasable","23":"product-type-simple"},"mb":[],"mfb_rest_fields":["title"],"_links":{"self":[{"href":"https:\/\/dogpride.nl\/fr\/wp-json\/wp\/v2\/product\/6428","targetHints":{"allow":["GET"]}}],"collection":[{"href":"https:\/\/dogpride.nl\/fr\/wp-json\/wp\/v2\/product"}],"about":[{"href":"https:\/\/dogpride.nl\/fr\/wp-json\/wp\/v2\/types\/product"}],"wp:featuredmedia":[{"embeddable":true,"href":"https:\/\/dogpride.nl\/fr\/wp-json\/wp\/v2\/media\/154873"}],"wp:attachment":[{"href":"https:\/\/dogpride.nl\/fr\/wp-json\/wp\/v2\/media?parent=6428"}],"wp:term":[{"taxonomy":"product_brand","embeddable":true,"href":"https:\/\/dogpride.nl\/fr\/wp-json\/wp\/v2\/product_brand?post=6428"},{"taxonomy":"product_cat","embeddable":true,"href":"https:\/\/dogpride.nl\/fr\/wp-json\/wp\/v2\/product_cat?post=6428"},{"taxonomy":"product_tag","embeddable":true,"href":"https:\/\/dogpride.nl\/fr\/wp-json\/wp\/v2\/product_tag?post=6428"}],"curies":[{"name":"wp","href":"https:\/\/api.w.org\/{rel}","templated":true}]}}