{"id":6370,"date":"2020-10-21T13:05:58","date_gmt":"2020-10-21T11:05:58","guid":{"rendered":"https:\/\/dogpride1.wpengine.com\/?post_type=product&#038;p=6370"},"modified":"2026-03-19T12:47:54","modified_gmt":"2026-03-19T11:47:54","slug":"sporthund-bijtmouw-balance-round","status":"publish","type":"product","link":"https:\/\/dogpride.nl\/fr\/sporthund-bijtmouw-balance-round\/","title":{"rendered":"Manchon de morsure SPORTHUND Balance Round"},"content":{"rendered":"<h4>Manchon de morsure SPORTHUND Balance Round<\/h4>\n<p>Le manchon de morsure SPORTHUND pour bras de jeune chien Balance Round est bas\u00e9 sur notre best-seller Balance Long pour bras de jeune chien. Avec le &quot;Round&quot;, le coin est l\u00e9g\u00e8rement plus plein et plus rond, ce que de nombreux amateurs de sports canins attendent du Mondioring.<\/p>\n<p><a href=\"https:\/\/dogpride.nl\/fr\/\"><img loading=\"lazy\" decoding=\"async\" class=\"alignnone\" title=\"Manchon de morsure SPORTHUND Balance Round\" src=\"https:\/\/dogpride.nl\/wp-content\/uploads\/junghundarm-balance-round.jpg\" alt=\"SPORTHUND bijtmouw Balance Round\" width=\"200\" height=\"200\" \/><\/a><\/p>\n<p>Ce bras pour jeune chien est une combinaison d&#039;un coussin de morsure et d&#039;un bras pour jeune chien. De cette fa\u00e7on, vous avez une vue sur un bras complet, la surface de morsure douce et r\u00e9sistante, 2 barres pour \u00e9viter les comportements d&#039;accrochage et une barre centrale pour am\u00e9liorer la rotation &quot;pendant le long vol&quot;.<br \/>\nLes jeunes chiens en particulier peuvent facilement porter leur bras avec une morsure centrale sans tr\u00e9bucher dessus. Il emp\u00eache \u00e9galement la t\u00eate de s&#039;incliner, la poign\u00e9e se desserrant toujours.<\/p>\n<p><a href=\"https:\/\/www.licg.nl\/honden\/\" target=\"_blank\" rel=\"noopener\"><img loading=\"lazy\" decoding=\"async\" class=\"alignnone\" src=\"https:\/\/dogpride.nl\/wp-content\/uploads\/junghundarm-balance-round.jpg\" alt=\"\" width=\"200\" height=\"200\" \/><\/a><\/p>\n<p>Remarque : les couleurs peuvent varier. Sous r\u00e9serve de modifications techniques.<\/p>\n<p><img loading=\"lazy\" decoding=\"async\" class=\"alignnone size-full wp-image-71248\" src=\"https:\/\/www.dogpride.nl\/wp-content\/uploads\/Logo-Sporthund-2.jpg\" alt=\"\" width=\"300\" height=\"88\" srcset=\"https:\/\/dogpride.nl\/wp-content\/uploads\/Logo-Sporthund-2.jpg 300w, https:\/\/dogpride.nl\/wp-content\/uploads\/Logo-Sporthund-2-250x73.jpg 250w, https:\/\/dogpride.nl\/wp-content\/uploads\/Logo-Sporthund-2-200x59.jpg 200w\" sizes=\"auto, (max-width: 300px) 100vw, 300px\" \/><\/p>","protected":false},"excerpt":{"rendered":"<p>Manchon de morsure SPORTHUND Balance Round. Le bras pour jeune chien Balance Round est bas\u00e9 sur notre best-seller le bras pour jeune chien Balance Long.<\/p>","protected":false},"featured_media":62229,"template":"","meta":[],"product_brand":[],"product_cat":[10273],"product_tag":[26011,6237,7304,4779],"class_list":{"0":"post-6370","1":"product","2":"type-product","3":"status-publish","4":"has-post-thumbnail","6":"product_cat-sporthund-bijtmouwen","7":"product_tag-balance","8":"product_tag-bijtmouw","9":"product_tag-round","10":"product_tag-sporthund","12":"first","13":"onbackorder","14":"taxable","15":"shipping-taxable","16":"purchasable","17":"product-type-simple"},"mb":[],"mfb_rest_fields":["title"],"_links":{"self":[{"href":"https:\/\/dogpride.nl\/fr\/wp-json\/wp\/v2\/product\/6370","targetHints":{"allow":["GET"]}}],"collection":[{"href":"https:\/\/dogpride.nl\/fr\/wp-json\/wp\/v2\/product"}],"about":[{"href":"https:\/\/dogpride.nl\/fr\/wp-json\/wp\/v2\/types\/product"}],"wp:featuredmedia":[{"embeddable":true,"href":"https:\/\/dogpride.nl\/fr\/wp-json\/wp\/v2\/media\/62229"}],"wp:attachment":[{"href":"https:\/\/dogpride.nl\/fr\/wp-json\/wp\/v2\/media?parent=6370"}],"wp:term":[{"taxonomy":"product_brand","embeddable":true,"href":"https:\/\/dogpride.nl\/fr\/wp-json\/wp\/v2\/product_brand?post=6370"},{"taxonomy":"product_cat","embeddable":true,"href":"https:\/\/dogpride.nl\/fr\/wp-json\/wp\/v2\/product_cat?post=6370"},{"taxonomy":"product_tag","embeddable":true,"href":"https:\/\/dogpride.nl\/fr\/wp-json\/wp\/v2\/product_tag?post=6370"}],"curies":[{"name":"wp","href":"https:\/\/api.w.org\/{rel}","templated":true}]}}