{"id":6112,"date":"2020-10-07T12:26:15","date_gmt":"2020-10-07T10:26:15","guid":{"rendered":"https:\/\/dogpride1.wpengine.com\/?post_type=product&#038;p=6112"},"modified":"2025-11-06T14:22:55","modified_gmt":"2025-11-06T13:22:55","slug":"pinewood-wilda-dames-parka","status":"publish","type":"product","link":"https:\/\/dogpride.nl\/fr\/pinewood-wilda-dames-parka\/","title":{"rendered":"Parka Femme Pinewood Wilda"},"content":{"rendered":"<h4>Parka Femme Pinewood Wilda<\/h4>\n<p>Parka Femme Pinewood Wilda<\/p>\n<p>De Pinewood Wilda Dames Parka is voor zowel alledaags gebruik als voor hondensport gerelateerde activiteiten. Deze parka is gemaakt van een duurzame stof dat bestand is tegen wind en regen.<br \/>\nGeschikt voor diegene die een actief leven leidt, met of zonder hond(en).<\/p>\n<p>De parka heeft aan de voorzijde 2 grote zakken, met ritssluiting en elastische D-ring, uitneembaar zakje voor hondenbeloningen. Voorzien van hoge napoleon steekzakken.<br \/>\nDe binnenzakken zijn eenvoudig toegankelijk. Een binnenzak met rubberen opening voor hondenpoepzakjes. een ruime achterzak om al uw accessoires in op te bergen.<\/p>\n<p><strong>Caract\u00e9ristiques:<\/strong><\/p>\n<ul>\n<li>Coupe-vent et imperm\u00e9able<\/li>\n<li>Coutures \u00e9tanch\u00e9es<\/li>\n<li>Fermeture \u00e9clair \u00e0 double sens, avec fermeture magn\u00e9tique sur le devant<\/li>\n<li>Capuche d\u00e9tachable<\/li>\n<li>\u00c9l\u00e9ments r\u00e9fl\u00e9chissants<\/li>\n<li>Coupe f\u00e9minine<\/li>\n<li>Mod\u00e8le plus long<\/li>\n<li>Capuche ajustable<\/li>\n<li>R\u00e9glable \u00e0 la taille et au bas avec des sangles<\/li>\n<li>Ajustable aux poignets avec velcro<\/li>\n<li>Traitement respectueux de l&#039;environnement : Bionic Finish\u00ae Eco Impr\u00e9gnation sans fluorocarbone organique (PFC) - pour des propri\u00e9t\u00e9s hydrofuges et anti-salissures suppl\u00e9mentaires.<\/li>\n<\/ul>\n<h3><span style=\"font-size: 10pt;\"><strong>Mat\u00e9riel<\/strong><\/span><\/h3>\n<p>Mati\u00e8re : Polyamide 100%.<br \/>\nDoublure : polyester 100%.<br \/>\nDoublure 2 : Polyamide 100%.<br \/>\nPoids : 920 grammes (taille XS)<\/p>\n<p><strong>Disponible dans les couleurs :<\/strong> MOSSGREEN, EARTH PLUM, BLACK, PLUM, URBAN GREY<\/p>\n<h3><span style=\"font-size: 10pt;\"><strong>Instructions de lavage<\/strong><\/span><\/h3>\n<ul>\n<li>Laver avec un maximum de 30 degr\u00e9s, ou avec un lavage \u00e0 la main<\/li>\n<li>NE PAS centrifuger<\/li>\n<li>Laver avec un d\u00e9tergent doux pour vestes imperm\u00e9ables (par exemple, le d\u00e9tergent de lavage Grangers performance fourni)<\/li>\n<li>S\u00e9chage \u00e0 l&#039;air libre, ne pas s\u00e9cher au s\u00e8che-linge<\/li>\n<li>Ne pas blanchir, repasser ou nettoyer \u00e0 sec<\/li>\n<\/ul>\n<p><span style=\"font-size: 10pt;\"><strong>Caract\u00e9ristiques techniques<\/strong><\/span><\/p>\n<p>Colonne d&#039;eau : &gt;12 000 mm<strong><br \/>\n<\/strong>Respirant : 14 000 g\/m<sup>2<\/sup>\/24h<\/p>\n<h4 id=\"article-symbols\">Tableau des tailles:<\/h4>\n<div><\/div>\n<div><img loading=\"lazy\" decoding=\"async\" class=\"alignnone wp-image-69339 size-large\" src=\"https:\/\/www.dogpride.nl\/wp-content\/uploads\/size-guide-spring-summer-2019-en-1-659x1024.png\" alt=\"\" width=\"659\" height=\"1024\" srcset=\"https:\/\/dogpride.nl\/wp-content\/uploads\/size-guide-spring-summer-2019-en-1-659x1024.png 659w, https:\/\/dogpride.nl\/wp-content\/uploads\/size-guide-spring-summer-2019-en-1-250x389.png 250w, https:\/\/dogpride.nl\/wp-content\/uploads\/size-guide-spring-summer-2019-en-1-400x622.png 400w, https:\/\/dogpride.nl\/wp-content\/uploads\/size-guide-spring-summer-2019-en-1-193x300.png 193w, https:\/\/dogpride.nl\/wp-content\/uploads\/size-guide-spring-summer-2019-en-1-768x1194.png 768w, https:\/\/dogpride.nl\/wp-content\/uploads\/size-guide-spring-summer-2019-en-1-988x1536.png 988w, https:\/\/dogpride.nl\/wp-content\/uploads\/size-guide-spring-summer-2019-en-1-1317x2048.png 1317w, https:\/\/dogpride.nl\/wp-content\/uploads\/size-guide-spring-summer-2019-en-1-200x311.png 200w, https:\/\/dogpride.nl\/wp-content\/uploads\/size-guide-spring-summer-2019-en-1-600x933.png 600w, https:\/\/dogpride.nl\/wp-content\/uploads\/size-guide-spring-summer-2019-en-1-800x1244.png 800w, https:\/\/dogpride.nl\/wp-content\/uploads\/size-guide-spring-summer-2019-en-1-1200x1866.png 1200w, https:\/\/dogpride.nl\/wp-content\/uploads\/size-guide-spring-summer-2019-en-1.png 1559w\" sizes=\"auto, (max-width: 659px) 100vw, 659px\" \/><\/div>\n<div><a href=\"https:\/\/dogpride.nl\/fr\/pinewood-wilda-dames-parka\/\"><img loading=\"lazy\" decoding=\"async\" class=\"alignnone\" title=\"Parka Femme Pinewood Wilda\" src=\"https:\/\/dogpride.nl\/wp-content\/uploads\/3181-581-01_Pinewood-Womens-Parka-Wilda_Plum.webp\" alt=\"Pinewood Wilda Dames Parka\" width=\"144\" height=\"144\" \/><\/a><\/div>\n<div><a href=\"https:\/\/pinewood.eu\/en-eu\" target=\"_blank\" rel=\"noopener\"><img loading=\"lazy\" decoding=\"async\" class=\"alignnone wp-image-139633 size-full\" src=\"https:\/\/dogpride.nl\/wp-content\/uploads\/Pinewood-1.jpg\" alt=\"Logo Pinewood\" width=\"191\" height=\"50\" srcset=\"https:\/\/dogpride.nl\/wp-content\/uploads\/Pinewood-1.jpg 191w, https:\/\/dogpride.nl\/wp-content\/uploads\/Pinewood-1-18x5.jpg 18w\" sizes=\"auto, (max-width: 191px) 100vw, 191px\" \/><\/a><\/div>\n<div><span style=\"color: #ffffff;\"><a style=\"color: #ffffff;\" href=\"https:\/\/devrolijkekwispel.nl\/\" target=\"_blank\" rel=\"noopener\">Dogpride NL parraine Kelly Albers<\/a><\/span><\/div>","protected":false},"excerpt":{"rendered":"<p>Le Wilda Ladies Parka est \u00e0 la fois pour un usage quotidien et pour les activit\u00e9s li\u00e9es au sport canin. Cette parka est faite d&#039;un tissu durable qui peut r\u00e9sister au vent et \u00e0 la pluie. Convient \u00e0 ceux qui m\u00e8nent une vie active, avec ou sans chien(s).<\/p>","protected":false},"featured_media":101030,"template":"","meta":[],"product_brand":[],"product_cat":[3854],"product_tag":[4768,4749,3168,5013],"class_list":{"0":"post-6112","1":"product","2":"type-product","3":"status-publish","4":"has-post-thumbnail","6":"product_cat-pinewood-jassen","7":"product_tag-dames","8":"product_tag-parka","9":"product_tag-pinewood","10":"product_tag-wilda","12":"first","13":"instock","14":"taxable","15":"shipping-taxable","16":"purchasable","17":"product-type-variable"},"mb":[],"mfb_rest_fields":["title"],"_links":{"self":[{"href":"https:\/\/dogpride.nl\/fr\/wp-json\/wp\/v2\/product\/6112","targetHints":{"allow":["GET"]}}],"collection":[{"href":"https:\/\/dogpride.nl\/fr\/wp-json\/wp\/v2\/product"}],"about":[{"href":"https:\/\/dogpride.nl\/fr\/wp-json\/wp\/v2\/types\/product"}],"wp:featuredmedia":[{"embeddable":true,"href":"https:\/\/dogpride.nl\/fr\/wp-json\/wp\/v2\/media\/101030"}],"wp:attachment":[{"href":"https:\/\/dogpride.nl\/fr\/wp-json\/wp\/v2\/media?parent=6112"}],"wp:term":[{"taxonomy":"product_brand","embeddable":true,"href":"https:\/\/dogpride.nl\/fr\/wp-json\/wp\/v2\/product_brand?post=6112"},{"taxonomy":"product_cat","embeddable":true,"href":"https:\/\/dogpride.nl\/fr\/wp-json\/wp\/v2\/product_cat?post=6112"},{"taxonomy":"product_tag","embeddable":true,"href":"https:\/\/dogpride.nl\/fr\/wp-json\/wp\/v2\/product_tag?post=6112"}],"curies":[{"name":"wp","href":"https:\/\/api.w.org\/{rel}","templated":true}]}}