{"id":5765,"date":"2020-07-31T11:44:27","date_gmt":"2020-07-31T09:44:27","guid":{"rendered":"https:\/\/dogpride1.wpengine.com\/?post_type=product&#038;p=5765"},"modified":"2025-10-28T11:53:12","modified_gmt":"2025-10-28T10:53:12","slug":"pride-sterke-zwarte-nylon-lijn-met-messing-haak","status":"publish","type":"product","link":"https:\/\/dogpride.nl\/fr\/pride-sterke-zwarte-nylon-lijn-met-messing-haak\/","title":{"rendered":"PRIDE ligne en nylon noir solide avec crochet en laiton"},"content":{"rendered":"<h4>PRIDE ligne en nylon noir solide avec crochet en laiton<\/h4>\n<p>PRIDE ligne en nylon noir solide avec crochet en laiton<br \/>\nCette laisse noire solide pour chien avec poign\u00e9e est con\u00e7ue pour durer. Cette ceinture de travail est faite d&#039;un mat\u00e9riau antid\u00e9rapant avec du caoutchouc et a une texture l\u00e9g\u00e8re. La ligne n&#039;absorbe pas l&#039;eau et ne s&#039;alourdit pas.<\/p>\n<p>* Sangle en nylon solide<br \/>\n* Id\u00e9al pour les mains moites<br \/>\n* Id\u00e9al par temps humide<br \/>\n* Id\u00e9al pour jouer dans l&#039;eau<br \/>\n* Prise en main s\u00e9curis\u00e9e \/ laisse de chien en caoutchouc<\/p>\n<p>Cette laisse est id\u00e9ale pour la promenade de chien\/animal de compagnie, la formation (protection\/travail de morsure) et les services K9.<\/p>\n<p>* crochet en laiton solide, fabrication de haute qualit\u00e9<br \/>\n* Largeur 20mm<br \/>\n* Mat\u00e9riau vraiment stable et agr\u00e9able<\/p>\n<p>FABRIQU\u00c9 EN UE<\/p>\n<p>Longueurs disponibles : 1,20 m\u00e8tre, 2 m\u00e8tres, 3 m\u00e8tres, 4 m\u00e8tres et 5 m\u00e8tres<\/p>\n<p>&nbsp;<\/p>\n<p><a href=\"https:\/\/www.dogpride.eu\/\" target=\"_blank\" rel=\"noopener\"><img loading=\"lazy\" decoding=\"async\" class=\"alignnone wp-image-70657 size-medium\" src=\"https:\/\/dogpride.nl\/wp-content\/uploads\/Logo-Pride2-1-300x96.png\" alt=\"\" width=\"300\" height=\"96\" srcset=\"https:\/\/dogpride.nl\/wp-content\/uploads\/Logo-Pride2-1-300x96.png 300w, https:\/\/dogpride.nl\/wp-content\/uploads\/Logo-Pride2-1-250x80.png 250w, https:\/\/dogpride.nl\/wp-content\/uploads\/Logo-Pride2-1-200x64.png 200w, https:\/\/dogpride.nl\/wp-content\/uploads\/Logo-Pride2-1.png 327w\" sizes=\"auto, (max-width: 300px) 100vw, 300px\" \/><\/a><\/p>\n<p><a href=\"https:\/\/dogpride.nl\/fr\/pride-sterke-zwarte-nylon-lijn-met-messing-haak\/\"><img loading=\"lazy\" decoding=\"async\" class=\"alignnone wp-image-136405 size-thumbnail\" src=\"https:\/\/dogpride.nl\/wp-content\/uploads\/PRIDE-sterke-zwarte-nylon-lijn-met-messing-haak-150x150.jpg\" alt=\"PRIDE sterke zwarte nylon lijn met messing haak\" width=\"150\" height=\"150\" srcset=\"https:\/\/dogpride.nl\/wp-content\/uploads\/PRIDE-sterke-zwarte-nylon-lijn-met-messing-haak-150x150.jpg 150w, https:\/\/dogpride.nl\/wp-content\/uploads\/PRIDE-sterke-zwarte-nylon-lijn-met-messing-haak-100x100.jpg 100w\" sizes=\"auto, (max-width: 150px) 100vw, 150px\" \/><\/a><\/p>\n<p>&nbsp;<\/p>\n<p>&nbsp;<\/p>","protected":false},"excerpt":{"rendered":"<p>PRIDE ligne en nylon noir solide avec crochet en laiton<\/p>","protected":false},"featured_media":29179,"template":"","meta":[],"product_brand":[],"product_cat":[192],"product_tag":[],"class_list":{"0":"post-5765","1":"product","2":"type-product","3":"status-publish","4":"has-post-thumbnail","6":"product_cat-pride-hondenlijnen","8":"first","9":"instock","10":"taxable","11":"shipping-taxable","12":"purchasable","13":"product-type-variable"},"mb":[],"mfb_rest_fields":["title"],"_links":{"self":[{"href":"https:\/\/dogpride.nl\/fr\/wp-json\/wp\/v2\/product\/5765","targetHints":{"allow":["GET"]}}],"collection":[{"href":"https:\/\/dogpride.nl\/fr\/wp-json\/wp\/v2\/product"}],"about":[{"href":"https:\/\/dogpride.nl\/fr\/wp-json\/wp\/v2\/types\/product"}],"wp:featuredmedia":[{"embeddable":true,"href":"https:\/\/dogpride.nl\/fr\/wp-json\/wp\/v2\/media\/29179"}],"wp:attachment":[{"href":"https:\/\/dogpride.nl\/fr\/wp-json\/wp\/v2\/media?parent=5765"}],"wp:term":[{"taxonomy":"product_brand","embeddable":true,"href":"https:\/\/dogpride.nl\/fr\/wp-json\/wp\/v2\/product_brand?post=5765"},{"taxonomy":"product_cat","embeddable":true,"href":"https:\/\/dogpride.nl\/fr\/wp-json\/wp\/v2\/product_cat?post=5765"},{"taxonomy":"product_tag","embeddable":true,"href":"https:\/\/dogpride.nl\/fr\/wp-json\/wp\/v2\/product_tag?post=5765"}],"curies":[{"name":"wp","href":"https:\/\/api.w.org\/{rel}","templated":true}]}}