{"id":5618,"date":"2020-07-01T16:17:17","date_gmt":"2020-07-01T14:17:17","guid":{"rendered":"https:\/\/dogpride1.wpengine.com\/?post_type=product&#038;p=5618"},"modified":"2025-11-27T14:04:35","modified_gmt":"2025-11-27T13:04:35","slug":"mooria-lijn-bright-green-dots","status":"publish","type":"product","link":"https:\/\/dogpride.nl\/fr\/mooria-lijn-bright-green-dots\/","title":{"rendered":"Ligne MOORIA Pois Vert Vif"},"content":{"rendered":"<h4>Ligne MOORIA Pois Vert Vif<\/h4>\n<p>Ligne MOORIA \u00e0 pois vert vif. Les lignes MOORIA sont constitu\u00e9es de tissus imperm\u00e9ables fonctionnels. La base est faite de tissu en nylon \u00e9pais recouvert de tissu softshell imprim\u00e9 ou monochrome.<br \/>\nNos colliers et laisses ont la m\u00eame fonctionnalit\u00e9 et la m\u00eame r\u00e9sistance que les produits en nylon populaires\u00a0; de plus, nous offrons une apparence attrayante gr\u00e2ce \u00e0 une large gamme de motifs, d&#039;imprim\u00e9s et de couleurs.<\/p>\n<p><a href=\"https:\/\/dogpride.nl\/fr\/lijnen-en-tuigjes-voor-honden\/mooria-hondenlijnen\/\"><img loading=\"lazy\" decoding=\"async\" class=\"alignnone\" title=\"Ligne MOORIA Pois Vert Vif\" src=\"https:\/\/dogpride.nl\/wp-content\/uploads\/leash-bright-green-dots.jpg\" alt=\"MOORIA Lijn Bright-Green Dots\" width=\"224\" height=\"149\" \/><\/a><\/p>\n<p>Vous pouvez choisir parmi deux types de lignes, simples et doubles.<br \/>\nCertaines lignes mesurent 1,3 m\u00e8tre de long et sont \u00e9quip\u00e9es d&#039;un mousqueton. Ce sont des laisses typiques destin\u00e9es \u00e0 promener un chien.<br \/>\nLes laisses doubles mesurent 2,6 m\u00e8tres de long avec deux mousquetons con\u00e7us pour promener deux chiens ou ajuster individuellement la taille de la laisse - 135, 185 et 205 cm.<\/p>\n<p><a href=\"https:\/\/dogpride.nl\/fr\/lijnen-en-tuigjes-voor-honden\/mooria-hondenlijnen\/\"><img loading=\"lazy\" decoding=\"async\" class=\"alignnone\" title=\"Ligne MOORIA Pois Vert Vif\" src=\"https:\/\/dogpride.nl\/wp-content\/uploads\/leash-bright-green-dots.jpg\" alt=\"MOORIA Lijn Bright-Green Dots\" width=\"224\" height=\"149\" \/><\/a><\/p>\n<p>largeurs\u00a0:<\/p>\n<p>S&gt;1.6cm<br \/>\nM &gt; 2cm<br \/>\nL &gt; 2,5 cm<\/p>\n<p>Bijpassende halsband:<\/p>\n<p><a href=\"https:\/\/dogpride.nl\/fr\/mooria-original-halsband-bright-green-dots\/\">https:\/\/dogpride.nl\/mooria-original-halsband-bright-green-dots\/<\/a><\/p>\n<p><a href=\"https:\/\/www.mooria.eu\/\" target=\"_blank\" rel=\"noopener\"><img loading=\"lazy\" decoding=\"async\" class=\"alignnone wp-image-118346 size-full\" src=\"https:\/\/dogpride.nl\/wp-content\/uploads\/Logo-MOORIA-2.png\" sizes=\"auto, (max-width: 233px) 100vw, 233px\" srcset=\"https:\/\/dogpride.nl\/wp-content\/uploads\/Logo-MOORIA-2.png 233w, https:\/\/dogpride.nl\/wp-content\/uploads\/Logo-MOORIA-2-18x4.png 18w\" alt=\"Logo Mooria\" width=\"233\" height=\"53\" \/><\/a><\/p>","protected":false},"excerpt":{"rendered":"<p>Nos colliers et laisses ont la m\u00eame fonctionnalit\u00e9 et la m\u00eame r\u00e9sistance que les produits en nylon populaires\u00a0; de plus, nous offrons une apparence attrayante gr\u00e2ce \u00e0 une large gamme de motifs, d&#039;imprim\u00e9s et de couleurs.<\/p>","protected":false},"featured_media":28573,"template":"","meta":[],"product_brand":[],"product_cat":[1911],"product_tag":[],"class_list":{"0":"post-5618","1":"product","2":"type-product","3":"status-publish","4":"has-post-thumbnail","6":"product_cat-mooria-hondenlijnen","7":"product_shipping_class-vast-tarief-eu-overig","9":"first","10":"instock","11":"taxable","12":"shipping-taxable","13":"purchasable","14":"product-type-variable"},"mb":[],"mfb_rest_fields":["title"],"_links":{"self":[{"href":"https:\/\/dogpride.nl\/fr\/wp-json\/wp\/v2\/product\/5618","targetHints":{"allow":["GET"]}}],"collection":[{"href":"https:\/\/dogpride.nl\/fr\/wp-json\/wp\/v2\/product"}],"about":[{"href":"https:\/\/dogpride.nl\/fr\/wp-json\/wp\/v2\/types\/product"}],"wp:featuredmedia":[{"embeddable":true,"href":"https:\/\/dogpride.nl\/fr\/wp-json\/wp\/v2\/media\/28573"}],"wp:attachment":[{"href":"https:\/\/dogpride.nl\/fr\/wp-json\/wp\/v2\/media?parent=5618"}],"wp:term":[{"taxonomy":"product_brand","embeddable":true,"href":"https:\/\/dogpride.nl\/fr\/wp-json\/wp\/v2\/product_brand?post=5618"},{"taxonomy":"product_cat","embeddable":true,"href":"https:\/\/dogpride.nl\/fr\/wp-json\/wp\/v2\/product_cat?post=5618"},{"taxonomy":"product_tag","embeddable":true,"href":"https:\/\/dogpride.nl\/fr\/wp-json\/wp\/v2\/product_tag?post=5618"}],"curies":[{"name":"wp","href":"https:\/\/api.w.org\/{rel}","templated":true}]}}