{"id":5608,"date":"2020-07-01T14:26:20","date_gmt":"2020-07-01T12:26:20","guid":{"rendered":"https:\/\/dogpride1.wpengine.com\/?post_type=product&#038;p=5608"},"modified":"2026-03-13T10:55:38","modified_gmt":"2026-03-13T09:55:38","slug":"mooria-original-halsband-dots","status":"publish","type":"product","link":"https:\/\/dogpride.nl\/fr\/mooria-original-halsband-dots\/","title":{"rendered":"MOORIA Original Halsband Dots"},"content":{"rendered":"<h4>MOORIA Original Halsband Dots<\/h4>\n<p>MOORIA Original Halsband Dots. De MOORIA halsbanden en lijnen zijn gemaakt van functionele waterdichte stoffen. De basis is gemaakt van zwaar nylonweefsel dat bedekt is met bedrukte of monochrome softshell-stof.<br \/>\nNos colliers et laisses ont la m\u00eame fonctionnalit\u00e9 et la m\u00eame r\u00e9sistance que les produits en nylon populaires\u00a0; de plus, nous offrons une apparence attrayante gr\u00e2ce \u00e0 une large gamme de motifs, d&#039;imprim\u00e9s et de couleurs.<br \/>\nL&#039;excellente base textile n&#039;est pas le seul avantage de nos produits. Tous les autres mat\u00e9riels tels que les boucles, les anneaux et les mousquetons sont de haute qualit\u00e9 et trait\u00e9s selon des normes \u00e9lev\u00e9es.<br \/>\nNous n&#039;utilisons que du mat\u00e9riel provenant de fabricants soigneusement s\u00e9lectionn\u00e9s en Europe et aux \u00c9tats-Unis. Gr\u00e2ce \u00e0 l&#039;accent mis sur la haute qualit\u00e9 et la fonctionnalit\u00e9, nous pouvons proposer ces produits uniques, attrayants et \u00e9l\u00e9gants.<\/p>\n<p>* Une m\u00e9daille etc. peut \u00eatre attach\u00e9e au petit anneau.<\/p>\n<p>* Disponible avec fermeture en plastique ou en aluminium.<\/p>\n<p>* <a href=\"https:\/\/dogpride.nl\/fr\/mooria-lijn-bright-green-dots\/\">Lignes assorties disponibles<\/a><\/p>\n<p><strong>Dimensions:<\/strong><\/p>\n<p><img loading=\"lazy\" decoding=\"async\" class=\"alignnone size-full wp-image-81263\" src=\"https:\/\/www.dogpride.nl\/wp-content\/uploads\/mAATTABEL-mOORIA-HALSBANDEN-1.jpg\" alt=\"Mooria Maatbabel\" width=\"853\" height=\"501\" srcset=\"https:\/\/dogpride.nl\/wp-content\/uploads\/mAATTABEL-mOORIA-HALSBANDEN-1.jpg 853w, https:\/\/dogpride.nl\/wp-content\/uploads\/mAATTABEL-mOORIA-HALSBANDEN-1-250x147.jpg 250w, https:\/\/dogpride.nl\/wp-content\/uploads\/mAATTABEL-mOORIA-HALSBANDEN-1-400x235.jpg 400w, https:\/\/dogpride.nl\/wp-content\/uploads\/mAATTABEL-mOORIA-HALSBANDEN-1-300x176.jpg 300w, https:\/\/dogpride.nl\/wp-content\/uploads\/mAATTABEL-mOORIA-HALSBANDEN-1-768x451.jpg 768w, https:\/\/dogpride.nl\/wp-content\/uploads\/mAATTABEL-mOORIA-HALSBANDEN-1-200x117.jpg 200w, https:\/\/dogpride.nl\/wp-content\/uploads\/mAATTABEL-mOORIA-HALSBANDEN-1-600x352.jpg 600w, https:\/\/dogpride.nl\/wp-content\/uploads\/mAATTABEL-mOORIA-HALSBANDEN-1-800x470.jpg 800w\" sizes=\"auto, (max-width: 853px) 100vw, 853px\" \/><\/p>\n<p><a href=\"https:\/\/www.mooria.eu\/\" target=\"_blank\" rel=\"noopener\"><img loading=\"lazy\" decoding=\"async\" class=\"alignnone wp-image-118346 size-full\" src=\"https:\/\/dogpride.nl\/wp-content\/uploads\/Logo-MOORIA-2.png\" sizes=\"auto, (max-width: 233px) 100vw, 233px\" srcset=\"https:\/\/dogpride.nl\/wp-content\/uploads\/Logo-MOORIA-2.png 233w, https:\/\/dogpride.nl\/wp-content\/uploads\/Logo-MOORIA-2-18x4.png 18w\" alt=\"Logo Mooria\" width=\"233\" height=\"53\" \/><\/a><\/p>\n<p><img loading=\"lazy\" decoding=\"async\" class=\"alignnone\" title=\"MOORIA Original Halsband Dots\" src=\"https:\/\/dogpride.nl\/wp-content\/uploads\/collar-cyan-dots3-5-150x150.jpg\" alt=\"MOORIA Original Halsband Dots\" width=\"150\" height=\"150\" \/><\/p>","protected":false},"excerpt":{"rendered":"<p>Nos colliers et laisses ont la m\u00eame fonctionnalit\u00e9 et la m\u00eame r\u00e9sistance que les produits en nylon populaires\u00a0; de plus, nous offrons une apparence attrayante gr\u00e2ce \u00e0 une large gamme de motifs, d&#039;imprim\u00e9s et de couleurs.<\/p>","protected":false},"featured_media":28527,"template":"","meta":[],"product_brand":[],"product_cat":[696],"product_tag":[],"class_list":{"0":"post-5608","1":"product","2":"type-product","3":"status-publish","4":"has-post-thumbnail","6":"product_cat-mooria-hondenhalsbanden","7":"product_shipping_class-vast-tarief-eu-overig","9":"first","10":"instock","11":"taxable","12":"shipping-taxable","13":"purchasable","14":"product-type-variable"},"mb":[],"mfb_rest_fields":["title"],"_links":{"self":[{"href":"https:\/\/dogpride.nl\/fr\/wp-json\/wp\/v2\/product\/5608","targetHints":{"allow":["GET"]}}],"collection":[{"href":"https:\/\/dogpride.nl\/fr\/wp-json\/wp\/v2\/product"}],"about":[{"href":"https:\/\/dogpride.nl\/fr\/wp-json\/wp\/v2\/types\/product"}],"wp:featuredmedia":[{"embeddable":true,"href":"https:\/\/dogpride.nl\/fr\/wp-json\/wp\/v2\/media\/28527"}],"wp:attachment":[{"href":"https:\/\/dogpride.nl\/fr\/wp-json\/wp\/v2\/media?parent=5608"}],"wp:term":[{"taxonomy":"product_brand","embeddable":true,"href":"https:\/\/dogpride.nl\/fr\/wp-json\/wp\/v2\/product_brand?post=5608"},{"taxonomy":"product_cat","embeddable":true,"href":"https:\/\/dogpride.nl\/fr\/wp-json\/wp\/v2\/product_cat?post=5608"},{"taxonomy":"product_tag","embeddable":true,"href":"https:\/\/dogpride.nl\/fr\/wp-json\/wp\/v2\/product_tag?post=5608"}],"curies":[{"name":"wp","href":"https:\/\/api.w.org\/{rel}","templated":true}]}}