{"id":5197,"date":"2020-05-08T16:51:02","date_gmt":"2020-05-08T14:51:02","guid":{"rendered":"https:\/\/dogpride1.wpengine.com\/?post_type=product&#038;p=5197"},"modified":"2025-11-16T09:46:08","modified_gmt":"2025-11-16T08:46:08","slug":"dogs4me-dogsport-vest-safety","status":"publish","type":"product","link":"https:\/\/dogpride.nl\/fr\/dogs4me-dogsport-vest-safety\/","title":{"rendered":"DOGS4ME Gilet de sport canin S\u00c9CURIT\u00c9"},"content":{"rendered":"<h4>DOGS4ME Gilet de sport canin S\u00c9CURIT\u00c9<\/h4>\n<p>DOGS4ME Gilet de sport canin S\u00c9CURIT\u00c9<\/p>\n<p>* L&#039;avantage de ce gilet est l&#039;ourlet r\u00e9fl\u00e9chissant cousu \u00e0 l&#039;avant et \u00e0 l&#039;arri\u00e8re du gilet + broderie qui se refl\u00e8te dans le noir.<br \/>\n* Ce fil \u00e0 broder - donne aux produits un \u00e9l\u00e9ment de s\u00e9curit\u00e9, notamment pour la visibilit\u00e9 la nuit. Utiliser la nouvelle technologie<br \/>\nce fil r\u00e9fl\u00e9chit plus longtemps dans l&#039;obscurit\u00e9 que tout autre de ce type. Il est principalement utilis\u00e9 pour d\u00e9corer les v\u00eatements, les sacs et les bottes des enfants.<br \/>\n* Le mat\u00e9riau est en polyamide 100% - plus respirant que les gilets classiques avec un rev\u00eatement en caoutchouc.<br \/>\n* Gilet noir complet<br \/>\n* Fermetures \u00e0 glissi\u00e8re de marque YKK<br \/>\n* Le mat\u00e9riau n&#039;a pas de doublure int\u00e9rieure en bas + les panneaux lat\u00e9raux sont en maille de haute qualit\u00e9 (tr\u00e8s r\u00e9sistante) - le gilet est merveilleusement a\u00e9r\u00e9 en combinaison avec un mat\u00e9riau plus respirant. Le mat\u00e9riau sup\u00e9rieur a toujours sa r\u00e9sistance et sa facilit\u00e9 d&#039;entretien.<br \/>\n* Doublure 100% PES - non doubl\u00e9e dans la zone de ventilation.<br \/>\n* Poches spacieuses \u00e0 l&#039;arri\u00e8re et un anneau \u00e0 l&#039;avant pour attacher la ceinture<br \/>\n* 2 poches poitrine zipp\u00e9es couvertes<\/p>\n<ul>\n<li><strong>Dit DOGS4ME Dogsport Vest SAFETY heeft standaard een normale rits. De levertijd voor een vest met two-way rits is \u00b1 2-3 weken.<\/strong><\/li>\n<\/ul>\n<p>VOIR LE TABLEAU DES TAILLES<\/p>\n<p><img loading=\"lazy\" decoding=\"async\" class=\"alignnone wp-image-70276 size-full\" src=\"https:\/\/www.dogpride.nl\/wp-content\/uploads\/Maattabel-Safety.png\" alt=\"\" width=\"604\" height=\"317\" srcset=\"https:\/\/dogpride.nl\/wp-content\/uploads\/Maattabel-Safety.png 604w, https:\/\/dogpride.nl\/wp-content\/uploads\/Maattabel-Safety-250x131.png 250w, https:\/\/dogpride.nl\/wp-content\/uploads\/Maattabel-Safety-400x210.png 400w, https:\/\/dogpride.nl\/wp-content\/uploads\/Maattabel-Safety-300x157.png 300w, https:\/\/dogpride.nl\/wp-content\/uploads\/Maattabel-Safety-200x105.png 200w, https:\/\/dogpride.nl\/wp-content\/uploads\/Maattabel-Safety-600x315.png 600w\" sizes=\"auto, (max-width: 604px) 100vw, 604px\" \/><\/p>\n<p><a href=\"https:\/\/dogpride.nl\/fr\/kleding\/trainingsvesten\/dogs4me-trainingsvesten\/\"><img loading=\"lazy\" decoding=\"async\" class=\"alignnone\" title=\"DOGS4ME Gilet de sport canin S\u00c9CURIT\u00c9\" src=\"https:\/\/dogpride.nl\/wp-content\/uploads\/dogsport-vest-safety-1-4-150x150.jpg\" alt=\"DOGS4ME Dogsport Vest SAFETY\" width=\"150\" height=\"150\" \/><\/a><\/p>\n<p><a href=\"https:\/\/d4m.eu\/en\/\" target=\"_blank\" rel=\"noopener\"><img loading=\"lazy\" decoding=\"async\" class=\"alignnone wp-image-142870 size-medium\" src=\"https:\/\/dogpride.nl\/wp-content\/uploads\/Logo-Dogs4me-2-300x188.jpg\" alt=\"Logo\" width=\"300\" height=\"188\" srcset=\"https:\/\/dogpride.nl\/wp-content\/uploads\/Logo-Dogs4me-2-300x188.jpg 300w, https:\/\/dogpride.nl\/wp-content\/uploads\/Logo-Dogs4me-2-1024x640.jpg 1024w, https:\/\/dogpride.nl\/wp-content\/uploads\/Logo-Dogs4me-2-768x480.jpg 768w, https:\/\/dogpride.nl\/wp-content\/uploads\/Logo-Dogs4me-2-1536x960.jpg 1536w, https:\/\/dogpride.nl\/wp-content\/uploads\/Logo-Dogs4me-2-18x12.jpg 18w, https:\/\/dogpride.nl\/wp-content\/uploads\/Logo-Dogs4me-2-250x156.jpg 250w, https:\/\/dogpride.nl\/wp-content\/uploads\/Logo-Dogs4me-2-400x250.jpg 400w, https:\/\/dogpride.nl\/wp-content\/uploads\/Logo-Dogs4me-2.jpg 1680w\" sizes=\"auto, (max-width: 300px) 100vw, 300px\" \/><\/a><\/p>","protected":false},"excerpt":{"rendered":"<p>D4M Dogsport Gilet S\u00c9CURIT\u00c9. L&#039;avantage de ce gilet est l&#039;ourlet r\u00e9fl\u00e9chissant cousu \u00e0 l&#039;avant et \u00e0 l&#039;arri\u00e8re du gilet + broderie qui se refl\u00e8te dans le noir.<\/p>","protected":false},"featured_media":27622,"template":"","meta":[],"product_brand":[],"product_cat":[3872],"product_tag":[],"class_list":{"0":"post-5197","1":"product","2":"type-product","3":"status-publish","4":"has-post-thumbnail","6":"product_cat-dogs4me-trainingsvesten","8":"first","9":"instock","10":"taxable","11":"shipping-taxable","12":"purchasable","13":"product-type-variable"},"mb":[],"mfb_rest_fields":["title"],"_links":{"self":[{"href":"https:\/\/dogpride.nl\/fr\/wp-json\/wp\/v2\/product\/5197","targetHints":{"allow":["GET"]}}],"collection":[{"href":"https:\/\/dogpride.nl\/fr\/wp-json\/wp\/v2\/product"}],"about":[{"href":"https:\/\/dogpride.nl\/fr\/wp-json\/wp\/v2\/types\/product"}],"wp:featuredmedia":[{"embeddable":true,"href":"https:\/\/dogpride.nl\/fr\/wp-json\/wp\/v2\/media\/27622"}],"wp:attachment":[{"href":"https:\/\/dogpride.nl\/fr\/wp-json\/wp\/v2\/media?parent=5197"}],"wp:term":[{"taxonomy":"product_brand","embeddable":true,"href":"https:\/\/dogpride.nl\/fr\/wp-json\/wp\/v2\/product_brand?post=5197"},{"taxonomy":"product_cat","embeddable":true,"href":"https:\/\/dogpride.nl\/fr\/wp-json\/wp\/v2\/product_cat?post=5197"},{"taxonomy":"product_tag","embeddable":true,"href":"https:\/\/dogpride.nl\/fr\/wp-json\/wp\/v2\/product_tag?post=5197"}],"curies":[{"name":"wp","href":"https:\/\/api.w.org\/{rel}","templated":true}]}}