{"id":5196,"date":"2020-05-08T08:18:30","date_gmt":"2020-05-08T06:18:30","guid":{"rendered":"https:\/\/dogpride1.wpengine.com\/?post_type=product&#038;p=5196"},"modified":"2025-11-16T09:46:37","modified_gmt":"2025-11-16T08:46:37","slug":"dogs4me-dogsport-vest-class","status":"publish","type":"product","link":"https:\/\/dogpride.nl\/fr\/dogs4me-dogsport-vest-class\/","title":{"rendered":"DOGS4ME Gilet de sport canin CLASS"},"content":{"rendered":"<h4>DOGS4ME Gilet de sport canin CLASS<\/h4>\n<p>DOGS4ME Dogsport Vest CLASS. Disponible en 6 couleurs.<\/p>\n<p>Noir rouge<br \/>\nNoir\/Turquoise<br \/>\nNoir\/Rose<br \/>\nVert noir<br \/>\nNoir\/Violet<br \/>\nGris-noir<\/p>\n<p>* Gilet unisexe enti\u00e8rement noir avec bordure color\u00e9e et logo D4M<br \/>\n* Tunnel avec cordon de serrage \u00e0 la taille.<br \/>\n*Le mat\u00e9riau est 100% PES - partiellement \u00e9tanche.<br \/>\n* Poches spacieuses \u00e0 l&#039;arri\u00e8re et \u00e0 l&#039;avant<br \/>\n* 2 poches sup\u00e9rieures recouvertes de fermeture \u00e9clair<br \/>\n* Un anneau sur le c\u00f4t\u00e9 pour la ceinture<br \/>\n* la broderie au dos est dans la couleur de la garniture<br \/>\n* Fermeture \u00e9clair YKK<\/p>\n<p><strong>Ce gilet a une fermeture \u00e9clair normale en standard. Le d\u00e9lai de livraison pour un cardigan avec fermeture \u00e9clair \u00e0 double sens est de \u00b1 2-3 semaines.<\/strong><\/p>\n<p>VOIR LE TABLEAU DES TAILLES<\/p>\n<p><img loading=\"lazy\" decoding=\"async\" class=\"alignnone wp-image-70278 size-full\" src=\"https:\/\/www.dogpride.nl\/wp-content\/uploads\/Maattabel-CLASS.png\" alt=\"Maattabel\" width=\"604\" height=\"321\" srcset=\"https:\/\/dogpride.nl\/wp-content\/uploads\/Maattabel-CLASS.png 604w, https:\/\/dogpride.nl\/wp-content\/uploads\/Maattabel-CLASS-250x133.png 250w, https:\/\/dogpride.nl\/wp-content\/uploads\/Maattabel-CLASS-400x213.png 400w, https:\/\/dogpride.nl\/wp-content\/uploads\/Maattabel-CLASS-300x159.png 300w, https:\/\/dogpride.nl\/wp-content\/uploads\/Maattabel-CLASS-200x106.png 200w, https:\/\/dogpride.nl\/wp-content\/uploads\/Maattabel-CLASS-600x319.png 600w\" sizes=\"auto, (max-width: 604px) 100vw, 604px\" \/><\/p>\n<p><a href=\"https:\/\/dogpride.nl\/fr\/kleding\/trainingsvesten\/dogs4me-trainingsvesten\/\"><img loading=\"lazy\" decoding=\"async\" class=\"alignnone\" title=\"DOGS4ME Gilet de sport canin CLASS \" src=\"https:\/\/dogpride.nl\/wp-content\/uploads\/dogsport-vest-class--150x150.jpg\" alt=\"DOGS4ME Dogsport Vest CLASS \" width=\"150\" height=\"150\" \/><\/a><\/p>\n<p><a href=\"https:\/\/d4m.eu\/en\/\" target=\"_blank\" rel=\"noopener\"><img loading=\"lazy\" decoding=\"async\" class=\"alignnone wp-image-142870 size-medium\" src=\"https:\/\/dogpride.nl\/wp-content\/uploads\/Logo-Dogs4me-2-300x188.jpg\" alt=\"Logo\" width=\"300\" height=\"188\" srcset=\"https:\/\/dogpride.nl\/wp-content\/uploads\/Logo-Dogs4me-2-300x188.jpg 300w, https:\/\/dogpride.nl\/wp-content\/uploads\/Logo-Dogs4me-2-1024x640.jpg 1024w, https:\/\/dogpride.nl\/wp-content\/uploads\/Logo-Dogs4me-2-768x480.jpg 768w, https:\/\/dogpride.nl\/wp-content\/uploads\/Logo-Dogs4me-2-1536x960.jpg 1536w, https:\/\/dogpride.nl\/wp-content\/uploads\/Logo-Dogs4me-2-18x12.jpg 18w, https:\/\/dogpride.nl\/wp-content\/uploads\/Logo-Dogs4me-2-250x156.jpg 250w, https:\/\/dogpride.nl\/wp-content\/uploads\/Logo-Dogs4me-2-400x250.jpg 400w, https:\/\/dogpride.nl\/wp-content\/uploads\/Logo-Dogs4me-2.jpg 1680w\" sizes=\"auto, (max-width: 300px) 100vw, 300px\" \/><\/a><\/p>","protected":false},"excerpt":{"rendered":"<p>D4M Dogsport Vest CLASS. Gilet unisexe enti\u00e8rement noir avec bordure color\u00e9e et logo D4M. Tunnel avec cordon de serrage \u00e0 la taille. Le mat\u00e9riau est 100% PES - partiellement \u00e9tanche.<\/p>","protected":false},"featured_media":27616,"template":"","meta":[],"product_brand":[],"product_cat":[3872],"product_tag":[],"class_list":{"0":"post-5196","1":"product","2":"type-product","3":"status-publish","4":"has-post-thumbnail","6":"product_cat-dogs4me-trainingsvesten","8":"first","9":"instock","10":"taxable","11":"shipping-taxable","12":"purchasable","13":"product-type-variable"},"mb":[],"mfb_rest_fields":["title"],"_links":{"self":[{"href":"https:\/\/dogpride.nl\/fr\/wp-json\/wp\/v2\/product\/5196","targetHints":{"allow":["GET"]}}],"collection":[{"href":"https:\/\/dogpride.nl\/fr\/wp-json\/wp\/v2\/product"}],"about":[{"href":"https:\/\/dogpride.nl\/fr\/wp-json\/wp\/v2\/types\/product"}],"wp:featuredmedia":[{"embeddable":true,"href":"https:\/\/dogpride.nl\/fr\/wp-json\/wp\/v2\/media\/27616"}],"wp:attachment":[{"href":"https:\/\/dogpride.nl\/fr\/wp-json\/wp\/v2\/media?parent=5196"}],"wp:term":[{"taxonomy":"product_brand","embeddable":true,"href":"https:\/\/dogpride.nl\/fr\/wp-json\/wp\/v2\/product_brand?post=5196"},{"taxonomy":"product_cat","embeddable":true,"href":"https:\/\/dogpride.nl\/fr\/wp-json\/wp\/v2\/product_cat?post=5196"},{"taxonomy":"product_tag","embeddable":true,"href":"https:\/\/dogpride.nl\/fr\/wp-json\/wp\/v2\/product_tag?post=5196"}],"curies":[{"name":"wp","href":"https:\/\/api.w.org\/{rel}","templated":true}]}}