{"id":5195,"date":"2020-05-07T15:20:07","date_gmt":"2020-05-07T13:20:07","guid":{"rendered":"https:\/\/dogpride1.wpengine.com\/?post_type=product&#038;p=5195"},"modified":"2025-11-16T09:47:30","modified_gmt":"2025-11-16T08:47:30","slug":"dogs4me-dogsport-vest-look","status":"publish","type":"product","link":"https:\/\/dogpride.nl\/fr\/dogs4me-dogsport-vest-look\/","title":{"rendered":"DOGS4ME Gilet de sport canin LOOK"},"content":{"rendered":"<h4>DOGS4ME Gilet de sport canin LOOK<\/h4>\n<p>DOGS4ME Gilet Dogsport LOOK. Disponible en 4 couleurs.<\/p>\n<p>Gris-noir<br \/>\nNoir\/Bleu<br \/>\nNoir\/Rose<br \/>\nVert noir<\/p>\n<p>* Ce gilet est particuli\u00e8rement adapt\u00e9 aux sports canins<br \/>\n* Gilet plus l\u00e9ger sans capuche<br \/>\n* Le mat\u00e9riau sup\u00e9rieur est en polyamide 100%<br \/>\n* Partiellement \u00e9tanche<br \/>\n* Le gilet a une doublure noire \u2013 100% PES<br \/>\n* Fermeture \u00e9clair YKK<br \/>\n* 4 poches spacieuses + 1 grande au dos<br \/>\n* Anneau pour tenir la ceinture<br \/>\n* La taille peut \u00eatre ajust\u00e9e par un tunnel avec \u00e9lastique<br \/>\n* 1 poche poitrine peut \u00eatre ferm\u00e9e avec une fermeture \u00e9clair, id\u00e9ale pour les t\u00e9l\u00e9phones portables et les cl\u00e9s<\/p>\n<p><strong>Ce gilet a une fermeture \u00e9clair normale en standard. Le d\u00e9lai de livraison pour un cardigan avec fermeture \u00e9clair \u00e0 double sens est de \u00b1 2-3 semaines.<\/strong><\/p>\n<p>TABLEAU DES TAILLES:<\/p>\n<p><img loading=\"lazy\" decoding=\"async\" class=\"alignnone wp-image-70282 size-full\" src=\"https:\/\/www.dogpride.nl\/wp-content\/uploads\/Maattabel-LOOK.png\" alt=\"Maattabel\" width=\"595\" height=\"331\" srcset=\"https:\/\/dogpride.nl\/wp-content\/uploads\/Maattabel-LOOK.png 595w, https:\/\/dogpride.nl\/wp-content\/uploads\/Maattabel-LOOK-250x139.png 250w, https:\/\/dogpride.nl\/wp-content\/uploads\/Maattabel-LOOK-400x223.png 400w, https:\/\/dogpride.nl\/wp-content\/uploads\/Maattabel-LOOK-300x167.png 300w, https:\/\/dogpride.nl\/wp-content\/uploads\/Maattabel-LOOK-200x111.png 200w\" sizes=\"auto, (max-width: 595px) 100vw, 595px\" \/><\/p>\n<p><a href=\"https:\/\/dogpride.nl\/fr\/kleding\/trainingsvesten\/dogs4me-trainingsvesten\/\"><img loading=\"lazy\" decoding=\"async\" class=\"alignnone\" title=\"DOGS4ME Gilet de sport canin LOOK \" src=\"https:\/\/dogpride.nl\/wp-content\/uploads\/dogsport-vest-look-7-150x150.jpg\" alt=\"DOGS4ME Dogsport Vest LOOK \" width=\"150\" height=\"150\" \/><\/a><\/p>\n<p><a href=\"https:\/\/d4m.eu\/en\/\" target=\"_blank\" rel=\"noopener\"><img loading=\"lazy\" decoding=\"async\" class=\"alignnone wp-image-142870 size-medium\" src=\"https:\/\/dogpride.nl\/wp-content\/uploads\/Logo-Dogs4me-2-300x188.jpg\" alt=\"Logo\" width=\"300\" height=\"188\" srcset=\"https:\/\/dogpride.nl\/wp-content\/uploads\/Logo-Dogs4me-2-300x188.jpg 300w, https:\/\/dogpride.nl\/wp-content\/uploads\/Logo-Dogs4me-2-1024x640.jpg 1024w, https:\/\/dogpride.nl\/wp-content\/uploads\/Logo-Dogs4me-2-768x480.jpg 768w, https:\/\/dogpride.nl\/wp-content\/uploads\/Logo-Dogs4me-2-1536x960.jpg 1536w, https:\/\/dogpride.nl\/wp-content\/uploads\/Logo-Dogs4me-2-18x12.jpg 18w, https:\/\/dogpride.nl\/wp-content\/uploads\/Logo-Dogs4me-2-250x156.jpg 250w, https:\/\/dogpride.nl\/wp-content\/uploads\/Logo-Dogs4me-2-400x250.jpg 400w, https:\/\/dogpride.nl\/wp-content\/uploads\/Logo-Dogs4me-2.jpg 1680w\" sizes=\"auto, (max-width: 300px) 100vw, 300px\" \/><\/a><\/p>","protected":false},"excerpt":{"rendered":"<p>Gilet de sport canin D4M LOOK. Ce gilet est particuli\u00e8rement adapt\u00e9 aux sports canins. Gilet plus l\u00e9ger sans capuche. Le mat\u00e9riau sup\u00e9rieur est en polyamide 100%.<\/p>","protected":false},"featured_media":27607,"template":"","meta":[],"product_brand":[],"product_cat":[3872],"product_tag":[],"class_list":{"0":"post-5195","1":"product","2":"type-product","3":"status-publish","4":"has-post-thumbnail","6":"product_cat-dogs4me-trainingsvesten","8":"first","9":"instock","10":"taxable","11":"shipping-taxable","12":"purchasable","13":"product-type-variable"},"mb":[],"mfb_rest_fields":["title"],"_links":{"self":[{"href":"https:\/\/dogpride.nl\/fr\/wp-json\/wp\/v2\/product\/5195","targetHints":{"allow":["GET"]}}],"collection":[{"href":"https:\/\/dogpride.nl\/fr\/wp-json\/wp\/v2\/product"}],"about":[{"href":"https:\/\/dogpride.nl\/fr\/wp-json\/wp\/v2\/types\/product"}],"wp:featuredmedia":[{"embeddable":true,"href":"https:\/\/dogpride.nl\/fr\/wp-json\/wp\/v2\/media\/27607"}],"wp:attachment":[{"href":"https:\/\/dogpride.nl\/fr\/wp-json\/wp\/v2\/media?parent=5195"}],"wp:term":[{"taxonomy":"product_brand","embeddable":true,"href":"https:\/\/dogpride.nl\/fr\/wp-json\/wp\/v2\/product_brand?post=5195"},{"taxonomy":"product_cat","embeddable":true,"href":"https:\/\/dogpride.nl\/fr\/wp-json\/wp\/v2\/product_cat?post=5195"},{"taxonomy":"product_tag","embeddable":true,"href":"https:\/\/dogpride.nl\/fr\/wp-json\/wp\/v2\/product_tag?post=5195"}],"curies":[{"name":"wp","href":"https:\/\/api.w.org\/{rel}","templated":true}]}}