{"id":4778,"date":"2020-03-24T16:12:30","date_gmt":"2020-03-24T15:12:30","guid":{"rendered":"https:\/\/dogpride1.wpengine.com\/?post_type=product&#038;p=4778"},"modified":"2025-11-24T13:37:32","modified_gmt":"2025-11-24T12:37:32","slug":"kong-dotz-triangle-small","status":"publish","type":"product","link":"https:\/\/dogpride.nl\/fr\/kong-dotz-triangle-small\/","title":{"rendered":"KONG Dotz Triangle"},"content":{"rendered":"<h4>KONG Dotz Triangle<\/h4>\n<p><strong>KONG Dotz Triangle<\/strong><br \/>\nKONG Dotz offre une vari\u00e9t\u00e9 de plaisirs de mastication avec des textures en couches pour ravir les m\u00e2cheurs les plus avides. Le rebond ludique et impr\u00e9visible du jouet excite les chiens alors que les picots nettoient les dents et les gencives. Avec couineur \u00e0 l&#039;int\u00e9rieur.<\/p>\n<p>\u2022 Les textures en couches offrent une vari\u00e9t\u00e9 de plaisirs de mastication<br \/>\n\u2022 Les rebonds impr\u00e9visibles cr\u00e9ent de l&#039;excitation<br \/>\n\u2022 Les picots garantissent des dents et des gencives propres<br \/>\n\u2022 Bip \u00e0 l&#039;int\u00e9rieur<\/p>\n<p><strong>Format<\/strong><br \/>\nS \u2013 KONGTDD33E \u2013 10,5 x 11 cm<br \/>\nL \u2013 KONGTDD13E \u2013 15 x 16 cm<\/p>\n<p><a href=\"https:\/\/www.kongcompany.com\/\" target=\"_blank\" rel=\"noopener\"><img loading=\"lazy\" decoding=\"async\" class=\"alignnone wp-image-90622 size-thumbnail\" src=\"https:\/\/dogpride.nl\/wp-content\/uploads\/kong_solid_logo_red-thumb-3-150x150.jpg\" alt=\"KONG\" width=\"150\" height=\"150\" srcset=\"https:\/\/dogpride.nl\/wp-content\/uploads\/kong_solid_logo_red-thumb-3.jpg 150w, https:\/\/dogpride.nl\/wp-content\/uploads\/kong_solid_logo_red-thumb-3-100x100.jpg 100w, https:\/\/dogpride.nl\/wp-content\/uploads\/kong_solid_logo_red-thumb-3-66x66.jpg 66w\" sizes=\"auto, (max-width: 150px) 100vw, 150px\" \/><\/a><\/p>\n<p><a href=\"https:\/\/dogpride.nl\/fr\/speelgoed\/kauwspeelgoed\/\"><img loading=\"lazy\" decoding=\"async\" class=\"alignnone\" title=\"KONG Dotz Triangle\" src=\"https:\/\/dogpride.nl\/wp-content\/uploads\/TDD13E-1-4-150x150.jpg\" alt=\"KONG Dotz Triangle\" width=\"150\" height=\"150\" \/><\/a><\/p>","protected":false},"excerpt":{"rendered":"<p>Le rebond ludique et impr\u00e9visible du jouet excite les chiens alors que les picots nettoient les dents et les gencives. Avec couineur \u00e0 l&#039;int\u00e9rieur.<\/p>","protected":false},"featured_media":26841,"template":"","meta":[],"product_brand":[],"product_cat":[187],"product_tag":[],"class_list":{"0":"post-4778","1":"product","2":"type-product","3":"status-publish","4":"has-post-thumbnail","6":"product_cat-kauwspeelgoed","8":"first","9":"instock","10":"taxable","11":"shipping-taxable","12":"purchasable","13":"product-type-variable"},"mb":[],"mfb_rest_fields":["title"],"_links":{"self":[{"href":"https:\/\/dogpride.nl\/fr\/wp-json\/wp\/v2\/product\/4778","targetHints":{"allow":["GET"]}}],"collection":[{"href":"https:\/\/dogpride.nl\/fr\/wp-json\/wp\/v2\/product"}],"about":[{"href":"https:\/\/dogpride.nl\/fr\/wp-json\/wp\/v2\/types\/product"}],"wp:featuredmedia":[{"embeddable":true,"href":"https:\/\/dogpride.nl\/fr\/wp-json\/wp\/v2\/media\/26841"}],"wp:attachment":[{"href":"https:\/\/dogpride.nl\/fr\/wp-json\/wp\/v2\/media?parent=4778"}],"wp:term":[{"taxonomy":"product_brand","embeddable":true,"href":"https:\/\/dogpride.nl\/fr\/wp-json\/wp\/v2\/product_brand?post=4778"},{"taxonomy":"product_cat","embeddable":true,"href":"https:\/\/dogpride.nl\/fr\/wp-json\/wp\/v2\/product_cat?post=4778"},{"taxonomy":"product_tag","embeddable":true,"href":"https:\/\/dogpride.nl\/fr\/wp-json\/wp\/v2\/product_tag?post=4778"}],"curies":[{"name":"wp","href":"https:\/\/api.w.org\/{rel}","templated":true}]}}