{"id":4722,"date":"2020-03-24T10:10:10","date_gmt":"2020-03-24T09:10:10","guid":{"rendered":"https:\/\/dogpride1.wpengine.com\/?post_type=product&#038;p=4722"},"modified":"2026-01-29T12:42:31","modified_gmt":"2026-01-29T11:42:31","slug":"kong-jumbler-ball-voor-dubbel-zoveel-plezier","status":"publish","type":"product","link":"https:\/\/dogpride.nl\/fr\/kong-jumbler-ball-voor-dubbel-zoveel-plezier\/","title":{"rendered":"Balle KONG Jumbler"},"content":{"rendered":"<h4>Balle KONG Jumbler<\/h4>\n<p>Balle KONG Jumbler<\/p>\n<p><strong>Balle KONG Jumbler<\/strong><br \/>\nLe KONG Jumbler est une balle de jeu deux en un pour deux fois plus de plaisir interactif. La balle de tennis \u00e0 l&#039;int\u00e9rieur et le couineur percutant procurent un plaisir irr\u00e9sistible \u00e0 votre chien et gr\u00e2ce aux poign\u00e9es pratiques, vous pouvez facilement le saisir et le secouer. Le Jumbler peut r\u00e9sister \u00e0 un jeu intensif, ce qui le rend id\u00e9al pour r\u00e9cup\u00e9rer.<\/p>\n<p>\u2022 Balle rebondissante et couineur \u00e0 l&#039;int\u00e9rieur qui invitent au jeu<br \/>\n\u2022 Id\u00e9al pour le plaisir interactif<br \/>\n\u2022 Poign\u00e9es pour ramasser et secouer facilement<\/p>\n<p><strong>Format<\/strong><br \/>\nKONGTMB2E : Moyen\/Grand \u2013 \u00f8 13,97 cm<br \/>\nKONGTMB1E : Grand\/Tr\u00e8s grand \u2013 \u00f8 17,78 cm<\/p>\n<p><a href=\"https:\/\/www.kongcompany.com\/\" target=\"_blank\" rel=\"noopener\"><img loading=\"lazy\" decoding=\"async\" class=\"alignnone wp-image-71733 size-full\" title=\"Balle KONG Jumbler\" src=\"https:\/\/dogpride.nl\/wp-content\/uploads\/kong_solid_logo_red-thumb-1.jpg\" alt=\"KONG Jumbler Ball\" width=\"150\" height=\"150\" srcset=\"https:\/\/dogpride.nl\/wp-content\/uploads\/kong_solid_logo_red-thumb-1.jpg 150w, https:\/\/dogpride.nl\/wp-content\/uploads\/kong_solid_logo_red-thumb-1-100x100.jpg 100w, https:\/\/dogpride.nl\/wp-content\/uploads\/kong_solid_logo_red-thumb-1-66x66.jpg 66w\" sizes=\"auto, (max-width: 150px) 100vw, 150px\" \/><\/a><\/p>\n<p><a href=\"https:\/\/dogpride.nl\/fr\/speelgoed\/ballen-apporteren\/?product-page=3\"><img loading=\"lazy\" decoding=\"async\" class=\"alignnone\" title=\"Balle KONG Jumbler\" src=\"https:\/\/dogpride.nl\/wp-content\/uploads\/TMB2E-4-4-150x150.jpg\" alt=\"KONG Jumbler Ball\" width=\"150\" height=\"150\" \/><\/a><\/p>","protected":false},"excerpt":{"rendered":"<p>Le KONG Jumbler est une balle de jeu deux en un pour deux fois plus de plaisir interactif. La balle de tennis \u00e0 l&#039;int\u00e9rieur et le couineur percutant procurent un plaisir irr\u00e9sistible \u00e0 votre chien et gr\u00e2ce aux poign\u00e9es pratiques, vous pouvez facilement le saisir et le secouer.<\/p>","protected":false},"featured_media":26743,"template":"","meta":[],"product_brand":[],"product_cat":[22512],"product_tag":[],"class_list":{"0":"post-4722","1":"product","2":"type-product","3":"status-publish","4":"has-post-thumbnail","6":"product_cat-kong-speelgoed","8":"first","9":"instock","10":"taxable","11":"shipping-taxable","12":"purchasable","13":"product-type-variable"},"mb":[],"mfb_rest_fields":["title"],"_links":{"self":[{"href":"https:\/\/dogpride.nl\/fr\/wp-json\/wp\/v2\/product\/4722","targetHints":{"allow":["GET"]}}],"collection":[{"href":"https:\/\/dogpride.nl\/fr\/wp-json\/wp\/v2\/product"}],"about":[{"href":"https:\/\/dogpride.nl\/fr\/wp-json\/wp\/v2\/types\/product"}],"wp:featuredmedia":[{"embeddable":true,"href":"https:\/\/dogpride.nl\/fr\/wp-json\/wp\/v2\/media\/26743"}],"wp:attachment":[{"href":"https:\/\/dogpride.nl\/fr\/wp-json\/wp\/v2\/media?parent=4722"}],"wp:term":[{"taxonomy":"product_brand","embeddable":true,"href":"https:\/\/dogpride.nl\/fr\/wp-json\/wp\/v2\/product_brand?post=4722"},{"taxonomy":"product_cat","embeddable":true,"href":"https:\/\/dogpride.nl\/fr\/wp-json\/wp\/v2\/product_cat?post=4722"},{"taxonomy":"product_tag","embeddable":true,"href":"https:\/\/dogpride.nl\/fr\/wp-json\/wp\/v2\/product_tag?post=4722"}],"curies":[{"name":"wp","href":"https:\/\/api.w.org\/{rel}","templated":true}]}}