{"id":3684,"date":"2020-02-11T15:49:41","date_gmt":"2020-02-11T14:49:41","guid":{"rendered":"https:\/\/dogpride1.wpengine.com\/?post_type=product&#038;p=3684"},"modified":"2025-10-27T15:00:03","modified_gmt":"2025-10-27T14:00:03","slug":"pride-verstelbare-zachte-nylon-halsband-reflecterend","status":"publish","type":"product","link":"https:\/\/dogpride.nl\/fr\/pride-verstelbare-zachte-nylon-halsband-reflecterend\/","title":{"rendered":"PRIDE Collier ajustable en nylon doux R\u00c9FL\u00c9CHISSANT"},"content":{"rendered":"<h4>PRIDE Collier ajustable en nylon doux R\u00c9FL\u00c9CHISSANT<\/h4>\n<p>PRIDE Collier ajustable en nylon doux R\u00c9FL\u00c9CHISSANT<\/p>\n<div>Reflecterende verstelbare zachte nylon halsband<br \/>\nDeze PRIDE Verstelbare zachte nylon halsband REFLECTEREND is 4 cm breed.<br \/>\nGeschikt voor middelgrote hondenrassen. Deze reflecterend nylon halsband is een perfecte keuze van een betrouwbaar hulpmiddel voor controle over een middelgrote tot grote hond.<br \/>\nNous utilisons du nylon de qualit\u00e9 pour vous offrir un bon service tout en conservant son apparence et sa durabilit\u00e9.<br \/>\nCe collier en nylon est un outil confortable pour promener et dresser les chiens. Il est confortable de pouvoir attraper votre chien en cas de besoin, lors d&#039;une s\u00e9ance d&#039;entra\u00eenement ou en public pour le garder pr\u00e8s de vous. Tr\u00e8s confortable pour les bergers allemands et les chiens de grandes races<\/div>\n<div>\n<p>La longueur du col est r\u00e9glable (voir tailles).<\/p>\n<p>Deze reflecterende nylon halsband is een van de meest favoriete accessoires van onze klanten. Kies deze bestseller reflecterende nylon halsband voor uw hond en probeer de functionaliteit, duurzaamheid en kwaliteit.<\/p>\n<p>La doublure ajoute environ 5 mm ou un peu plus de chaque c\u00f4t\u00e9 \u00e0 la largeur du col. Ainsi, un collier command\u00e9 dans une largeur de 40 mm aurait une largeur r\u00e9elle d&#039;environ 50 mm.<\/p>\n<p>Essayez notre collier solide pour une utilisation confortable, fiable et durable et un look \u00e9l\u00e9gant pour votre chien. Votre animal de compagnie m\u00e9rite la meilleure qualit\u00e9 !<\/p>\n<\/div>\n<div><\/div>\n<div>Mati\u00e8re : nylon doubl\u00e9<br \/>\nCouleurs disponibles : noir et rouge \/ noir et vert \/ noir et bleu \/ noir et jaune \/ noir et fluo \/ noir et orange \/ noir et bleu ciel<br \/>\nLargeur : 40 mm<br \/>\nTaille M : 40-45 cm,\u00a0<span style=\"color: #000000; background-color: #ffffff; font-size: 10pt; text-align: left; display: inline !important; float: none; text-decoration: none;\">L : 45-52 cm<\/span><br \/>\nR\u00e9fl\u00e9chissant<\/div>\n<div><\/div>\n<div><a href=\"https:\/\/www.dogpride.eu\/\" target=\"_blank\" rel=\"noopener\"><img loading=\"lazy\" decoding=\"async\" class=\"alignnone wp-image-70657 size-medium\" src=\"https:\/\/dogpride.nl\/wp-content\/uploads\/Logo-Pride2-1-300x96.png\" alt=\"\" width=\"300\" height=\"96\" srcset=\"https:\/\/dogpride.nl\/wp-content\/uploads\/Logo-Pride2-1-300x96.png 300w, https:\/\/dogpride.nl\/wp-content\/uploads\/Logo-Pride2-1-250x80.png 250w, https:\/\/dogpride.nl\/wp-content\/uploads\/Logo-Pride2-1-200x64.png 200w, https:\/\/dogpride.nl\/wp-content\/uploads\/Logo-Pride2-1.png 327w\" sizes=\"auto, (max-width: 300px) 100vw, 300px\" \/><\/a><\/div>\n<div><a href=\"https:\/\/dogpride.nl\/fr\/pride-verstelbare-zachte-nylon-halsband-reflecterend\/\"><img loading=\"lazy\" decoding=\"async\" class=\"alignnone wp-image-136938\" title=\"PRIDE Collier ajustable en nylon doux R\u00c9FL\u00c9CHISSANT\" src=\"https:\/\/dogpride.nl\/wp-content\/uploads\/PRIDE-Verstelbare-zachte-nylon-halsband-REFLECTEREND.png\" alt=\"PRIDE Verstelbare zachte nylon halsband REFLECTEREND\" width=\"279\" height=\"186\" srcset=\"https:\/\/dogpride.nl\/wp-content\/uploads\/PRIDE-Verstelbare-zachte-nylon-halsband-REFLECTEREND.png 1820w, https:\/\/dogpride.nl\/wp-content\/uploads\/PRIDE-Verstelbare-zachte-nylon-halsband-REFLECTEREND-300x200.png 300w, https:\/\/dogpride.nl\/wp-content\/uploads\/PRIDE-Verstelbare-zachte-nylon-halsband-REFLECTEREND-1024x681.png 1024w, https:\/\/dogpride.nl\/wp-content\/uploads\/PRIDE-Verstelbare-zachte-nylon-halsband-REFLECTEREND-768x511.png 768w, https:\/\/dogpride.nl\/wp-content\/uploads\/PRIDE-Verstelbare-zachte-nylon-halsband-REFLECTEREND-1536x1022.png 1536w, https:\/\/dogpride.nl\/wp-content\/uploads\/PRIDE-Verstelbare-zachte-nylon-halsband-REFLECTEREND-18x12.png 18w, https:\/\/dogpride.nl\/wp-content\/uploads\/PRIDE-Verstelbare-zachte-nylon-halsband-REFLECTEREND-250x166.png 250w, https:\/\/dogpride.nl\/wp-content\/uploads\/PRIDE-Verstelbare-zachte-nylon-halsband-REFLECTEREND-400x266.png 400w\" sizes=\"auto, (max-width: 279px) 100vw, 279px\" \/><\/a><\/div>\n<div><\/div>\n<div>\n<p>&nbsp;<\/p>\n<\/div>","protected":false},"excerpt":{"rendered":"<p>PRIDE Collier ajustable en nylon souple R\u00c9FL\u00c9CHISSANT. Ce collier en nylon r\u00e9fl\u00e9chissant est un choix parfait d&#039;outil fiable pour votre chien.<\/p>","protected":false},"featured_media":21059,"template":"","meta":[],"product_brand":[],"product_cat":[90],"product_tag":[8486,8254,6349,3332,10823,10759,10780,10824,4866,10825,3157,7444,3389],"class_list":{"0":"post-3684","1":"product","2":"type-product","3":"status-publish","4":"has-post-thumbnail","6":"product_cat-pride-hondenhalsbanden","7":"product_tag-comfortabel","8":"product_tag-duurzaam","9":"product_tag-hondenhalsband","10":"product_tag-hondensport","11":"product_tag-luxe-accessoire","12":"product_tag-pride-collectie","13":"product_tag-pride-halsband","14":"product_tag-robuust","15":"product_tag-sterke-halsband","16":"product_tag-stijlvol","17":"product_tag-training","18":"product_tag-verstelbaar","19":"product_tag-werkhond","21":"first","22":"instock","23":"taxable","24":"shipping-taxable","25":"purchasable","26":"product-type-variable"},"mb":[],"mfb_rest_fields":["title"],"_links":{"self":[{"href":"https:\/\/dogpride.nl\/fr\/wp-json\/wp\/v2\/product\/3684","targetHints":{"allow":["GET"]}}],"collection":[{"href":"https:\/\/dogpride.nl\/fr\/wp-json\/wp\/v2\/product"}],"about":[{"href":"https:\/\/dogpride.nl\/fr\/wp-json\/wp\/v2\/types\/product"}],"wp:featuredmedia":[{"embeddable":true,"href":"https:\/\/dogpride.nl\/fr\/wp-json\/wp\/v2\/media\/21059"}],"wp:attachment":[{"href":"https:\/\/dogpride.nl\/fr\/wp-json\/wp\/v2\/media?parent=3684"}],"wp:term":[{"taxonomy":"product_brand","embeddable":true,"href":"https:\/\/dogpride.nl\/fr\/wp-json\/wp\/v2\/product_brand?post=3684"},{"taxonomy":"product_cat","embeddable":true,"href":"https:\/\/dogpride.nl\/fr\/wp-json\/wp\/v2\/product_cat?post=3684"},{"taxonomy":"product_tag","embeddable":true,"href":"https:\/\/dogpride.nl\/fr\/wp-json\/wp\/v2\/product_tag?post=3684"}],"curies":[{"name":"wp","href":"https:\/\/api.w.org\/{rel}","templated":true}]}}