{"id":3669,"date":"2020-02-05T12:10:39","date_gmt":"2020-02-05T11:10:39","guid":{"rendered":"https:\/\/dogpride1.wpengine.com\/?post_type=product&#038;p=3669"},"modified":"2025-12-02T18:17:40","modified_gmt":"2025-12-02T17:17:40","slug":"julius-k9-idc-hondentuig-longwalk-rood-grijs","status":"publish","type":"product","link":"https:\/\/dogpride.nl\/fr\/julius-k9-idc-hondentuig-longwalk-rood-grijs\/","title":{"rendered":"Julius K9 IDC Harnais pour Chien Longwalk Rouge\/Gris"},"content":{"rendered":"<h4>Julius K9 IDC Harnais pour Chien Longwalk Rouge\/Gris<\/h4>\n<p>The Julius K9 IDC Dog Harness Longwalk Rouge\/Gris<span style=\"color: #000000; background-color: #ffffff; font-size: 13.33px; text-align: left; display: inline; float: none; text-decoration: none;\">\u00a0est un harnais de haute qualit\u00e9 pour les articulations du chien, id\u00e9al pour les longues promenades.<\/span><br style=\"color: #000000; font-size: 13.33px; text-align: left; text-decoration: none;\" \/><span style=\"color: #000000; background-color: #ffffff; font-size: 13.33px; text-align: left; display: inline; float: none; text-decoration: none;\"> Ce harnais pour chien haut de gamme de la c\u00e9l\u00e8bre marque Julius K9 est le harnais pour les propri\u00e9taires qui aiment faire de longues promenades avec leur chien et pour tous ceux qui privil\u00e9gient le confort !<\/span><\/p>\n<p><span style=\"color: #000000; background-color: #ffffff; font-size: 13.33px; text-align: left; display: inline; float: none; text-decoration: none;\">Ce harnais est \u00e9quip\u00e9 d&#039;\u00e9l\u00e9ments \u00e9lastiques en trois points cruciaux : ces \u00e9l\u00e9ments absorbent les vibrations auxquelles le chien est expos\u00e9 lors de la marche.<br \/>\nDe cette fa\u00e7on, les articulations sont prot\u00e9g\u00e9es et le chien a une libert\u00e9 de mouvement maximale pendant la marche. Cette technique a valu au gr\u00e9ement le Red Dot Award 2019 pour le design et la couleur !<br \/>\nLa fixation velcro vous permet d&#039;adapter parfaitement le harnais Long Walk \u00e0 votre chien et les \u00e9l\u00e9ments r\u00e9fl\u00e9chissants assurent une bonne visibilit\u00e9.<br \/>\nIl est \u00e9galement possible d&#039;attacher des sacs lat\u00e9raux ou des lampes de poche au harnais. Pour couronner le tout, vous pouvez remplacer les \u00e9tiquettes par les autres jolies variantes bien connues des \u00e9tiquettes Julius !<\/span><\/p>\n<p><a href=\"https:\/\/dogpride.nl\/fr\/hondenlijnen\/julius-k9-harnassen\/\"><img loading=\"lazy\" decoding=\"async\" class=\"alignnone\" title=\"Julius K9 IDC Harnais pour Chien Longwalk Rouge\/Gris\" src=\"https:\/\/dogpride.nl\/wp-content\/uploads\/julius-k9-idc-hondentuig-longwalk-rood-grijs.png\" alt=\"Julius K9 IDC Hondentuig Longwalk Rood\/Grijs\" width=\"123\" height=\"129\" \/><\/a><\/p>\n<ul>\n<li><span style=\"color: #000000; background-color: #ffffff; font-size: 13.33px; text-align: left; display: inline; float: none; text-decoration: none;\">Harnais pour chien de haute qualit\u00e9 de la c\u00e9l\u00e8bre marque Julius K9<\/span><\/li>\n<li><span style=\"color: #000000; background-color: #ffffff; font-size: 13.33px; text-align: left; display: inline; float: none; text-decoration: none;\">Sp\u00e9cialement con\u00e7u pour un grand confort et une libert\u00e9 de mouvement<\/span><\/li>\n<li><span style=\"color: #000000; background-color: #ffffff; font-size: 13.33px; text-align: left; display: inline; float: none; text-decoration: none;\">Les articulations sont prot\u00e9g\u00e9es par les \u00e9l\u00e9ments \u00e9lastiques sp\u00e9ciaux<\/span><\/li>\n<li><span style=\"color: #000000; background-color: #ffffff; font-size: 13.33px; text-align: left; display: inline; float: none; text-decoration: none;\">Avec des parties r\u00e9fl\u00e9chissantes pour une bonne visibilit\u00e9<\/span><\/li>\n<li><span style=\"color: #000000; background-color: #ffffff; font-size: 13.33px; text-align: left; display: inline; float: none; text-decoration: none;\">La possibilit\u00e9 de fixer des sacs lat\u00e9raux ou des lampes de poche<\/span><\/li>\n<li><span style=\"color: #000000; background-color: #ffffff; font-size: 13.33px; text-align: left; display: inline; float: none; text-decoration: none;\">R\u00e9glable pour un ajustement parfait<\/span><\/li>\n<\/ul>\n<p><span style=\"color: #000000; background-color: #ffffff; font-size: 13.33px; text-align: left; display: inline; float: none; text-decoration: none;\">Taille : S<\/span><br style=\"color: #000000; font-size: 13.33px; text-align: left; text-decoration: none;\" \/><br style=\"color: #000000; font-size: 13.33px; text-align: left; text-decoration: none;\" \/><span style=\"color: #000000; background-color: #ffffff; font-size: 13.33px; text-align: left; display: inline; float: none; text-decoration: none;\"> Dimensions:<\/span><br style=\"color: #000000; font-size: 13.33px; text-align: left; text-decoration: none;\" \/><span style=\"color: #000000; background-color: #ffffff; font-size: 13.33px; text-align: left; display: inline; float: none; text-decoration: none;\"> Tour de ventre 55 \u2013 76 cm\u00a0<\/span><br style=\"color: #000000; font-size: 13.33px; text-align: left; text-decoration: none;\" \/><span style=\"color: #000000; background-color: #ffffff; font-size: 13.33px; text-align: left; display: inline; float: none; text-decoration: none;\"> Tour de cou : 38-46 cm<\/span><br style=\"color: #000000; font-size: 13.33px; text-align: left; text-decoration: none;\" \/><span style=\"color: #000000; background-color: #ffffff; font-size: 13.33px; text-align: left; display: inline; float: none; text-decoration: none;\"> Poids du chien : 9-15 kg\u00a0<\/span><\/p>\n<p style=\"color: #000000; font-size: 13px; text-align: left; text-decoration: none;\"><span style=\"color: #000000; background-color: #ffffff; font-size: 13.33px; text-align: left; display: inline; float: none; text-decoration: none;\">Taille M<\/span><br style=\"color: #000000; font-size: 13.33px; text-align: left; text-decoration: none;\" \/><br style=\"color: #000000; font-size: 13.33px; text-align: left; text-decoration: none;\" \/><span style=\"color: #000000; background-color: #ffffff; font-size: 13.33px; text-align: left; display: inline; float: none; text-decoration: none;\"> Dimensions:<\/span><br style=\"color: #000000; font-size: 13.33px; text-align: left; text-decoration: none;\" \/><span style=\"color: #000000; background-color: #ffffff; font-size: 13.33px; text-align: left; display: inline; float: none; text-decoration: none;\"> Tour de ventre 55 \u2013 76 cm\u00a0<\/span><br style=\"color: #000000; font-size: 13.33px; text-align: left; text-decoration: none;\" \/><span style=\"color: #000000; background-color: #ffffff; font-size: 13.33px; text-align: left; display: inline; float: none; text-decoration: none;\"> Tour de cou : 38-46 cm<\/span><br style=\"color: #000000; font-size: 13.33px; text-align: left; text-decoration: none;\" \/><span style=\"color: #000000; background-color: #ffffff; font-size: 13.33px; text-align: left; display: inline; float: none; text-decoration: none;\"> Poids du chien : 14-20 kg\u00a0<\/span><\/p>\n<p style=\"color: #000000; font-size: 13px; text-align: left; text-decoration: none;\"><span style=\"color: #000000; background-color: #ffffff; font-size: 13.33px; text-align: left; display: inline; float: none; text-decoration: none;\">Taille L<\/span><br style=\"color: #000000; font-size: 13.33px; text-align: left; text-decoration: none;\" \/><br style=\"color: #000000; font-size: 13.33px; text-align: left; text-decoration: none;\" \/><span style=\"color: #000000; background-color: #ffffff; font-size: 13.33px; text-align: left; display: inline; float: none; text-decoration: none;\"> Dimensions:<\/span><br style=\"color: #000000; font-size: 13.33px; text-align: left; text-decoration: none;\" \/><span style=\"color: #000000; background-color: #ffffff; font-size: 13.33px; text-align: left; display: inline; float: none; text-decoration: none;\"> Tour de ventre 66 \u2013 86 cm\u00a0<\/span><br style=\"color: #000000; font-size: 13.33px; text-align: left; text-decoration: none;\" \/><span style=\"color: #000000; background-color: #ffffff; font-size: 13.33px; text-align: left; display: inline; float: none; text-decoration: none;\"> Tour de cou : 43 - 60 cm<\/span><br style=\"color: #000000; font-size: 13.33px; text-align: left; text-decoration: none;\" \/><span style=\"color: #000000; background-color: #ffffff; font-size: 13.33px; text-align: left; display: inline; float: none; text-decoration: none;\"> Poids du chien : 16 \u2013 22 kg\u00a0<\/span><\/p>\n<p style=\"color: #000000; font-size: 13px; text-align: left; text-decoration: none;\"><span style=\"color: #000000; background-color: #ffffff; font-size: 13.33px; text-align: left; display: inline; float: none; text-decoration: none;\">Taille : XL<\/span><br style=\"color: #000000; font-size: 13.33px; text-align: left; text-decoration: none;\" \/><br style=\"color: #000000; font-size: 13.33px; text-align: left; text-decoration: none;\" \/><span style=\"color: #000000; background-color: #ffffff; font-size: 13.33px; text-align: left; display: inline; float: none; text-decoration: none;\"> Dimensions:<\/span><br style=\"color: #000000; font-size: 13.33px; text-align: left; text-decoration: none;\" \/><span style=\"color: #000000; background-color: #ffffff; font-size: 13.33px; text-align: left; display: inline; float: none; text-decoration: none;\"> Tour de ventre 70 \u2013 96 cm\u00a0<\/span><br style=\"color: #000000; font-size: 13.33px; text-align: left; text-decoration: none;\" \/><span style=\"color: #000000; background-color: #ffffff; font-size: 13.33px; text-align: left; display: inline; float: none; text-decoration: none;\"> Tour de cou : 50 - 70 cm<\/span><br style=\"color: #000000; font-size: 13.33px; text-align: left; text-decoration: none;\" \/><span style=\"color: #000000; background-color: #ffffff; font-size: 13.33px; text-align: left; display: inline; float: none; text-decoration: none;\"> Poids du chien : 20-28 kg\u00a0<\/span><\/p>\n<p style=\"color: #000000; font-size: 13px; text-align: left; text-decoration: none;\"><span style=\"color: #000000; background-color: #ffffff; font-size: 13.33px; text-align: left; display: inline; float: none; text-decoration: none;\">Taille : XXL<\/span><br style=\"color: #000000; font-size: 13.33px; text-align: left; text-decoration: none;\" \/><br style=\"color: #000000; font-size: 13.33px; text-align: left; text-decoration: none;\" \/><span style=\"color: #000000; background-color: #ffffff; font-size: 13.33px; text-align: left; display: inline; float: none; text-decoration: none;\"> Dimensions:<\/span><br style=\"color: #000000; font-size: 13.33px; text-align: left; text-decoration: none;\" \/><span style=\"color: #000000; background-color: #ffffff; font-size: 13.33px; text-align: left; display: inline; float: none; text-decoration: none;\"> Tour de ventre 70 \u2013 96 cm\u00a0<\/span><br style=\"color: #000000; font-size: 13.33px; text-align: left; text-decoration: none;\" \/><span style=\"color: #000000; background-color: #ffffff; font-size: 13.33px; text-align: left; display: inline; float: none; text-decoration: none;\"> Tour de cou : 50 - 70 cm<\/span><br style=\"color: #000000; font-size: 13.33px; text-align: left; text-decoration: none;\" \/><span style=\"color: #000000; background-color: #ffffff; font-size: 13.33px; text-align: left; display: inline; float: none; text-decoration: none;\"> Poids du chien : 23 \u2013 35 kg\u00a0<\/span><\/p>\n<p><a href=\"https:\/\/dogpride.nl\/fr\/hondenlijnen\/julius-k9-harnassen\/\"><img loading=\"lazy\" decoding=\"async\" class=\"alignnone\" title=\"Julius K9 IDC Harnais pour Chien Longwalk Rouge\/Gris\" src=\"https:\/\/dogpride.nl\/wp-content\/uploads\/julius-k9-idc-hondentuig-longwalk-rood-grijs.png\" alt=\"Julius K9 IDC Hondentuig Longwalk Rood\/Grijs\" width=\"123\" height=\"129\" \/><\/a><\/p>\n<p><a href=\"https:\/\/www.k9shop.nl\/\" target=\"_blank\" rel=\"noopener\"><img loading=\"lazy\" decoding=\"async\" class=\"alignnone wp-image-147096 size-full\" src=\"https:\/\/dogpride.nl\/wp-content\/uploads\/Logo-K9-shop.jpg\" alt=\"Logo K9 shop\" width=\"201\" height=\"86\" srcset=\"https:\/\/dogpride.nl\/wp-content\/uploads\/Logo-K9-shop.jpg 201w, https:\/\/dogpride.nl\/wp-content\/uploads\/Logo-K9-shop-18x8.jpg 18w\" sizes=\"auto, (max-width: 201px) 100vw, 201px\" \/><\/a><\/p>","protected":false},"excerpt":{"rendered":"<p>Julius K9 IDC Harnais pour Chien Longwalk Rouge\/Gris<\/p>","protected":false},"featured_media":21056,"template":"","meta":[],"product_brand":[],"product_cat":[9270],"product_tag":[],"class_list":{"0":"post-3669","1":"product","2":"type-product","3":"status-publish","4":"has-post-thumbnail","6":"product_cat-julius-k9-harnassen","8":"first","9":"instock","10":"taxable","11":"shipping-taxable","12":"purchasable","13":"product-type-variable"},"mb":[],"mfb_rest_fields":["title"],"_links":{"self":[{"href":"https:\/\/dogpride.nl\/fr\/wp-json\/wp\/v2\/product\/3669","targetHints":{"allow":["GET"]}}],"collection":[{"href":"https:\/\/dogpride.nl\/fr\/wp-json\/wp\/v2\/product"}],"about":[{"href":"https:\/\/dogpride.nl\/fr\/wp-json\/wp\/v2\/types\/product"}],"wp:featuredmedia":[{"embeddable":true,"href":"https:\/\/dogpride.nl\/fr\/wp-json\/wp\/v2\/media\/21056"}],"wp:attachment":[{"href":"https:\/\/dogpride.nl\/fr\/wp-json\/wp\/v2\/media?parent=3669"}],"wp:term":[{"taxonomy":"product_brand","embeddable":true,"href":"https:\/\/dogpride.nl\/fr\/wp-json\/wp\/v2\/product_brand?post=3669"},{"taxonomy":"product_cat","embeddable":true,"href":"https:\/\/dogpride.nl\/fr\/wp-json\/wp\/v2\/product_cat?post=3669"},{"taxonomy":"product_tag","embeddable":true,"href":"https:\/\/dogpride.nl\/fr\/wp-json\/wp\/v2\/product_tag?post=3669"}],"curies":[{"name":"wp","href":"https:\/\/api.w.org\/{rel}","templated":true}]}}