{"id":3393,"date":"2020-01-10T14:42:26","date_gmt":"2020-01-10T13:42:26","guid":{"rendered":"https:\/\/dogpride1.wpengine.com\/?post_type=product&#038;p=3393"},"modified":"2025-11-16T09:47:48","modified_gmt":"2025-11-16T08:47:48","slug":"dogs4me-dogsport-vest-costa","status":"publish","type":"product","link":"https:\/\/dogpride.nl\/fr\/dogs4me-dogsport-vest-costa\/","title":{"rendered":"DOGS4ME Gilet de sport canin Costa"},"content":{"rendered":"<h4>DOGS4ME Gilet de sport canin Costa<\/h4>\n<div>\n<p>DOGS4ME Gilet de sport canin Costa<\/p>\n<p>Mat\u00e9riau sup\u00e9rieur polyamide 100% - raclette<br \/>\nPartiellement \u00e9tanche, le fond est caoutchout\u00e9<br \/>\nLe gilet a une doublure noire de qualit\u00e9 \u2013 100% PES<br \/>\nFermetures \u00e0 glissi\u00e8re de marque YKK<\/p>\n<p>Une combinaison attrayante de 3 couleurs, la couleur de base est le noir, donc pratique pour l&#039;entra\u00eenement<br \/>\nLe gilet a une capuche qui fait partie du col, ce qui le rend id\u00e9al pour une utilisation par temps humide.<br \/>\nAnneau en D pour tenir la ceinture<br \/>\n2 poches avant spacieuses + 1 grande poche arri\u00e8re<br \/>\nTop 2 poches zipp\u00e9es couvertes id\u00e9ales pour les t\u00e9l\u00e9phones portables et les cl\u00e9s<br \/>\nLa taille peut \u00eatre ajust\u00e9e gr\u00e2ce \u00e0 un tunnel avec \u00e9lastique<br \/>\nA l&#039;arri\u00e8re, le gilet pr\u00e9sente une \u00e9l\u00e9gante broderie patte, qui est plac\u00e9e dans une bande grise. Broderie couleur casquette.<\/p>\n<\/div>\n<div><\/div>\n<div>\n<p style=\"color: #000000; font-size: 13px; text-align: left; text-decoration: none;\">Ce cardigan est disponible dans les coloris suivants : Carreaux noir\/blanc, Violet, Vert, Rose, Orange, Turquoise, Aubergine.<\/p>\n<p style=\"color: #000000; font-size: 13px; text-align: left; text-decoration: none;\">Tailles Xs \u00e0 XXL (ou adapt\u00e9 \u00e0 votre taille)<\/p>\n<p><strong>Ce gilet a une fermeture \u00e9clair normale en standard. Le d\u00e9lai de livraison pour un cardigan avec fermeture \u00e9clair \u00e0 double sens est de \u00b1 2-3 semaines.<\/strong><\/p>\n<\/div>\n<div>VOIR LE TABLEAU DES TAILLES<\/div>\n<div><\/div>\n<div><img decoding=\"async\" src=\"\/data\/upload\/images\/costa.jpg\" alt=\"\" width=\"450\" \/><img loading=\"lazy\" decoding=\"async\" class=\"alignnone wp-image-70284 size-full\" src=\"https:\/\/www.dogpride.nl\/wp-content\/uploads\/costa.jpg\" alt=\"\" width=\"595\" height=\"327\" srcset=\"https:\/\/dogpride.nl\/wp-content\/uploads\/costa.jpg 595w, https:\/\/dogpride.nl\/wp-content\/uploads\/costa-250x137.jpg 250w, https:\/\/dogpride.nl\/wp-content\/uploads\/costa-400x220.jpg 400w, https:\/\/dogpride.nl\/wp-content\/uploads\/costa-300x165.jpg 300w, https:\/\/dogpride.nl\/wp-content\/uploads\/costa-200x110.jpg 200w\" sizes=\"auto, (max-width: 595px) 100vw, 595px\" \/><\/div>\n<div><\/div>\n<div><a href=\"https:\/\/dogpride.nl\/fr\/kleding\/trainingsvesten\/dogs4me-trainingsvesten\/\"><img loading=\"lazy\" decoding=\"async\" class=\"alignnone\" title=\"DOGS4ME Gilet de sport canin Costa\" src=\"https:\/\/dogpride.nl\/wp-content\/uploads\/dogsport-vest-costa7-4-150x150.jpg\" alt=\"DOGS4ME Dogsport Vest Costa\" width=\"150\" height=\"150\" \/><\/a><\/div>\n<div><span style=\"color: #ffffff;\"><a style=\"color: #ffffff;\" href=\"https:\/\/d4m.eu\/en\" target=\"_blank\" rel=\"noopener\">https:\/\/d4m.eu\/en<\/a>\/<\/span><\/div>\n<div><a href=\"https:\/\/d4m.eu\/en\/\" target=\"_blank\" rel=\"noopener\"><img loading=\"lazy\" decoding=\"async\" class=\"alignnone wp-image-142870 size-medium\" src=\"https:\/\/dogpride.nl\/wp-content\/uploads\/Logo-Dogs4me-2-300x188.jpg\" alt=\"Logo\" width=\"300\" height=\"188\" srcset=\"https:\/\/dogpride.nl\/wp-content\/uploads\/Logo-Dogs4me-2-300x188.jpg 300w, https:\/\/dogpride.nl\/wp-content\/uploads\/Logo-Dogs4me-2-1024x640.jpg 1024w, https:\/\/dogpride.nl\/wp-content\/uploads\/Logo-Dogs4me-2-768x480.jpg 768w, https:\/\/dogpride.nl\/wp-content\/uploads\/Logo-Dogs4me-2-1536x960.jpg 1536w, https:\/\/dogpride.nl\/wp-content\/uploads\/Logo-Dogs4me-2-18x12.jpg 18w, https:\/\/dogpride.nl\/wp-content\/uploads\/Logo-Dogs4me-2-250x156.jpg 250w, https:\/\/dogpride.nl\/wp-content\/uploads\/Logo-Dogs4me-2-400x250.jpg 400w, https:\/\/dogpride.nl\/wp-content\/uploads\/Logo-Dogs4me-2.jpg 1680w\" sizes=\"auto, (max-width: 300px) 100vw, 300px\" \/><\/a><\/div>\n<div><\/div>","protected":false},"excerpt":{"rendered":"<p>Gilet de sport canin D4M Costa. Une combinaison attrayante de 3 couleurs, la couleur de base est le noir, elle est donc pratique pour l&#039;entra\u00eenement.<\/p>","protected":false},"featured_media":25036,"template":"","meta":[],"product_brand":[],"product_cat":[3872],"product_tag":[],"class_list":{"0":"post-3393","1":"product","2":"type-product","3":"status-publish","4":"has-post-thumbnail","6":"product_cat-dogs4me-trainingsvesten","8":"first","9":"instock","10":"taxable","11":"shipping-taxable","12":"purchasable","13":"product-type-variable"},"mb":[],"mfb_rest_fields":["title"],"_links":{"self":[{"href":"https:\/\/dogpride.nl\/fr\/wp-json\/wp\/v2\/product\/3393","targetHints":{"allow":["GET"]}}],"collection":[{"href":"https:\/\/dogpride.nl\/fr\/wp-json\/wp\/v2\/product"}],"about":[{"href":"https:\/\/dogpride.nl\/fr\/wp-json\/wp\/v2\/types\/product"}],"wp:featuredmedia":[{"embeddable":true,"href":"https:\/\/dogpride.nl\/fr\/wp-json\/wp\/v2\/media\/25036"}],"wp:attachment":[{"href":"https:\/\/dogpride.nl\/fr\/wp-json\/wp\/v2\/media?parent=3393"}],"wp:term":[{"taxonomy":"product_brand","embeddable":true,"href":"https:\/\/dogpride.nl\/fr\/wp-json\/wp\/v2\/product_brand?post=3393"},{"taxonomy":"product_cat","embeddable":true,"href":"https:\/\/dogpride.nl\/fr\/wp-json\/wp\/v2\/product_cat?post=3393"},{"taxonomy":"product_tag","embeddable":true,"href":"https:\/\/dogpride.nl\/fr\/wp-json\/wp\/v2\/product_tag?post=3393"}],"curies":[{"name":"wp","href":"https:\/\/api.w.org\/{rel}","templated":true}]}}