{"id":3391,"date":"2020-01-10T13:37:17","date_gmt":"2020-01-10T12:37:17","guid":{"rendered":"https:\/\/dogpride1.wpengine.com\/?post_type=product&#038;p=3391"},"modified":"2025-11-02T13:23:39","modified_gmt":"2025-11-02T12:23:39","slug":"dogs4me-queen-thermo-dogsport-trainings-jacket","status":"publish","type":"product","link":"https:\/\/dogpride.nl\/fr\/dogs4me-queen-thermo-dogsport-trainings-jacket\/","title":{"rendered":"DOGS4ME Veste d&#039;entra\u00eenement Queen Thermo Dogsport"},"content":{"rendered":"<h4><span style=\"font-size: 10pt;\">DOGS4ME Veste d&#039;entra\u00eenement Queen Thermo Dogsport<\/span><\/h4>\n<p>Veste d&#039;entra\u00eenement DOGS4ME Queen Thermo Dogsport.<\/p>\n<p>Les parties color\u00e9es de la veste sont en Softshell avec une colonne d&#039;eau de 10 000 mm et une respirabilit\u00e9 de 3 000 mm g\/m2\/24 heures.<br \/>\nPartie inf\u00e9rieure (noire) partiellement \u00e9tanche, polyamide 100%, r\u00e9sistant aux rayures.<br \/>\nChausson int\u00e9gral noir tr\u00e8s chaud - fibre creuse - 100% PES<br \/>\nLa veste a une capuche avec un tunnel et un cordon de serrage pour serrer par mauvais temps.<br \/>\nFermeture \u00e0 glissi\u00e8re de marque YKK<br \/>\nLe dos de la veste a un \u00e9lastique (tunnel) pour ajuster la taille.<br \/>\nPoignets tricot\u00e9s en coton sur les manches<br \/>\n2 poches avant spacieuses et 1 poche arri\u00e8re - la poche arri\u00e8re peut \u00eatre personnalis\u00e9e en 2 poches s\u00e9par\u00e9es sur demande<br \/>\n2 poches \u00e0 rabat \u2013 id\u00e9ales pour les t\u00e9l\u00e9phones portables, les cl\u00e9s\u2026..<\/p>\n<ul>\n<li style=\"color: #000000; font-size: 13px; text-align: left; text-decoration: none;\">Cette veste est disponible dans les coloris suivants : Gris, Orange, Vert, Rose, Turquoise.<\/li>\n<li style=\"color: #000000; font-size: 13px; text-align: left; text-decoration: none;\">Tailles Xs \u00e0 XXL (ou adapt\u00e9 \u00e0 votre taille)<\/li>\n<\/ul>\n<p style=\"color: #000000; font-size: 13px; text-align: left; text-decoration: none;\">Nous pouvons broder diverses images sur le dos ou sur le devant ou sur les poches.<br \/>\nCes vestes peuvent \u00eatre cousues sur mesure sur commande.<\/p>\n<p><strong>Cette veste a une fermeture \u00e9clair normale en standard. Le d\u00e9lai de livraison pour une veste avec une fermeture \u00e9clair \u00e0 double sens est de 2-3 semaines.<\/strong><\/p>\n<p style=\"color: #000000; font-size: 13px; text-align: left; text-decoration: none;\">TABLEAU DES TAILLES<\/p>\n<p><img decoding=\"async\" src=\"\/data\/upload\/images\/queen.jpg\" alt=\"\" width=\"450\" \/><img loading=\"lazy\" decoding=\"async\" class=\"alignnone wp-image-69734 size-full\" src=\"https:\/\/www.dogpride.nl\/wp-content\/uploads\/Queen.jpg\" alt=\"\" width=\"584\" height=\"315\" srcset=\"https:\/\/dogpride.nl\/wp-content\/uploads\/Queen.jpg 584w, https:\/\/dogpride.nl\/wp-content\/uploads\/Queen-250x135.jpg 250w, https:\/\/dogpride.nl\/wp-content\/uploads\/Queen-400x216.jpg 400w, https:\/\/dogpride.nl\/wp-content\/uploads\/Queen-300x162.jpg 300w, https:\/\/dogpride.nl\/wp-content\/uploads\/Queen-200x108.jpg 200w\" sizes=\"auto, (max-width: 584px) 100vw, 584px\" \/><\/p>\n<p><a href=\"https:\/\/dogpride.nl\/fr\/kleding\/jassen\/dogs4me-jassen\/\"><img loading=\"lazy\" decoding=\"async\" class=\"alignnone\" title=\"DOGS4ME Veste d&#039;entra\u00eenement Queen Thermo Dogsport\" src=\"https:\/\/dogpride.nl\/wp-content\/uploads\/queen-therm-dogsport-training-jacket-3.jpg\" alt=\"DOGS4ME Queen Thermo Dogsport Trainings Jacket\" width=\"278\" height=\"330\" \/><\/a><\/p>\n<p><a href=\"https:\/\/d4m.eu\/en\/\" target=\"_blank\" rel=\"noopener\"><img loading=\"lazy\" decoding=\"async\" class=\"alignnone wp-image-139645 size-thumbnail\" src=\"https:\/\/dogpride.nl\/wp-content\/uploads\/Logo-Dogs4me-150x150.jpg\" alt=\"Logo\" width=\"150\" height=\"150\" srcset=\"https:\/\/dogpride.nl\/wp-content\/uploads\/Logo-Dogs4me-150x150.jpg 150w, https:\/\/dogpride.nl\/wp-content\/uploads\/Logo-Dogs4me-100x100.jpg 100w\" sizes=\"auto, (max-width: 150px) 100vw, 150px\" \/><\/a><\/p>","protected":false},"excerpt":{"rendered":"<p>Veste d&#039;entra\u00eenement D4M Queen Thermo Dogsport. Les parties color\u00e9es de la veste sont en Softshell avec une colonne d&#039;eau de 10 000 mm<\/p>","protected":false},"featured_media":25028,"template":"","meta":[],"product_brand":[],"product_cat":[3859],"product_tag":[],"class_list":{"0":"post-3391","1":"product","2":"type-product","3":"status-publish","4":"has-post-thumbnail","6":"product_cat-dogs4me-jassen","8":"first","9":"instock","10":"taxable","11":"shipping-taxable","12":"purchasable","13":"product-type-variable"},"mb":[],"mfb_rest_fields":["title"],"_links":{"self":[{"href":"https:\/\/dogpride.nl\/fr\/wp-json\/wp\/v2\/product\/3391","targetHints":{"allow":["GET"]}}],"collection":[{"href":"https:\/\/dogpride.nl\/fr\/wp-json\/wp\/v2\/product"}],"about":[{"href":"https:\/\/dogpride.nl\/fr\/wp-json\/wp\/v2\/types\/product"}],"wp:featuredmedia":[{"embeddable":true,"href":"https:\/\/dogpride.nl\/fr\/wp-json\/wp\/v2\/media\/25028"}],"wp:attachment":[{"href":"https:\/\/dogpride.nl\/fr\/wp-json\/wp\/v2\/media?parent=3391"}],"wp:term":[{"taxonomy":"product_brand","embeddable":true,"href":"https:\/\/dogpride.nl\/fr\/wp-json\/wp\/v2\/product_brand?post=3391"},{"taxonomy":"product_cat","embeddable":true,"href":"https:\/\/dogpride.nl\/fr\/wp-json\/wp\/v2\/product_cat?post=3391"},{"taxonomy":"product_tag","embeddable":true,"href":"https:\/\/dogpride.nl\/fr\/wp-json\/wp\/v2\/product_tag?post=3391"}],"curies":[{"name":"wp","href":"https:\/\/api.w.org\/{rel}","templated":true}]}}