{"id":3388,"date":"2020-01-10T13:13:56","date_gmt":"2020-01-10T12:13:56","guid":{"rendered":"https:\/\/dogpride1.wpengine.com\/?post_type=product&#038;p=3388"},"modified":"2025-11-02T13:32:02","modified_gmt":"2025-11-02T12:32:02","slug":"dogs4me-passion-dogsport-trainings-jacket","status":"publish","type":"product","link":"https:\/\/dogpride.nl\/fr\/dogs4me-passion-dogsport-trainings-jacket\/","title":{"rendered":"DOGS4ME Veste d&#039;entra\u00eenement Passion Dogsport"},"content":{"rendered":"<h4>DOGS4ME Veste d&#039;entra\u00eenement Passion Dogsport<\/h4>\n<p>Veste d&#039;entra\u00eenement DOGS4ME Passion Dogsport.<br \/>\nLa partie noire de la veste est partiellement imperm\u00e9able, recouverte de caoutchouc sous la doublure PES 100%<br \/>\nDoublure noire \u2013 100% PES<br \/>\nParties color\u00e9es - Softshell avec une colonne d&#039;eau de 10 000 mm et une respirabilit\u00e9 de 3 000 mm g\/m2\/24h<br \/>\nFermetures \u00e0 glissi\u00e8re de marque YKK<br \/>\nPoignets tricot\u00e9s en coton sur les manches<br \/>\n4 poches spacieuses \u00e0 l&#039;avant, 1 \u00e0 l&#039;arri\u00e8re<br \/>\nIl y a un oeillet sur le c\u00f4t\u00e9 pour tenir la ceinture<br \/>\nTaille ajustable<\/p>\n<p style=\"color: #000000; font-size: 13px; text-align: left; text-decoration: none;\">Cette veste est disponible dans les coloris suivants : Vert, Rose, Turquoise.<\/p>\n<p style=\"color: #000000; font-size: 13px; text-align: left; text-decoration: none;\">Tailles Xs \u00e0 XXL (ou adapt\u00e9 \u00e0 votre taille)<\/p>\n<p style=\"color: #000000; font-size: 13px; text-align: left; text-decoration: none;\">Nous pouvons broder diverses images sur le dos ou sur le devant ou sur les poches.<br \/>\nCes vestes peuvent \u00eatre cousues sur mesure sur commande.<\/p>\n<p><strong>Cette veste a une fermeture \u00e9clair normale en standard. Le d\u00e9lai de livraison pour une veste avec une fermeture \u00e9clair \u00e0 double sens est de 2-3 semaines.<\/strong><\/p>\n<p>TABLEAU DES TAILLES<\/p>\n<p><img decoding=\"async\" src=\"\/data\/upload\/images\/passion.jpg\" alt=\"\" width=\"450\" \/><img loading=\"lazy\" decoding=\"async\" class=\"alignnone wp-image-69738 size-full\" src=\"https:\/\/www.dogpride.nl\/wp-content\/uploads\/Passion.jpg\" alt=\"\" width=\"593\" height=\"320\" srcset=\"https:\/\/dogpride.nl\/wp-content\/uploads\/Passion.jpg 593w, https:\/\/dogpride.nl\/wp-content\/uploads\/Passion-250x135.jpg 250w, https:\/\/dogpride.nl\/wp-content\/uploads\/Passion-400x216.jpg 400w, https:\/\/dogpride.nl\/wp-content\/uploads\/Passion-300x162.jpg 300w, https:\/\/dogpride.nl\/wp-content\/uploads\/Passion-200x108.jpg 200w\" sizes=\"auto, (max-width: 593px) 100vw, 593px\" \/><\/p>\n<p><a href=\"https:\/\/dogpride.nl\/fr\/kleding\/jassen\/dogs4me-jassen\/\"><img loading=\"lazy\" decoding=\"async\" class=\"alignnone\" src=\"https:\/\/dogpride.nl\/wp-content\/uploads\/passion-dogsport-training-jacket2-3-150x150.jpg\" alt=\"DOGS4ME Passion Dogsport Trainings Jacket\" width=\"150\" height=\"150\" \/><\/a><\/p>\n<p><a href=\"https:\/\/d4m.eu\/en\/\" target=\"_blank\" rel=\"noopener\"><img loading=\"lazy\" decoding=\"async\" class=\"alignnone wp-image-139645 size-thumbnail\" src=\"https:\/\/dogpride.nl\/wp-content\/uploads\/Logo-Dogs4me-150x150.jpg\" alt=\"Logo\" width=\"150\" height=\"150\" srcset=\"https:\/\/dogpride.nl\/wp-content\/uploads\/Logo-Dogs4me-150x150.jpg 150w, https:\/\/dogpride.nl\/wp-content\/uploads\/Logo-Dogs4me-100x100.jpg 100w\" sizes=\"auto, (max-width: 150px) 100vw, 150px\" \/><\/a><\/p>","protected":false},"excerpt":{"rendered":"<p>Veste d&#039;entra\u00eenement D4M Passion Dogsport. Parties color\u00e9es - Softshell avec colonne d&#039;eau de 10 000 mm et respirabilit\u00e9. La partie noire de la veste est partiellement imperm\u00e9able, recouverte de caoutchouc sous la doublure PES 100%.<\/p>","protected":false},"featured_media":25023,"template":"","meta":[],"product_brand":[],"product_cat":[3859],"product_tag":[],"class_list":{"0":"post-3388","1":"product","2":"type-product","3":"status-publish","4":"has-post-thumbnail","6":"product_cat-dogs4me-jassen","8":"first","9":"instock","10":"taxable","11":"shipping-taxable","12":"purchasable","13":"product-type-variable"},"mb":[],"mfb_rest_fields":["title"],"_links":{"self":[{"href":"https:\/\/dogpride.nl\/fr\/wp-json\/wp\/v2\/product\/3388","targetHints":{"allow":["GET"]}}],"collection":[{"href":"https:\/\/dogpride.nl\/fr\/wp-json\/wp\/v2\/product"}],"about":[{"href":"https:\/\/dogpride.nl\/fr\/wp-json\/wp\/v2\/types\/product"}],"wp:featuredmedia":[{"embeddable":true,"href":"https:\/\/dogpride.nl\/fr\/wp-json\/wp\/v2\/media\/25023"}],"wp:attachment":[{"href":"https:\/\/dogpride.nl\/fr\/wp-json\/wp\/v2\/media?parent=3388"}],"wp:term":[{"taxonomy":"product_brand","embeddable":true,"href":"https:\/\/dogpride.nl\/fr\/wp-json\/wp\/v2\/product_brand?post=3388"},{"taxonomy":"product_cat","embeddable":true,"href":"https:\/\/dogpride.nl\/fr\/wp-json\/wp\/v2\/product_cat?post=3388"},{"taxonomy":"product_tag","embeddable":true,"href":"https:\/\/dogpride.nl\/fr\/wp-json\/wp\/v2\/product_tag?post=3388"}],"curies":[{"name":"wp","href":"https:\/\/api.w.org\/{rel}","templated":true}]}}