{"id":3387,"date":"2020-01-10T12:52:18","date_gmt":"2020-01-10T11:52:18","guid":{"rendered":"https:\/\/dogpride1.wpengine.com\/?post_type=product&#038;p=3387"},"modified":"2025-11-02T13:39:00","modified_gmt":"2025-11-02T12:39:00","slug":"d4m-spider-dogsport-trainingsjacket","status":"publish","type":"product","link":"https:\/\/dogpride.nl\/fr\/d4m-spider-dogsport-trainingsjacket\/","title":{"rendered":"Veste d&#039;entra\u00eenement D4M Spider Dogsport"},"content":{"rendered":"<h4>Veste d&#039;entra\u00eenement D4M Spider Dogsport<\/h4>\n<p>Veste d&#039;entra\u00eenement D4M Spider Dogsport<\/p>\n<p>Partiellement \u00e9tanche, 100% PES<\/p>\n<p>Doublure noire<\/p>\n<p>Fermetures \u00e9clair YKK<\/p>\n<ul>\n<li>La veste est noire avec une bordure color\u00e9e<\/li>\n<li>Poignets tricot\u00e9s en coton sur les manches<\/li>\n<li>Taille ajustable gr\u00e2ce \u00e0 ce qu&#039;on appelle un tunnel<\/li>\n<li>Ceinture sur le c\u00f4t\u00e9 de la veste pour la ceinture ou une pochette de r\u00e9compense<\/li>\n<li>2 poches avant spacieuses et une grande poche arri\u00e8re - la poche arri\u00e8re peut \u00eatre cousue en 2 poches s\u00e9par\u00e9es sur demande<\/li>\n<li>En haut de la veste 2 poches zipp\u00e9es couvertes pour t\u00e9l\u00e9phone portable, cl\u00e9s...<\/li>\n<li>Capuche - adapt\u00e9e aux conditions m\u00e9t\u00e9orologiques difficiles, la capuche peut \u00eatre ferm\u00e9e.<\/li>\n<\/ul>\n<p>Le passepoil est disponible dans les couleurs suivantes : Gris, Rouge, Orange, Vert, Violet, Turquoise, R\u00e9fl\u00e9chissant<\/p>\n<p>Tailles XS \u00e0 XXL (ou adapt\u00e9 \u00e0 votre taille)<\/p>\n<p>Nous pouvons broder diverses images sur le dos ou sur le devant ou sur les poches.<\/p>\n<p>Ces vestes Spider peuvent \u00eatre cousues sur mesure sur commande. Pour les tailles standard, les vestes Spider therm reflex sont g\u00e9n\u00e9ralement en stock.<\/p>\n<p>Cette veste Spider a une fermeture \u00e9clair normale en standard. Le d\u00e9lai de livraison pour une veste avec une fermeture \u00e9clair \u00e0 double sens est de 2-3 semaines.<\/p>\n<p><a href=\"https:\/\/dogpride.nl\/fr\/produit\/d4m-spider-thermo-dogsport-trainings-jacket\/\">Cette veste est \u00e9galement disponible en version thermo<\/a><\/p>\n<p style=\"color: #000000; font-size: 13px; text-align: left; text-decoration: none;\">VOIR LE TABLEAU DES TAILLES<\/p>\n<p style=\"color: #000000; font-size: 13px; text-align: left; text-decoration: none;\"><img loading=\"lazy\" decoding=\"async\" class=\"alignnone wp-image-69739 size-full\" src=\"https:\/\/www.dogpride.nl\/wp-content\/uploads\/Spider-Therm.jpg\" alt=\"\" width=\"583\" height=\"317\" srcset=\"https:\/\/dogpride.nl\/wp-content\/uploads\/Spider-Therm.jpg 583w, https:\/\/dogpride.nl\/wp-content\/uploads\/Spider-Therm-250x136.jpg 250w, https:\/\/dogpride.nl\/wp-content\/uploads\/Spider-Therm-400x217.jpg 400w, https:\/\/dogpride.nl\/wp-content\/uploads\/Spider-Therm-300x163.jpg 300w, https:\/\/dogpride.nl\/wp-content\/uploads\/Spider-Therm-200x109.jpg 200w\" sizes=\"auto, (max-width: 583px) 100vw, 583px\" \/><\/p>\n<p><a href=\"https:\/\/d4m.eu\/en\/\" target=\"_blank\" rel=\"noopener\"><img loading=\"lazy\" decoding=\"async\" class=\"alignnone wp-image-139645 size-thumbnail\" src=\"https:\/\/dogpride.nl\/wp-content\/uploads\/Logo-Dogs4me-150x150.jpg\" alt=\"Logo\" width=\"150\" height=\"150\" srcset=\"https:\/\/dogpride.nl\/wp-content\/uploads\/Logo-Dogs4me-150x150.jpg 150w, https:\/\/dogpride.nl\/wp-content\/uploads\/Logo-Dogs4me-100x100.jpg 100w\" sizes=\"auto, (max-width: 150px) 100vw, 150px\" \/><\/a><\/p>\n<p><a href=\"https:\/\/dogpride.nl\/fr\/kleding\/jassen\/dogs4me-jassen\/\"><img loading=\"lazy\" decoding=\"async\" class=\"alignnone\" title=\"Veste d&#039;entra\u00eenement D4M Spider Dogsport\" src=\"https:\/\/dogpride.nl\/wp-content\/uploads\/spider-dogsport-training-jacket6-3-150x150.jpg\" alt=\"D4M Spider Dogsport Trainingsjacket\" width=\"150\" height=\"150\" \/><\/a><\/p>","protected":false},"excerpt":{"rendered":"<p>Veste d&#039;entra\u00eenement D4M Spider Dogsport. Capuche - adapt\u00e9e aux conditions m\u00e9t\u00e9orologiques difficiles, la capuche peut \u00eatre ferm\u00e9e.<\/p>","protected":false},"featured_media":25017,"template":"","meta":[],"product_brand":[],"product_cat":[3859],"product_tag":[],"class_list":{"0":"post-3387","1":"product","2":"type-product","3":"status-publish","4":"has-post-thumbnail","6":"product_cat-dogs4me-jassen","8":"first","9":"instock","10":"taxable","11":"shipping-taxable","12":"purchasable","13":"product-type-variable"},"mb":[],"mfb_rest_fields":["title"],"_links":{"self":[{"href":"https:\/\/dogpride.nl\/fr\/wp-json\/wp\/v2\/product\/3387","targetHints":{"allow":["GET"]}}],"collection":[{"href":"https:\/\/dogpride.nl\/fr\/wp-json\/wp\/v2\/product"}],"about":[{"href":"https:\/\/dogpride.nl\/fr\/wp-json\/wp\/v2\/types\/product"}],"wp:featuredmedia":[{"embeddable":true,"href":"https:\/\/dogpride.nl\/fr\/wp-json\/wp\/v2\/media\/25017"}],"wp:attachment":[{"href":"https:\/\/dogpride.nl\/fr\/wp-json\/wp\/v2\/media?parent=3387"}],"wp:term":[{"taxonomy":"product_brand","embeddable":true,"href":"https:\/\/dogpride.nl\/fr\/wp-json\/wp\/v2\/product_brand?post=3387"},{"taxonomy":"product_cat","embeddable":true,"href":"https:\/\/dogpride.nl\/fr\/wp-json\/wp\/v2\/product_cat?post=3387"},{"taxonomy":"product_tag","embeddable":true,"href":"https:\/\/dogpride.nl\/fr\/wp-json\/wp\/v2\/product_tag?post=3387"}],"curies":[{"name":"wp","href":"https:\/\/api.w.org\/{rel}","templated":true}]}}