{"id":3305,"date":"2019-12-12T15:20:02","date_gmt":"2019-12-12T14:20:02","guid":{"rendered":"https:\/\/dogpride1.wpengine.com\/?post_type=product&#038;p=3305"},"modified":"2025-10-28T11:59:44","modified_gmt":"2025-10-28T10:59:44","slug":"pride-all-weather-super-grip-nopjeshondenlijn","status":"publish","type":"product","link":"https:\/\/dogpride.nl\/fr\/pride-all-weather-super-grip-nopjeshondenlijn\/","title":{"rendered":"Laisse pour chien \u00e0 picots PRIDE All-Weather Super Grip"},"content":{"rendered":"<h4>Laisse pour chien \u00e0 picots PRIDE All-Weather Super Grip<\/h4>\n<div>Laisse pour chien Super Grip imperm\u00e9able avec crampons pour une prise ferme.<br \/>\nCette laisse pour chien super adh\u00e9rente est fabriqu\u00e9e \u00e0 partir d&#039;un mat\u00e9riau r\u00e9volutionnaire qui est 100% imperm\u00e9able, reste doux, se nettoie en quelques secondes et est facile \u00e0 saisir (m\u00eame lorsqu&#039;il est mouill\u00e9). Nos ceintures toutes saisons ont l&#039;apparence et la sensation du cuir, mais avec une r\u00e9sistance sup\u00e9rieure et aucun entretien requis. Mousqueton en laiton de qualit\u00e9 qui ne rouille pas.<\/div>\n<div>\n<p>Avec des performances in\u00e9gal\u00e9es dans toutes les conditions m\u00e9t\u00e9orologiques, cette ceinture est un favori.<\/p>\n<p>*Id\u00e9al pour les mains moites<br \/>\n*Id\u00e9al par temps humide<br \/>\n*Id\u00e9al pour jouer dans l&#039;eau<br \/>\n* Convient pour la formation de chien<br \/>\n*Surface granuleuse<\/p>\n<\/div>\n<div><\/div>\n<div>Disponible en longueurs : 1,5 m, 2 m, 3 m<\/div>\n<div><\/div>\n<div>Couleur noir<\/div>\n<div><\/div>\n<div><a href=\"https:\/\/dogpride.nl\/fr\/lijnen-en-tuigjes-voor-honden\/pride-hondenlijnen\/\"><img loading=\"lazy\" decoding=\"async\" class=\"alignnone wp-image-136409 size-thumbnail\" src=\"https:\/\/dogpride.nl\/wp-content\/uploads\/PRIDE-All-Weather-Super-Grip-nopjeshondenlijn-150x150.jpg\" alt=\"PRIDE All-Weather Super Grip nopjeshondenlijn\" width=\"150\" height=\"150\" srcset=\"https:\/\/dogpride.nl\/wp-content\/uploads\/PRIDE-All-Weather-Super-Grip-nopjeshondenlijn-150x150.jpg 150w, https:\/\/dogpride.nl\/wp-content\/uploads\/PRIDE-All-Weather-Super-Grip-nopjeshondenlijn-100x100.jpg 100w\" sizes=\"auto, (max-width: 150px) 100vw, 150px\" \/><\/a><\/div>\n<div><\/div>\n<div><\/div>\n<div><a href=\"https:\/\/www.dogpride.eu\/\" target=\"_blank\" rel=\"noopener\"><img loading=\"lazy\" decoding=\"async\" class=\"alignnone wp-image-70657 size-medium\" src=\"https:\/\/dogpride.nl\/wp-content\/uploads\/Logo-Pride2-1-300x96.png\" alt=\"\" width=\"300\" height=\"96\" srcset=\"https:\/\/dogpride.nl\/wp-content\/uploads\/Logo-Pride2-1-300x96.png 300w, https:\/\/dogpride.nl\/wp-content\/uploads\/Logo-Pride2-1-250x80.png 250w, https:\/\/dogpride.nl\/wp-content\/uploads\/Logo-Pride2-1-200x64.png 200w, https:\/\/dogpride.nl\/wp-content\/uploads\/Logo-Pride2-1.png 327w\" sizes=\"auto, (max-width: 300px) 100vw, 300px\" \/><\/a><\/div>\n<div>\n<p>&nbsp;<\/p>\n<\/div>","protected":false},"excerpt":{"rendered":"<p>Laisse pour chien \u00e0 picots PRIDE All-Weather Super Grip<\/p>","protected":false},"featured_media":20834,"template":"","meta":[],"product_brand":[],"product_cat":[192],"product_tag":[],"class_list":{"0":"post-3305","1":"product","2":"type-product","3":"status-publish","4":"has-post-thumbnail","6":"product_cat-pride-hondenlijnen","8":"first","9":"instock","10":"taxable","11":"shipping-taxable","12":"purchasable","13":"product-type-variable"},"mb":[],"mfb_rest_fields":["title"],"_links":{"self":[{"href":"https:\/\/dogpride.nl\/fr\/wp-json\/wp\/v2\/product\/3305","targetHints":{"allow":["GET"]}}],"collection":[{"href":"https:\/\/dogpride.nl\/fr\/wp-json\/wp\/v2\/product"}],"about":[{"href":"https:\/\/dogpride.nl\/fr\/wp-json\/wp\/v2\/types\/product"}],"wp:featuredmedia":[{"embeddable":true,"href":"https:\/\/dogpride.nl\/fr\/wp-json\/wp\/v2\/media\/20834"}],"wp:attachment":[{"href":"https:\/\/dogpride.nl\/fr\/wp-json\/wp\/v2\/media?parent=3305"}],"wp:term":[{"taxonomy":"product_brand","embeddable":true,"href":"https:\/\/dogpride.nl\/fr\/wp-json\/wp\/v2\/product_brand?post=3305"},{"taxonomy":"product_cat","embeddable":true,"href":"https:\/\/dogpride.nl\/fr\/wp-json\/wp\/v2\/product_cat?post=3305"},{"taxonomy":"product_tag","embeddable":true,"href":"https:\/\/dogpride.nl\/fr\/wp-json\/wp\/v2\/product_tag?post=3305"}],"curies":[{"name":"wp","href":"https:\/\/api.w.org\/{rel}","templated":true}]}}