{"id":18902,"date":"2020-12-17T08:15:18","date_gmt":"2020-12-17T07:15:18","guid":{"rendered":"https:\/\/dogpride1.wpengine.com\/product\/arrak-outdoor-canada-fleece-red-unisex-2\/"},"modified":"2026-02-19T12:52:50","modified_gmt":"2026-02-19T11:52:50","slug":"arrak-canada-fleece-unisex-2","status":"publish","type":"product","link":"https:\/\/dogpride.nl\/fr\/arrak-canada-fleece-unisex-2\/","title":{"rendered":"Arrak Canada Fleece Unisex"},"content":{"rendered":"<h4>Arrak Canada Fleece Unisex<\/h4>\n<p>Het Arrak Canada Fleece is een zacht en comfortabel microfleece jack met capuchon en anti-peelingbehandeling.<\/p>\n<p>Zone d&#039;\u00e9paule c\u00f4tel\u00e9e en nylon renforc\u00e9.<br \/>\nPoches mains et 2 poches poitrine zipp\u00e9es.<br \/>\nPoche tunnel \u00e0 l&#039;arri\u00e8re avec fermeture \u00e9clair.<br \/>\nIl y a aussi des poign\u00e9es de pouce dans les poignets.<br \/>\nVersion unisexe.<\/p>\n<p>Kleuren: Rood en Olive<\/p>\n<h3>Tableau des tailles:<\/h3>\n<p><img loading=\"lazy\" decoding=\"async\" class=\"alignnone wp-image-69597 size-full\" src=\"https:\/\/www.dogpride.nl\/wp-content\/uploads\/Maattabel-Unisex-tops.jpg\" alt=\"\" width=\"647\" height=\"813\" srcset=\"https:\/\/dogpride.nl\/wp-content\/uploads\/Maattabel-Unisex-tops.jpg 647w, https:\/\/dogpride.nl\/wp-content\/uploads\/Maattabel-Unisex-tops-250x314.jpg 250w, https:\/\/dogpride.nl\/wp-content\/uploads\/Maattabel-Unisex-tops-400x503.jpg 400w, https:\/\/dogpride.nl\/wp-content\/uploads\/Maattabel-Unisex-tops-239x300.jpg 239w, https:\/\/dogpride.nl\/wp-content\/uploads\/Maattabel-Unisex-tops-200x251.jpg 200w, https:\/\/dogpride.nl\/wp-content\/uploads\/Maattabel-Unisex-tops-600x754.jpg 600w\" sizes=\"auto, (max-width: 647px) 100vw, 647px\" \/><\/p>\n<p><a href=\"https:\/\/dogpride.nl\/fr\/kleding\/jassen\/arrak-outdoor-jassen\/\"><img loading=\"lazy\" decoding=\"async\" class=\"alignnone\" title=\"Arrak Canada Fleece Unisex \" src=\"https:\/\/dogpride.nl\/wp-content\/uploads\/27022_olive_front1_men_web_1-150x150.jpg\" alt=\"Arrak Canada Fleece Unisex \" width=\"150\" height=\"150\" \/><\/a><\/p>\n<p><a href=\"https:\/\/arrakoutdoor.com\/\" target=\"_blank\" rel=\"noopener\"><img loading=\"lazy\" decoding=\"async\" class=\"alignnone wp-image-139301 size-medium\" src=\"https:\/\/dogpride.nl\/wp-content\/uploads\/Arrak-300x118.jpeg\" alt=\"Logo\" width=\"300\" height=\"118\" srcset=\"https:\/\/dogpride.nl\/wp-content\/uploads\/Arrak-300x118.jpeg 300w, https:\/\/dogpride.nl\/wp-content\/uploads\/Arrak-768x303.jpeg 768w, https:\/\/dogpride.nl\/wp-content\/uploads\/Arrak-18x7.jpeg 18w, https:\/\/dogpride.nl\/wp-content\/uploads\/Arrak-250x99.jpeg 250w, https:\/\/dogpride.nl\/wp-content\/uploads\/Arrak-400x158.jpeg 400w, https:\/\/dogpride.nl\/wp-content\/uploads\/Arrak.jpeg 916w\" sizes=\"auto, (max-width: 300px) 100vw, 300px\" \/><\/a><\/p>","protected":false},"excerpt":{"rendered":"<p>Veste micropolaire \u00e0 capuche douce et confortable avec traitement anti-peeling. Poches mains et 2 poches poitrine zipp\u00e9es. Poche tunnel \u00e0 l&#039;arri\u00e8re avec fermeture \u00e9clair.<\/p>","protected":false},"featured_media":44533,"template":"","meta":[],"product_brand":[],"product_cat":[3853,24457],"product_tag":[3335,7054,5006,4763],"class_list":{"0":"post-18902","1":"product","2":"type-product","3":"status-publish","4":"has-post-thumbnail","6":"product_cat-arrak-outdoor-dames-jassen","7":"product_cat-arrak-outdoor-heren-jassen","8":"product_tag-arrak","9":"product_tag-canada","10":"product_tag-fleece","11":"product_tag-unisex","13":"first","14":"instock","15":"taxable","16":"shipping-taxable","17":"purchasable","18":"product-type-variable"},"mb":[],"mfb_rest_fields":["title"],"_links":{"self":[{"href":"https:\/\/dogpride.nl\/fr\/wp-json\/wp\/v2\/product\/18902","targetHints":{"allow":["GET"]}}],"collection":[{"href":"https:\/\/dogpride.nl\/fr\/wp-json\/wp\/v2\/product"}],"about":[{"href":"https:\/\/dogpride.nl\/fr\/wp-json\/wp\/v2\/types\/product"}],"wp:featuredmedia":[{"embeddable":true,"href":"https:\/\/dogpride.nl\/fr\/wp-json\/wp\/v2\/media\/44533"}],"wp:attachment":[{"href":"https:\/\/dogpride.nl\/fr\/wp-json\/wp\/v2\/media?parent=18902"}],"wp:term":[{"taxonomy":"product_brand","embeddable":true,"href":"https:\/\/dogpride.nl\/fr\/wp-json\/wp\/v2\/product_brand?post=18902"},{"taxonomy":"product_cat","embeddable":true,"href":"https:\/\/dogpride.nl\/fr\/wp-json\/wp\/v2\/product_cat?post=18902"},{"taxonomy":"product_tag","embeddable":true,"href":"https:\/\/dogpride.nl\/fr\/wp-json\/wp\/v2\/product_tag?post=18902"}],"curies":[{"name":"wp","href":"https:\/\/api.w.org\/{rel}","templated":true}]}}