{"id":18899,"date":"2020-12-14T09:13:14","date_gmt":"2020-12-14T08:13:14","guid":{"rendered":"https:\/\/dogpride1.wpengine.com\/product\/gappay-bijtworst-triangle-2\/"},"modified":"2025-11-02T09:27:54","modified_gmt":"2025-11-02T08:27:54","slug":"gappay-bijtworst-triangle-2","status":"publish","type":"product","link":"https:\/\/dogpride.nl\/fr\/gappay-bijtworst-triangle-2\/","title":{"rendered":"GAPPAY Bite remorqueur Triangle"},"content":{"rendered":"<h4>GAPPAY Bite remorqueur Triangle<\/h4>\n<ul>\n<li>Avec deux poign\u00e9es<\/li>\n<li>Taille : 28 x 13 x 14 cm<\/li>\n<li>Nylcot stable<\/li>\n<li>Le petit fr\u00e8re du coussin de morsure Triangle 0409<\/li>\n<li>Conception douce<\/li>\n<li>Id\u00e9al pour les travaux d&#039;ob\u00e9issance et de protection<\/li>\n<li>Le chien peut mordre le coussin de morsure n&#039;importe o\u00f9<\/li>\n<li>Double cousu<\/li>\n<\/ul>\n<p><a href=\"https:\/\/dogpride.nl\/fr\/gehoorzaamheid\/bijtworsten-voor-honden\/?product-page=2\"><img loading=\"lazy\" decoding=\"async\" class=\"alignnone\" title=\"GAPPAY Bite remorqueur Triangle\" src=\"https:\/\/dogpride.nl\/wp-content\/uploads\/0491-1-triangle-tug.jpg\" alt=\"GAPPAY Bijtworst Triangle\" width=\"214\" height=\"191\" \/><\/a><\/p>\n<p>&nbsp;<\/p>\n<p><a href=\"https:\/\/www.gappay-hundesport.com\/en\" target=\"_blank\" rel=\"noopener\"><img loading=\"lazy\" decoding=\"async\" class=\"alignnone wp-image-71229 size-medium\" src=\"https:\/\/dogpride.nl\/wp-content\/uploads\/gappay_logo_deutschland-1-300x63.jpg\" alt=\"Gappay\" width=\"300\" height=\"63\" srcset=\"https:\/\/dogpride.nl\/wp-content\/uploads\/gappay_logo_deutschland-1-300x64.jpg 300w, https:\/\/dogpride.nl\/wp-content\/uploads\/gappay_logo_deutschland-1-250x52.jpg 250w, https:\/\/dogpride.nl\/wp-content\/uploads\/gappay_logo_deutschland-1-200x42.jpg 200w, https:\/\/dogpride.nl\/wp-content\/uploads\/gappay_logo_deutschland-1.jpg 305w\" sizes=\"auto, (max-width: 300px) 100vw, 300px\" \/><\/a><\/p>","protected":false},"excerpt":{"rendered":"<p>Triangle de saucisse \u00e0 mordre. Avec deux poign\u00e9es. Dimensions : 28 x 13 x 14 cm. Nylcot stable. Id\u00e9al pour les travaux d&#039;ob\u00e9issance et de protection. Le chien peut mordre le coussin de morsure n&#039;importe o\u00f9.<\/p>","protected":false},"featured_media":22473,"template":"","meta":[],"product_brand":[],"product_cat":[352],"product_tag":[],"class_list":{"0":"post-18899","1":"product","2":"type-product","3":"status-publish","4":"has-post-thumbnail","6":"product_cat-bijtworsten-voor-honden","8":"first","9":"instock","10":"taxable","11":"shipping-taxable","12":"purchasable","13":"product-type-simple"},"mb":[],"mfb_rest_fields":["title"],"_links":{"self":[{"href":"https:\/\/dogpride.nl\/fr\/wp-json\/wp\/v2\/product\/18899","targetHints":{"allow":["GET"]}}],"collection":[{"href":"https:\/\/dogpride.nl\/fr\/wp-json\/wp\/v2\/product"}],"about":[{"href":"https:\/\/dogpride.nl\/fr\/wp-json\/wp\/v2\/types\/product"}],"wp:featuredmedia":[{"embeddable":true,"href":"https:\/\/dogpride.nl\/fr\/wp-json\/wp\/v2\/media\/22473"}],"wp:attachment":[{"href":"https:\/\/dogpride.nl\/fr\/wp-json\/wp\/v2\/media?parent=18899"}],"wp:term":[{"taxonomy":"product_brand","embeddable":true,"href":"https:\/\/dogpride.nl\/fr\/wp-json\/wp\/v2\/product_brand?post=18899"},{"taxonomy":"product_cat","embeddable":true,"href":"https:\/\/dogpride.nl\/fr\/wp-json\/wp\/v2\/product_cat?post=18899"},{"taxonomy":"product_tag","embeddable":true,"href":"https:\/\/dogpride.nl\/fr\/wp-json\/wp\/v2\/product_tag?post=18899"}],"curies":[{"name":"wp","href":"https:\/\/api.w.org\/{rel}","templated":true}]}}