{"id":18768,"date":"2020-11-25T12:24:11","date_gmt":"2020-11-25T11:24:11","guid":{"rendered":"https:\/\/dogpride1.wpengine.com\/product\/gappay-trainingskilt-in-diverse-kleuren-2\/"},"modified":"2026-04-22T19:51:35","modified_gmt":"2026-04-22T17:51:35","slug":"gappay-trainingskilt-diverse-kleuren","status":"publish","type":"product","link":"https:\/\/dogpride.nl\/fr\/gappay-trainingskilt-diverse-kleuren\/","title":{"rendered":"GAPPAY Kilt d&#039;entra\u00eenement divers coloris"},"content":{"rendered":"<h4>GAPPAY Kilt d&#039;entra\u00eenement divers coloris<\/h4>\n<ul>\n<li>Disponible en diff\u00e9rentes tailles<\/li>\n<li>Tailles interm\u00e9diaires gr\u00e2ce \u00e0 la bande \u00e9lastique et \u00e0 la ceinture ajustable<\/li>\n<li>Disponible en six couleurs diff\u00e9rentes<\/li>\n<li>Avec les poches de hanche habituelles, comme avec le gilet<\/li>\n<li>Avec sangle pour une adh\u00e9rence optimale<\/li>\n<li>Poches lat\u00e9rales profondes<\/li>\n<li>Id\u00e9al si aucun gilet n&#039;est souhait\u00e9<\/li>\n<li>Pour le suivi ou l&#039;ob\u00e9issance<\/li>\n<\/ul>\n<p><img loading=\"lazy\" decoding=\"async\" class=\"alignnone wp-image-70190 size-full\" src=\"https:\/\/www.dogpride.nl\/wp-content\/uploads\/Tabelle-1550.jpg\" alt=\"Maattabel\" width=\"600\" height=\"600\" srcset=\"https:\/\/dogpride.nl\/wp-content\/uploads\/Tabelle-1550.jpg 600w, https:\/\/dogpride.nl\/wp-content\/uploads\/Tabelle-1550-250x250.jpg 250w, https:\/\/dogpride.nl\/wp-content\/uploads\/Tabelle-1550-100x100.jpg 100w, https:\/\/dogpride.nl\/wp-content\/uploads\/Tabelle-1550-400x400.jpg 400w, https:\/\/dogpride.nl\/wp-content\/uploads\/Tabelle-1550-300x300.jpg 300w, https:\/\/dogpride.nl\/wp-content\/uploads\/Tabelle-1550-150x150.jpg 150w, https:\/\/dogpride.nl\/wp-content\/uploads\/Tabelle-1550-66x66.jpg 66w, https:\/\/dogpride.nl\/wp-content\/uploads\/Tabelle-1550-200x200.jpg 200w\" sizes=\"auto, (max-width: 600px) 100vw, 600px\" \/><\/p>\n<p>&nbsp;<\/p>\n<p><a href=\"https:\/\/dogpride.nl\/fr\/kleding\/trainingsvesten\/gappay-trainingsvesten\/\"><img loading=\"lazy\" decoding=\"async\" class=\"alignnone\" title=\"GAPPAY Kilt d&#039;entra\u00eenement divers coloris\" src=\"https:\/\/dogpride.nl\/wp-content\/uploads\/arbeitsskirt-kilt.jpg\" alt=\"GAPPAY Trainingskilt diverse kleuren\" width=\"144\" height=\"216\" \/><\/a><\/p>\n<p><a href=\"https:\/\/www.gappay-hundesport.com\/en\" target=\"_blank\" rel=\"noopener\"><img loading=\"lazy\" decoding=\"async\" class=\"alignnone wp-image-142913 size-medium\" src=\"https:\/\/dogpride.nl\/wp-content\/uploads\/gappay_logo-4-300x63.jpg\" alt=\"Logo Gappay\" width=\"300\" height=\"63\" srcset=\"https:\/\/dogpride.nl\/wp-content\/uploads\/gappay_logo-4-300x63.jpg 300w, https:\/\/dogpride.nl\/wp-content\/uploads\/gappay_logo-4-18x4.jpg 18w, https:\/\/dogpride.nl\/wp-content\/uploads\/gappay_logo-4-250x52.jpg 250w, https:\/\/dogpride.nl\/wp-content\/uploads\/gappay_logo-4.jpg 305w\" sizes=\"auto, (max-width: 300px) 100vw, 300px\" \/><\/a><\/p>","protected":false},"excerpt":{"rendered":"<p>Disponible en diff\u00e9rentes tailles. Avec les habituelles poches sur les hanches, comme pour le gilet. Avec sangle pour une adh\u00e9rence optimale. Id\u00e9al si aucun gilet n&#039;est souhait\u00e9 et pour le pistage ou l&#039;ob\u00e9issance.<\/p>","protected":false},"featured_media":44336,"template":"","meta":[],"product_brand":[],"product_cat":[3875],"product_tag":[],"class_list":{"0":"post-18768","1":"product","2":"type-product","3":"status-publish","4":"has-post-thumbnail","6":"product_cat-gappay-trainingsvesten","8":"first","9":"instock","10":"taxable","11":"shipping-taxable","12":"purchasable","13":"product-type-variable"},"mb":[],"mfb_rest_fields":["title"],"_links":{"self":[{"href":"https:\/\/dogpride.nl\/fr\/wp-json\/wp\/v2\/product\/18768","targetHints":{"allow":["GET"]}}],"collection":[{"href":"https:\/\/dogpride.nl\/fr\/wp-json\/wp\/v2\/product"}],"about":[{"href":"https:\/\/dogpride.nl\/fr\/wp-json\/wp\/v2\/types\/product"}],"wp:featuredmedia":[{"embeddable":true,"href":"https:\/\/dogpride.nl\/fr\/wp-json\/wp\/v2\/media\/44336"}],"wp:attachment":[{"href":"https:\/\/dogpride.nl\/fr\/wp-json\/wp\/v2\/media?parent=18768"}],"wp:term":[{"taxonomy":"product_brand","embeddable":true,"href":"https:\/\/dogpride.nl\/fr\/wp-json\/wp\/v2\/product_brand?post=18768"},{"taxonomy":"product_cat","embeddable":true,"href":"https:\/\/dogpride.nl\/fr\/wp-json\/wp\/v2\/product_cat?post=18768"},{"taxonomy":"product_tag","embeddable":true,"href":"https:\/\/dogpride.nl\/fr\/wp-json\/wp\/v2\/product_tag?post=18768"}],"curies":[{"name":"wp","href":"https:\/\/api.w.org\/{rel}","templated":true}]}}