{"id":18739,"date":"2020-11-24T15:17:17","date_gmt":"2020-11-24T14:17:17","guid":{"rendered":"https:\/\/dogpride1.wpengine.com\/product\/gappay-anorak-suprima-thermojas-zwart-2\/"},"modified":"2025-11-02T15:01:49","modified_gmt":"2025-11-02T14:01:49","slug":"gappay-suprima-thermojas-zwart-2","status":"publish","type":"product","link":"https:\/\/dogpride.nl\/fr\/gappay-suprima-thermojas-zwart-2\/","title":{"rendered":"GAPPAY Veste Suprima Thermo noir"},"content":{"rendered":"<h4>GAPPAY Veste Suprima Thermo noir<\/h4>\n<p>GAPPAY Veste Suprima Thermo noir<\/p>\n<ul>\n<li>Nouveau design combin\u00e9 avec un tissu de haute qualit\u00e9<\/li>\n<li>R\u00e9sistant au vent et \u00e0 l&#039;eau<\/li>\n<li>Doublure int\u00e9rieure matelass\u00e9e contre la transpiration et la perte de chaleur<\/li>\n<li>Maintenant avec double fermeture \u00e9clair<\/li>\n<li>Avec capuche polaire<\/li>\n<li>Bracelet \u00e9lastique avec ouverture pour les doigts<\/li>\n<li>Taille, r\u00e9glable dans les 2 sens<\/li>\n<li>Avec poches en biais<\/li>\n<li>Poche kangourou bien connue sur la hanche<\/li>\n<li>Ajustement parfait gr\u00e2ce \u00e0 la technologie Slimfit<\/li>\n<li><strong>mod\u00e8le unisexe<\/strong><\/li>\n<li>Deux grandes poches sur les hanches et sur le devant.<\/li>\n<li>Deux poches zipp\u00e9es sur la poitrine.<\/li>\n<li>Une poche continue sur la hanche\/dos<\/li>\n<\/ul>\n<p><a href=\"https:\/\/www.gappay-hundesport.com\/en\" target=\"_blank\" rel=\"noopener\"><img loading=\"lazy\" decoding=\"async\" class=\"alignnone wp-image-140050 size-full\" src=\"https:\/\/dogpride.nl\/wp-content\/uploads\/gappay_logo.jpg\" alt=\"gappay_logo\" width=\"305\" height=\"64\" srcset=\"https:\/\/dogpride.nl\/wp-content\/uploads\/gappay_logo.jpg 305w, https:\/\/dogpride.nl\/wp-content\/uploads\/gappay_logo-300x63.jpg 300w, https:\/\/dogpride.nl\/wp-content\/uploads\/gappay_logo-18x4.jpg 18w, https:\/\/dogpride.nl\/wp-content\/uploads\/gappay_logo-250x52.jpg 250w\" sizes=\"auto, (max-width: 305px) 100vw, 305px\" \/><\/a><\/p>\n<p><a href=\"https:\/\/dogpride.nl\/fr\/kleding\/jassen\/gappay-jassen\/\"><img loading=\"lazy\" decoding=\"async\" class=\"alignnone\" title=\"GAPPAY Veste Suprima Thermo noir\" src=\"https:\/\/dogpride.nl\/wp-content\/uploads\/3199-60decaa8eb46f-Kopie-150x150.jpg\" alt=\"GAPPAY Suprima Thermojas zwart\" width=\"150\" height=\"150\" \/><\/a><\/p>","protected":false},"excerpt":{"rendered":"<p>Nouveau design combin\u00e9 avec un tissu de haute qualit\u00e9. R\u00e9sistant au vent et \u00e0 l&#039;eau. Doublure int\u00e9rieure matelass\u00e9e contre la transpiration et la perte de chaleur. Maintenant avec double fermeture \u00e9clair. Avec capuche polaire et poignet \u00e9lastique avec ouverture pour les doigts.<\/p>","protected":false},"featured_media":88111,"template":"","meta":[],"product_brand":[],"product_cat":[3857],"product_tag":[],"class_list":{"0":"post-18739","1":"product","2":"type-product","3":"status-publish","4":"has-post-thumbnail","6":"product_cat-gappay-jassen","8":"first","9":"instock","10":"taxable","11":"shipping-taxable","12":"purchasable","13":"product-type-variable"},"mb":[],"mfb_rest_fields":["title"],"_links":{"self":[{"href":"https:\/\/dogpride.nl\/fr\/wp-json\/wp\/v2\/product\/18739","targetHints":{"allow":["GET"]}}],"collection":[{"href":"https:\/\/dogpride.nl\/fr\/wp-json\/wp\/v2\/product"}],"about":[{"href":"https:\/\/dogpride.nl\/fr\/wp-json\/wp\/v2\/types\/product"}],"wp:featuredmedia":[{"embeddable":true,"href":"https:\/\/dogpride.nl\/fr\/wp-json\/wp\/v2\/media\/88111"}],"wp:attachment":[{"href":"https:\/\/dogpride.nl\/fr\/wp-json\/wp\/v2\/media?parent=18739"}],"wp:term":[{"taxonomy":"product_brand","embeddable":true,"href":"https:\/\/dogpride.nl\/fr\/wp-json\/wp\/v2\/product_brand?post=18739"},{"taxonomy":"product_cat","embeddable":true,"href":"https:\/\/dogpride.nl\/fr\/wp-json\/wp\/v2\/product_cat?post=18739"},{"taxonomy":"product_tag","embeddable":true,"href":"https:\/\/dogpride.nl\/fr\/wp-json\/wp\/v2\/product_tag?post=18739"}],"curies":[{"name":"wp","href":"https:\/\/api.w.org\/{rel}","templated":true}]}}