{"id":18702,"date":"2020-11-13T11:14:30","date_gmt":"2020-11-13T10:14:30","guid":{"rendered":"https:\/\/dogpride1.wpengine.com\/product\/niggeloh-harnas-mantrailing-2\/"},"modified":"2025-12-22T12:42:18","modified_gmt":"2025-12-22T11:42:18","slug":"niggeloh-harnas-mantrailing-2","status":"publish","type":"product","link":"https:\/\/dogpride.nl\/fr\/niggeloh-harnas-mantrailing-2\/","title":{"rendered":"Niggeloh Harnais Mantrailing"},"content":{"rendered":"<h4>Niggeloh Harnais Mantrailing<\/h4>\n<p>Niggeloh Harnais Mantrailing<\/p>\n<p>D\u00e9velopp\u00e9 avec des sp\u00e9cialistes de l&#039;\u00e9quipe &quot;mantrailing24.de&quot; et soigneusement test\u00e9<\/p>\n<p>Les garnitures en cuir, n\u00e9opr\u00e8ne et laiton sont synonymes de qualit\u00e9 et de durabilit\u00e9,<\/p>\n<p>L&#039;ajustement maximal au niveau du cou et de l&#039;abdomen, ainsi que sur les barres sup\u00e9rieures et inf\u00e9rieures et la conception ergonomique garantissent un ajustement parfait.<\/p>\n<p><a href=\"https:\/\/dogpride.nl\/fr\/\"><img loading=\"lazy\" decoding=\"async\" class=\"alignnone\" title=\"Niggeloh Harnais Mantrailing\" src=\"https:\/\/dogpride.nl\/wp-content\/uploads\/niggeloh-geschirr-mantrailing.jpg\" alt=\"Niggeloh harnas Mantrailing\" width=\"239\" height=\"233\" \/><\/a><\/p>\n<p><img loading=\"lazy\" decoding=\"async\" class=\"alignnone size-full wp-image-112158\" src=\"https:\/\/dogpride.nl\/wp-content\/uploads\/Maattabel-mantrailing-2.png\" alt=\"Maattabel\" width=\"670\" height=\"114\" srcset=\"https:\/\/dogpride.nl\/wp-content\/uploads\/Maattabel-mantrailing-2.png 670w, https:\/\/dogpride.nl\/wp-content\/uploads\/Maattabel-mantrailing-2-250x43.png 250w, https:\/\/dogpride.nl\/wp-content\/uploads\/Maattabel-mantrailing-2-400x68.png 400w, https:\/\/dogpride.nl\/wp-content\/uploads\/Maattabel-mantrailing-2-300x51.png 300w, https:\/\/dogpride.nl\/wp-content\/uploads\/Maattabel-mantrailing-2-18x3.png 18w\" sizes=\"auto, (max-width: 670px) 100vw, 670px\" \/><\/p>\n<p>tailles :<\/p>\n<ul>\n<li>S\/M = BGS, Australie Shepard, Beagle, Magyar Vizsla, Doberman, Caniche, Spitz, Husky, Border Collie, Kleiner M\u00fcnsterl\u00e4nder, toutes les races de terrier (grande race)<\/li>\n<li>L \/ XL = convient pour Braque allemand \u00e0 poil dur, Soudeur hanovrien, Collie, Bull Terrier, Boxer, Golden Retreiver, Chow Chow, Great Dane, Bouvier bernois, Bloodhound, Berger allemand, Landseer, Ridgeback Dt. Poil long et Poil court, Labrador<\/li>\n<\/ul>\n<p><a href=\"https:\/\/dogpride.nl\/fr\/\"><img loading=\"lazy\" decoding=\"async\" class=\"alignnone\" title=\"Niggeloh Harnais Mantrailing\" src=\"https:\/\/dogpride.nl\/wp-content\/uploads\/niggeloh-geschirr-mantrailing.jpg\" alt=\"Niggeloh harnas Mantrailing\" width=\"239\" height=\"233\" \/><\/a><\/p>\n<p>Couleur marron<\/p>\n<p>Cherchez-en aussi un assorti <span style=\"color: #ff0000;\">Ligne de mantrailing<\/span><\/p>\n<p>&nbsp;<\/p>\n<p><a href=\"https:\/\/www.niggeloh.de\/en\/home.html\" target=\"_blank\" rel=\"noopener\"><img loading=\"lazy\" decoding=\"async\" class=\"alignnone wp-image-70909 size-full\" src=\"https:\/\/dogpride.nl\/wp-content\/uploads\/logo_niggeloh.png\" alt=\"\" width=\"196\" height=\"90\" \/><\/a><\/p>","protected":false},"excerpt":{"rendered":"<p>D\u00e9velopp\u00e9 avec des sp\u00e9cialistes de l&#039;\u00e9quipe &quot;mantrailing24.de&quot; et soigneusement test\u00e9. Les garnitures en cuir, n\u00e9opr\u00e8ne et laiton sont synonymes de qualit\u00e9 et de durabilit\u00e9,<\/p>","protected":false},"featured_media":22415,"template":"","meta":[],"product_brand":[],"product_cat":[1909],"product_tag":[15788,15787,4606,15785,4094,15783,5917,15782,15789,10817,15784,15786],"class_list":{"0":"post-18702","1":"product","2":"type-product","3":"status-publish","4":"has-post-thumbnail","6":"product_cat-niggeloh-hondentuigjes","7":"product_tag-comfort-harnas-hond","8":"product_tag-duurzaam-hondentuig","9":"product_tag-harnas","10":"product_tag-hondenjachtuitrusting","11":"product_tag-hondentuig","12":"product_tag-jachtharnas","13":"product_tag-niggeloh","14":"product_tag-niggeloh-harnas","15":"product_tag-niggeloh-tuig","16":"product_tag-outdoor-hondenuitrusting","17":"product_tag-premium-hondentuig","18":"product_tag-verstelbaar-harnas","20":"first","21":"instock","22":"taxable","23":"shipping-taxable","24":"purchasable","25":"product-type-variable"},"mb":[],"mfb_rest_fields":["title"],"_links":{"self":[{"href":"https:\/\/dogpride.nl\/fr\/wp-json\/wp\/v2\/product\/18702","targetHints":{"allow":["GET"]}}],"collection":[{"href":"https:\/\/dogpride.nl\/fr\/wp-json\/wp\/v2\/product"}],"about":[{"href":"https:\/\/dogpride.nl\/fr\/wp-json\/wp\/v2\/types\/product"}],"wp:featuredmedia":[{"embeddable":true,"href":"https:\/\/dogpride.nl\/fr\/wp-json\/wp\/v2\/media\/22415"}],"wp:attachment":[{"href":"https:\/\/dogpride.nl\/fr\/wp-json\/wp\/v2\/media?parent=18702"}],"wp:term":[{"taxonomy":"product_brand","embeddable":true,"href":"https:\/\/dogpride.nl\/fr\/wp-json\/wp\/v2\/product_brand?post=18702"},{"taxonomy":"product_cat","embeddable":true,"href":"https:\/\/dogpride.nl\/fr\/wp-json\/wp\/v2\/product_cat?post=18702"},{"taxonomy":"product_tag","embeddable":true,"href":"https:\/\/dogpride.nl\/fr\/wp-json\/wp\/v2\/product_tag?post=18702"}],"curies":[{"name":"wp","href":"https:\/\/api.w.org\/{rel}","templated":true}]}}