{"id":18698,"date":"2020-11-13T11:02:03","date_gmt":"2020-11-13T10:02:03","guid":{"rendered":"https:\/\/dogpride1.wpengine.com\/product\/niggeloh-harnas-follow-2-bruin-2\/"},"modified":"2025-11-30T14:12:04","modified_gmt":"2025-11-30T13:12:04","slug":"niggeloh-harnas-follow-2-bruin-2","status":"publish","type":"product","link":"https:\/\/dogpride.nl\/fr\/niggeloh-harnas-follow-2-bruin-2\/","title":{"rendered":"Harnais Niggeloh Follow 2 Marron"},"content":{"rendered":"<h4>Harnais Niggeloh Follow 2 Marron<\/h4>\n<p>Harnais Niggeloh Follow 2 Marron<\/p>\n<p>Un harnais pour chien en Y unique. Le concept de base est similaire au harnais des chiens de tra\u00eeneau. Robuste mais confortable \u00e0 porter gr\u00e2ce au n\u00e9opr\u00e8ne et \u00e0 la sangle.<br \/>\nUn \u00e9merillon est fix\u00e9 en haut et en bas. Si un crochet n&#039;est pas n\u00e9cessaire, il est maintenu solidement au harnais avec une sangle.<br \/>\nLes parties fortement sollicit\u00e9es sont renforc\u00e9es par des morceaux de cuir.<\/p>\n<p><a href=\"https:\/\/dogpride.nl\/fr\/\"><img loading=\"lazy\" decoding=\"async\" class=\"alignnone\" title=\"Harnais Niggeloh Follow 2 Marron\" src=\"https:\/\/dogpride.nl\/wp-content\/uploads\/niggeloh-follow-2-m-braun.jpg\" alt=\"Niggeloh harnas Follow 2 Bruin\" width=\"133\" height=\"130\" \/><\/a><\/p>\n<p>Tailles\u00a0:<br \/>\nM = convient pour BGS, Dalmatien, Border Collie, Kleiner M\u00fcnsterl\u00e4nder, Husky, etc.<br \/>\nL = convient aux chiens d&#039;arr\u00eat et de suivi, Braque allemand \u00e0 poil dur, Collie, Berner Sennerhund, Bull Terrier, Boxer, Golden Retriever, Berger allemand, Labrador, Ridgeback, etc.<br \/>\nXL = convient pour Ridgeback, Bouvier Bernois, Dogue Allemand, Bloodhound et Landseer<\/p>\n<p><a href=\"https:\/\/dogpride.nl\/fr\/\"><img loading=\"lazy\" decoding=\"async\" class=\"alignnone\" title=\"Harnais Niggeloh Follow 2 Marron\" src=\"https:\/\/dogpride.nl\/wp-content\/uploads\/niggeloh-follow-2-m-braun.jpg\" alt=\"Niggeloh harnas Follow 2 Bruin\" width=\"133\" height=\"130\" \/><\/a><\/p>\n<p>Colorer:<br \/>\n\u2013 olive orange<br \/>\n- brun<br \/>\n- noir<\/p>\n<p><strong>Tableau des tailles:<\/strong><\/p>\n<p><img loading=\"lazy\" decoding=\"async\" class=\"alignnone size-full wp-image-112160\" src=\"https:\/\/dogpride.nl\/wp-content\/uploads\/Maattabel-Follow-2-1.png\" alt=\"Maattabel\" width=\"471\" height=\"117\" srcset=\"https:\/\/dogpride.nl\/wp-content\/uploads\/Maattabel-Follow-2-1.png 471w, https:\/\/dogpride.nl\/wp-content\/uploads\/Maattabel-Follow-2-1-250x62.png 250w, https:\/\/dogpride.nl\/wp-content\/uploads\/Maattabel-Follow-2-1-400x99.png 400w, https:\/\/dogpride.nl\/wp-content\/uploads\/Maattabel-Follow-2-1-300x75.png 300w, https:\/\/dogpride.nl\/wp-content\/uploads\/Maattabel-Follow-2-1-18x4.png 18w\" sizes=\"auto, (max-width: 471px) 100vw, 471px\" \/><\/p>\n<p>Remarque : Il s&#039;agit de l&#039;\u00ab ancienne \u00bb version du harnais Follow avec 2 boucles.<\/p>\n<p>&nbsp;<\/p>\n<p><a href=\"https:\/\/www.niggeloh.de\/en\/home.html\" target=\"_blank\" rel=\"noopener\"><img loading=\"lazy\" decoding=\"async\" class=\"alignnone wp-image-70909 size-full\" src=\"https:\/\/dogpride.nl\/wp-content\/uploads\/logo_niggeloh.png\" alt=\"\" width=\"196\" height=\"90\" \/><\/a><\/p>","protected":false},"excerpt":{"rendered":"<p>Un harnais pour chien en Y unique. Le concept de base est similaire au harnais des chiens de tra\u00eeneau. Robuste mais confortable \u00e0 porter gr\u00e2ce au n\u00e9opr\u00e8ne et \u00e0 la sangle.<\/p>","protected":false},"featured_media":22413,"template":"","meta":[],"product_brand":[],"product_cat":[1909],"product_tag":[5392,15788,15787,4606,15785,4094,15783,4979,5917,15782,15789,10817,15784,15786],"class_list":{"0":"post-18698","1":"product","2":"type-product","3":"status-publish","4":"has-post-thumbnail","6":"product_cat-niggeloh-hondentuigjes","7":"product_tag-bruin","8":"product_tag-comfort-harnas-hond","9":"product_tag-duurzaam-hondentuig","10":"product_tag-harnas","11":"product_tag-hondenjachtuitrusting","12":"product_tag-hondentuig","13":"product_tag-jachtharnas","14":"product_tag-leer","15":"product_tag-niggeloh","16":"product_tag-niggeloh-harnas","17":"product_tag-niggeloh-tuig","18":"product_tag-outdoor-hondenuitrusting","19":"product_tag-premium-hondentuig","20":"product_tag-verstelbaar-harnas","22":"first","23":"instock","24":"taxable","25":"shipping-taxable","26":"purchasable","27":"product-type-variable"},"mb":[],"mfb_rest_fields":["title"],"_links":{"self":[{"href":"https:\/\/dogpride.nl\/fr\/wp-json\/wp\/v2\/product\/18698","targetHints":{"allow":["GET"]}}],"collection":[{"href":"https:\/\/dogpride.nl\/fr\/wp-json\/wp\/v2\/product"}],"about":[{"href":"https:\/\/dogpride.nl\/fr\/wp-json\/wp\/v2\/types\/product"}],"wp:featuredmedia":[{"embeddable":true,"href":"https:\/\/dogpride.nl\/fr\/wp-json\/wp\/v2\/media\/22413"}],"wp:attachment":[{"href":"https:\/\/dogpride.nl\/fr\/wp-json\/wp\/v2\/media?parent=18698"}],"wp:term":[{"taxonomy":"product_brand","embeddable":true,"href":"https:\/\/dogpride.nl\/fr\/wp-json\/wp\/v2\/product_brand?post=18698"},{"taxonomy":"product_cat","embeddable":true,"href":"https:\/\/dogpride.nl\/fr\/wp-json\/wp\/v2\/product_cat?post=18698"},{"taxonomy":"product_tag","embeddable":true,"href":"https:\/\/dogpride.nl\/fr\/wp-json\/wp\/v2\/product_tag?post=18698"}],"curies":[{"name":"wp","href":"https:\/\/api.w.org\/{rel}","templated":true}]}}