{"id":18683,"date":"2020-11-12T13:57:32","date_gmt":"2020-11-12T12:57:32","guid":{"rendered":"https:\/\/dogpride1.wpengine.com\/product\/niggeloh-harnas-follow-light-2\/"},"modified":"2025-11-29T11:36:35","modified_gmt":"2025-11-29T10:36:35","slug":"niggeloh-harnas-follow-light-2","status":"publish","type":"product","link":"https:\/\/dogpride.nl\/fr\/niggeloh-harnas-follow-light-2\/","title":{"rendered":"Harnais Niggeloh Follow Light"},"content":{"rendered":"<h4>Harnais Niggeloh Follow Light<\/h4>\n<p>Harnais Niggeloh Follow Light<\/p>\n<p><strong>Description du produit<\/strong><\/p>\n<p>Le harnais de suivi pour chiens de petite et moyenne taille. Pivot en haut. En ouvrant une seule fermeture \u00e0 clic dans le cou, le chien est lib\u00e9r\u00e9.<\/p>\n<p><a href=\"https:\/\/dogpride.nl\/fr\/\"><img loading=\"lazy\" decoding=\"async\" class=\"alignnone\" title=\"Harnais Niggeloh Follow Light\" src=\"https:\/\/dogpride.nl\/wp-content\/uploads\/niggeloh-hundefuhrergeschirr-follow-light.jpg\" alt=\"Niggeloh Harnas Follow Light\" width=\"200\" height=\"203\" \/><\/a><\/p>\n<p>Disponible en 4 tailles :<\/p>\n<p>XS = par exemple pour les petits terriers (terriers de chasse), les teckels.<br \/>\n&#8211;<br \/>\nTour de cou 35 cm \u2013 Plage de r\u00e9glage de la ceinture abdominale : 39-63 cm<br \/>\n\u2013 Longueur barre au-dessus : 18 cm<br \/>\n\u2013 Longueur de la tige en dessous : 15-25 cm<\/p>\n<p>S = par exemple pour : Badger Hackers, Larger Terriers, Beagles, Poodles, Pomeranians, Mini Schnauzers.<br \/>\n&#8211;<br \/>\nTour de cou 42 cm - Plage de r\u00e9glage de la ceinture abdominale : 39-63 cm<br \/>\n\u2013 Longueur barre au-dessus : 18 cm<br \/>\n-Longueur de la barre en dessous : 15-25 cm<\/p>\n<p>M = par exemple pour Kopov\/Brandlbracken, Griffon Bleu de Gascogne, BGS, Dalmatien, Border Collie, Kleiner M\u00fcnsterl\u00e4nder, Husky, Wachtelhund, Spaniel.<br \/>\n&#8211;<br \/>\nTour de cou 49 cm \u2013 Plage de r\u00e9glage de la ceinture abdominale : 58-78 cm<br \/>\n\u2013 Longueur barre au-dessus : 18 cm<br \/>\n\u2013 Longueur de la tige en dessous : 20-37 cm<\/p>\n<ul>\n<li>Pour ce harnais, uniquement des lignes de soudure d&#039;une largeur maximale de 15 mm.<\/li>\n<\/ul>\n<p><a href=\"https:\/\/dogpride.nl\/fr\/\"><img loading=\"lazy\" decoding=\"async\" class=\"alignnone\" title=\"Harnais Niggeloh Follow Light\" src=\"https:\/\/dogpride.nl\/wp-content\/uploads\/niggeloh-hundefuhrergeschirr-follow-light.jpg\" alt=\"Niggeloh Harnas Follow Light\" width=\"200\" height=\"203\" \/><\/a><\/p>\n<p>&nbsp;<\/p>\n<p><a href=\"https:\/\/www.niggeloh.de\/en\/home.html\" target=\"_blank\" rel=\"noopener\"><img loading=\"lazy\" decoding=\"async\" class=\"alignnone wp-image-70909 size-full\" src=\"https:\/\/dogpride.nl\/wp-content\/uploads\/logo_niggeloh.png\" alt=\"\" width=\"196\" height=\"90\" \/><\/a><\/p>","protected":false},"excerpt":{"rendered":"<p>Le harnais de suivi pour chiens de petite et moyenne taille. Pivot en haut. En ouvrant une seule fermeture \u00e0 clic dans le cou, le chien est lib\u00e9r\u00e9.<\/p>","protected":false},"featured_media":44216,"template":"","meta":[],"product_brand":[],"product_cat":[1909],"product_tag":[15788,15787,15785,4094,15783,15782,15789,10817,15784,15786],"class_list":{"0":"post-18683","1":"product","2":"type-product","3":"status-publish","4":"has-post-thumbnail","6":"product_cat-niggeloh-hondentuigjes","7":"product_tag-comfort-harnas-hond","8":"product_tag-duurzaam-hondentuig","9":"product_tag-hondenjachtuitrusting","10":"product_tag-hondentuig","11":"product_tag-jachtharnas","12":"product_tag-niggeloh-harnas","13":"product_tag-niggeloh-tuig","14":"product_tag-outdoor-hondenuitrusting","15":"product_tag-premium-hondentuig","16":"product_tag-verstelbaar-harnas","18":"first","19":"instock","20":"taxable","21":"shipping-taxable","22":"purchasable","23":"product-type-variable"},"mb":[],"mfb_rest_fields":["title"],"_links":{"self":[{"href":"https:\/\/dogpride.nl\/fr\/wp-json\/wp\/v2\/product\/18683","targetHints":{"allow":["GET"]}}],"collection":[{"href":"https:\/\/dogpride.nl\/fr\/wp-json\/wp\/v2\/product"}],"about":[{"href":"https:\/\/dogpride.nl\/fr\/wp-json\/wp\/v2\/types\/product"}],"wp:featuredmedia":[{"embeddable":true,"href":"https:\/\/dogpride.nl\/fr\/wp-json\/wp\/v2\/media\/44216"}],"wp:attachment":[{"href":"https:\/\/dogpride.nl\/fr\/wp-json\/wp\/v2\/media?parent=18683"}],"wp:term":[{"taxonomy":"product_brand","embeddable":true,"href":"https:\/\/dogpride.nl\/fr\/wp-json\/wp\/v2\/product_brand?post=18683"},{"taxonomy":"product_cat","embeddable":true,"href":"https:\/\/dogpride.nl\/fr\/wp-json\/wp\/v2\/product_cat?post=18683"},{"taxonomy":"product_tag","embeddable":true,"href":"https:\/\/dogpride.nl\/fr\/wp-json\/wp\/v2\/product_tag?post=18683"}],"curies":[{"name":"wp","href":"https:\/\/api.w.org\/{rel}","templated":true}]}}