{"id":18675,"date":"2020-11-12T13:11:20","date_gmt":"2020-11-12T12:11:20","guid":{"rendered":"https:\/\/dogpride1.wpengine.com\/product\/niggeloh-harnas-follow-sport-plus-2\/"},"modified":"2026-03-06T14:24:45","modified_gmt":"2026-03-06T13:24:45","slug":"niggeloh-harnas-follow-sport-plus","status":"publish","type":"product","link":"https:\/\/dogpride.nl\/fr\/niggeloh-harnas-follow-sport-plus\/","title":{"rendered":"Harnais Niggeloh Follow SPORT PLUS"},"content":{"rendered":"<h4>Harnais Niggeloh Follow SPORT PLUS<\/h4>\n<p>Harnais Niggeloh Follow SPORT PLUS<\/p>\n<p><strong>Description du produit<\/strong><\/p>\n<ul>\n<li>D\u00e9velopp\u00e9 en \u00e9troite collaboration avec le multiple champion du monde FCI Knut Fuchs<\/li>\n<li>Adaptation id\u00e9ale \u00e0 l&#039;anatomie du chien, le concept de base s&#039;apparente au harnais des chiens de tra\u00eeneau<\/li>\n<li>Version &quot;PLUS&quot; avec ouverture au niveau du cou pour le confort de PLUS gr\u00e2ce \u00e0 une fermeture en m\u00e9tal solide<\/li>\n<li>Grande poign\u00e9e et anneau rond sur le dessus pour attacher la ceinture.<\/li>\n<li>Mat\u00e9riaux robustes et confortables : n\u00e9opr\u00e8ne, PTM et sangles<\/li>\n<li>Grande boucle robuste sur la ceinture avec des options de r\u00e9glage individuelles<\/li>\n<li>R\u00e9pond aux exigences les plus \u00e9lev\u00e9es et est aussi l\u00e9ger qu&#039;une plume<\/li>\n<li>Pas d&#039;absorption d&#039;eau, facile d&#039;entretien<\/li>\n<li>Disponible en tailles M, L, XL<\/li>\n<li>Couleur : jaune-rouge saisissant avec des applications noires<\/li>\n<\/ul>\n<p><a href=\"https:\/\/dogpride.nl\/fr\/\"><img loading=\"lazy\" decoding=\"async\" class=\"alignnone\" title=\"Harnais Niggeloh Follow SPORT PLUS\" src=\"https:\/\/dogpride.nl\/wp-content\/uploads\/hundefuhrergeschirr-follow-sport-plus.jpg\" alt=\"Niggeloh harnas Follow SPORT PLUS\" width=\"189\" height=\"189\" \/><\/a><\/p>\n<p>Taille M : BGS, Dalmatien, Border Collie, Kleiner M\u00fcnsterl\u00e4nder, Husky, Wachtelhund,<br \/>\nLagotto Romagnolo, Mailnois (petite race) etc.<\/p>\n<p>Taille L\u00a0: chien de berger allemand, malinois (grand), pointeur allemand, hanovrien<br \/>\nchien de soudure , Colley, Bull Terrier, Boxer, Golden Retriever, Allemand. Cheveux longs &amp;<br \/>\nPoil court, Labrador, Chow Chow etc.<\/p>\n<p>Taille XL : Bouvier Bernois, Ridgeback, Bloodhound et Otterhound, Dogue de Bordeaux, Rottweiler,<br \/>\nDogo Argentino, Cane Corso, Hovawart, Schnnautzer G\u00e9ant, Dogue Allemand<\/p>\n<p>Tableau des tailles de harnais pour chien Follow SPORT PLUS :<\/p>\n<p><img loading=\"lazy\" decoding=\"async\" class=\"alignnone size-full wp-image-112173\" src=\"https:\/\/dogpride.nl\/wp-content\/uploads\/mAATTABEL-sPORT-pLUS-1.jpg\" alt=\"Maattabel\" width=\"520\" height=\"160\" srcset=\"https:\/\/dogpride.nl\/wp-content\/uploads\/mAATTABEL-sPORT-pLUS-1.jpg 520w, https:\/\/dogpride.nl\/wp-content\/uploads\/mAATTABEL-sPORT-pLUS-1-250x77.jpg 250w, https:\/\/dogpride.nl\/wp-content\/uploads\/mAATTABEL-sPORT-pLUS-1-400x123.jpg 400w, https:\/\/dogpride.nl\/wp-content\/uploads\/mAATTABEL-sPORT-pLUS-1-300x92.jpg 300w, https:\/\/dogpride.nl\/wp-content\/uploads\/mAATTABEL-sPORT-pLUS-1-18x6.jpg 18w\" sizes=\"auto, (max-width: 520px) 100vw, 520px\" \/><\/p>\n<p><a href=\"https:\/\/dogpride.nl\/fr\/\"><img loading=\"lazy\" decoding=\"async\" class=\"alignnone\" title=\"Harnais Niggeloh Follow SPORT PLUS\" src=\"https:\/\/dogpride.nl\/wp-content\/uploads\/hundefuhrergeschirr-follow-sport-plus.jpg\" alt=\"Niggeloh harnas Follow SPORT PLUS\" width=\"189\" height=\"189\" \/><\/a><\/p>\n<p>&nbsp;<\/p>\n<p><a href=\"https:\/\/www.niggeloh.de\/en\/home.html\" target=\"_blank\" rel=\"noopener\"><img loading=\"lazy\" decoding=\"async\" class=\"alignnone wp-image-70909 size-full\" src=\"https:\/\/dogpride.nl\/wp-content\/uploads\/logo_niggeloh.png\" alt=\"\" width=\"196\" height=\"90\" \/><\/a><\/p>","protected":false},"excerpt":{"rendered":"<p>Niggeloh harnas Follow SPORT PLUS. Ontwikkeld in nauwe samenwerking met de meervoudig FCI Wereldkampioen Knut Fuchs.<\/p>","protected":false},"featured_media":44209,"template":"","meta":[],"product_brand":[],"product_cat":[1909],"product_tag":[15788,15787,15785,4094,15783,15782,15789,10817,15784,15786],"class_list":{"0":"post-18675","1":"product","2":"type-product","3":"status-publish","4":"has-post-thumbnail","6":"product_cat-niggeloh-hondentuigjes","7":"product_tag-comfort-harnas-hond","8":"product_tag-duurzaam-hondentuig","9":"product_tag-hondenjachtuitrusting","10":"product_tag-hondentuig","11":"product_tag-jachtharnas","12":"product_tag-niggeloh-harnas","13":"product_tag-niggeloh-tuig","14":"product_tag-outdoor-hondenuitrusting","15":"product_tag-premium-hondentuig","16":"product_tag-verstelbaar-harnas","18":"first","19":"instock","20":"taxable","21":"shipping-taxable","22":"purchasable","23":"product-type-variable"},"mb":[],"mfb_rest_fields":["title"],"_links":{"self":[{"href":"https:\/\/dogpride.nl\/fr\/wp-json\/wp\/v2\/product\/18675","targetHints":{"allow":["GET"]}}],"collection":[{"href":"https:\/\/dogpride.nl\/fr\/wp-json\/wp\/v2\/product"}],"about":[{"href":"https:\/\/dogpride.nl\/fr\/wp-json\/wp\/v2\/types\/product"}],"wp:featuredmedia":[{"embeddable":true,"href":"https:\/\/dogpride.nl\/fr\/wp-json\/wp\/v2\/media\/44209"}],"wp:attachment":[{"href":"https:\/\/dogpride.nl\/fr\/wp-json\/wp\/v2\/media?parent=18675"}],"wp:term":[{"taxonomy":"product_brand","embeddable":true,"href":"https:\/\/dogpride.nl\/fr\/wp-json\/wp\/v2\/product_brand?post=18675"},{"taxonomy":"product_cat","embeddable":true,"href":"https:\/\/dogpride.nl\/fr\/wp-json\/wp\/v2\/product_cat?post=18675"},{"taxonomy":"product_tag","embeddable":true,"href":"https:\/\/dogpride.nl\/fr\/wp-json\/wp\/v2\/product_tag?post=18675"}],"curies":[{"name":"wp","href":"https:\/\/api.w.org\/{rel}","templated":true}]}}