{"id":18539,"date":"2020-11-09T12:03:53","date_gmt":"2020-11-09T11:03:53","guid":{"rendered":"https:\/\/dogpride1.wpengine.com\/product\/k9-factory-franse-jas-met-armhoezen-2\/"},"modified":"2025-12-31T09:32:19","modified_gmt":"2025-12-31T08:32:19","slug":"k9-factory-franse-jas-met-armhoezen-2","status":"publish","type":"product","link":"https:\/\/dogpride.nl\/fr\/k9-factory-franse-jas-met-armhoezen-2\/","title":{"rendered":"Veste fran\u00e7aise K9 Factory avec couvre-bras"},"content":{"rendered":"<h4><span style=\"font-size: 10pt;\">Veste fran\u00e7aise K9 Factory avec couvre-bras<\/span><\/h4>\n<p>Veste fran\u00e7aise K9 Factory avec couvre-bras. La veste French bite est faite d&#039;un tissu ind\u00e9chirable en coton et nylon (Nylcot),<br \/>\nLe costume est fourni avec du feutre sp\u00e9cial et fini \u00e0 l&#039;int\u00e9rieur avec du lin.<br \/>\nNos combinaisons garantissent la meilleure libert\u00e9 de mouvement et la meilleure protection.<br \/>\nLa veste peut \u00eatre \u00e9quip\u00e9e de fermetures \u00e0 pression ou de boucles et de ceintures.<\/p>\n<p><a href=\"https:\/\/dogpride.nl\/fr\/hondensport\/k9-factory\/k9-factory-bijtpakken\/\"><img loading=\"lazy\" decoding=\"async\" class=\"alignnone wp-image-138889 size-thumbnail\" title=\"Veste fran\u00e7aise K9 Factory avec couvre-bras\" src=\"https:\/\/dogpride.nl\/wp-content\/uploads\/K9-Factory-Franse-Jas-met-armhoezen-150x150.jpg\" alt=\"K9 Factory Franse Jas met armhoezen\" width=\"150\" height=\"150\" srcset=\"https:\/\/dogpride.nl\/wp-content\/uploads\/K9-Factory-Franse-Jas-met-armhoezen-150x150.jpg 150w, https:\/\/dogpride.nl\/wp-content\/uploads\/K9-Factory-Franse-Jas-met-armhoezen-12x12.jpg 12w, https:\/\/dogpride.nl\/wp-content\/uploads\/K9-Factory-Franse-Jas-met-armhoezen-250x250.jpg 250w, https:\/\/dogpride.nl\/wp-content\/uploads\/K9-Factory-Franse-Jas-met-armhoezen-100x100.jpg 100w, https:\/\/dogpride.nl\/wp-content\/uploads\/K9-Factory-Franse-Jas-met-armhoezen.jpg 300w\" sizes=\"auto, (max-width: 150px) 100vw, 150px\" \/><\/a><\/p>\n<p>Couleur : noir, bleu marine, vert, rouge<\/p>\n<p>Taille : 48\/50\/52\/54\/56<\/p>\n<p>Si vous le souhaitez, une combinaison de morsure peut \u00eatre enti\u00e8rement personnalis\u00e9e. \u00c9crivez-nous pour les possibilit\u00e9s.<\/p>\n<p>&nbsp;<\/p>\n<p><a href=\"https:\/\/dogpride.nl\/fr\/hondensport\/k9-factory\/k9-factory-bijtpakken\/\"><img loading=\"lazy\" decoding=\"async\" class=\"alignnone wp-image-138889 size-thumbnail\" title=\"Veste fran\u00e7aise K9 Factory avec couvre-bras\" src=\"https:\/\/dogpride.nl\/wp-content\/uploads\/K9-Factory-Franse-Jas-met-armhoezen-150x150.jpg\" alt=\"K9 Factory Franse Jas met armhoezen\" width=\"150\" height=\"150\" srcset=\"https:\/\/dogpride.nl\/wp-content\/uploads\/K9-Factory-Franse-Jas-met-armhoezen-150x150.jpg 150w, https:\/\/dogpride.nl\/wp-content\/uploads\/K9-Factory-Franse-Jas-met-armhoezen-12x12.jpg 12w, https:\/\/dogpride.nl\/wp-content\/uploads\/K9-Factory-Franse-Jas-met-armhoezen-250x250.jpg 250w, https:\/\/dogpride.nl\/wp-content\/uploads\/K9-Factory-Franse-Jas-met-armhoezen-100x100.jpg 100w, https:\/\/dogpride.nl\/wp-content\/uploads\/K9-Factory-Franse-Jas-met-armhoezen.jpg 300w\" sizes=\"auto, (max-width: 150px) 100vw, 150px\" \/><\/a><\/p>\n<h4 data-start=\"259\" data-end=\"355\"><strong data-start=\"264\" data-end=\"353\">K9 Factory Franse Jas met Armhoezen \u2013 Flexibiliteit en bescherming in perfecte balans<\/strong><\/h4>\n<p data-start=\"356\" data-end=\"765\">Le <strong data-start=\"359\" data-end=\"398\">K9 Factory Franse Jas met Armhoezen<\/strong> is ontworpen voor intensief professioneel gebruik binnen de hondensport, pakwerk en politiehondentraining.<br data-start=\"505\" data-end=\"508\" \/>Deze jas combineert <strong data-start=\"528\" data-end=\"586\">uitstekende bescherming met maximale bewegingsvrijheid<\/strong>, en is voorzien van <strong data-start=\"607\" data-end=\"631\">afneembare armhoezen<\/strong> voor extra veelzijdigheid.<br data-start=\"658\" data-end=\"661\" \/>Een betrouwbaar, praktisch en duurzaam product dat voldoet aan de hoge eisen van professionele trainers.<\/p>\n<h4 data-start=\"767\" data-end=\"813\"><strong data-start=\"772\" data-end=\"811\">Frans ontwerp, K9 Factory kwaliteit<\/strong><\/h4>\n<p data-start=\"814\" data-end=\"1234\">Le <strong data-start=\"817\" data-end=\"833\">Franse stijl<\/strong> van deze jas kenmerkt zich door zijn <strong data-start=\"871\" data-end=\"914\">lichte constructie en flexibele pasvorm<\/strong>.<br data-start=\"915\" data-end=\"918\" \/>De jas is opgebouwd uit sterke, schokabsorberende materialen die optimale bescherming bieden, zonder dat de drager inlevert op snelheid of wendbaarheid.<br data-start=\"1070\" data-end=\"1073\" \/>Door het <strong data-start=\"1082\" data-end=\"1106\">evenwichtige ontwerp<\/strong> kan de drager zich vrij bewegen, draaien en reageren \u2013 essentieel bij dynamisch pakwerk en trainingssituaties met werkhonden.<\/p>\n<p data-start=\"1236\" data-end=\"1400\">Le <strong data-start=\"1239\" data-end=\"1263\">afneembare armhoezen<\/strong> maken het mogelijk om de jas aan te passen aan de training: met mouwen voor volledige bescherming of zonder voor meer bewegingsvrijheid.<\/p>\n<h4 data-start=\"1402\" data-end=\"1443\"><strong data-start=\"1407\" data-end=\"1441\">Ontworpen voor praktijkgebruik<\/strong><\/h4>\n<p data-start=\"1444\" data-end=\"1989\">Le <strong data-start=\"1447\" data-end=\"1472\">K9 Factory Franse Jas<\/strong> is met zorg ontwikkeld voor dagelijks gebruik door professionele pakwerkers.<br data-start=\"1549\" data-end=\"1552\" \/>Le <strong data-start=\"1555\" data-end=\"1580\">slijtvaste buitenlaag<\/strong> biedt langdurige weerstand tegen beten, terwijl de <strong data-start=\"1632\" data-end=\"1651\">interne demping<\/strong> zorgt voor comfortabele bescherming tegen druk en impact.<br data-start=\"1709\" data-end=\"1712\" \/>Le <strong data-start=\"1715\" data-end=\"1781\">verstevigde naden, verstelbare sluitingen en ergonomische snit<\/strong> zorgen voor een perfecte pasvorm, die goed blijft zitten tijdens elke oefening.<br data-start=\"1861\" data-end=\"1864\" \/>De jas is licht van gewicht en eenvoudig aan en uit te trekken \u2013 ideaal voor trainingen met meerdere honden of korte sessies.<\/p>\n<h4 data-start=\"1991\" data-end=\"2038\"><strong data-start=\"1996\" data-end=\"2036\">Veiligheid en comfort in \u00e9\u00e9n ontwerp<\/strong><\/h4>\n<p data-start=\"2039\" data-end=\"2452\">Le <strong data-start=\"2042\" data-end=\"2059\">binnenvoering<\/strong> van de jas is ademend en vochtregulerend, waardoor hij comfortabel blijft, zelfs bij langdurig gebruik.<br data-start=\"2163\" data-end=\"2166\" \/>Le <strong data-start=\"2169\" data-end=\"2182\">armhoezen<\/strong> sluiten stevig aan, zonder te knellen, en bieden bescherming tot over de onderarm.<br data-start=\"2265\" data-end=\"2268\" \/>Door het modulaire ontwerp kunnen de mouwen snel worden losgemaakt of vervangen, afhankelijk van de gewenste trainingsintensiteit.<br data-start=\"2398\" data-end=\"2401\" \/>Zo past de jas zich aan aan jouw manier van werken.<\/p>\n<h4 data-start=\"2454\" data-end=\"2491\"><strong data-start=\"2459\" data-end=\"2489\">Vakmanschap van K9 Factory<\/strong><\/h4>\n<p data-start=\"2492\" data-end=\"2892\">Zoals bij alle producten van <strong data-start=\"2521\" data-end=\"2535\">K9 Factory<\/strong> staat ook bij deze Franse Jas <strong data-start=\"2566\" data-end=\"2612\">kwaliteit, functionaliteit en duurzaamheid<\/strong> centraal.<br data-start=\"2622\" data-end=\"2625\" \/>Elke jas wordt met de hand vervaardigd en getest in de praktijk door professionele trainers en pakwerkers.<br data-start=\"2731\" data-end=\"2734\" \/>Het resultaat is een betrouwbaar beschermingsmiddel dat niet alleen goed presteert, maar ook jarenlang meegaat \u2013 een investering in veiligheid en vakmanschap.<\/p>\n<h4 data-start=\"2894\" data-end=\"2915\"><strong data-start=\"2899\" data-end=\"2913\">Application<\/strong><\/h4>\n<ul data-start=\"2916\" data-end=\"3195\">\n<li data-start=\"2916\" data-end=\"3014\">\n<p data-start=\"2918\" data-end=\"3014\"><strong data-start=\"2918\" data-end=\"2964\">Professionele pakwerkers en hondentrainers<\/strong> die behoefte hebben aan veelzijdige bescherming<\/p>\n<\/li>\n<li data-start=\"3015\" data-end=\"3102\">\n<p data-start=\"3017\" data-end=\"3102\"><strong data-start=\"3017\" data-end=\"3054\">Opleidingscentra en hondenscholen<\/strong> die werken met verschillende trainingsniveaus<\/p>\n<\/li>\n<li data-start=\"3103\" data-end=\"3195\">\n<p data-start=\"3105\" data-end=\"3195\"><strong data-start=\"3105\" data-end=\"3140\">KNPV- en Franse pakwerksporters<\/strong> die waarde hechten aan bewegingsvrijheid en controle<\/p>\n<\/li>\n<\/ul>\n<h4 data-start=\"3197\" data-end=\"3248\"><strong data-start=\"3202\" data-end=\"3246\">Veelzijdig, comfortabel en professioneel<\/strong><\/h4>\n<p data-start=\"3249\" data-end=\"3507\">Le <strong data-start=\"3252\" data-end=\"3291\">K9 Factory Franse Jas met Armhoezen<\/strong> biedt het beste van twee werelden:<br data-start=\"3326\" data-end=\"3329\" \/>de klassieke Franse bewegingsvrijheid en de betrouwbare K9 Factory-bescherming.<br data-start=\"3408\" data-end=\"3411\" \/>Een jas die meebeweegt, beschermt en presteert \u2013 precies zoals jij dat nodig hebt in het veld.<\/p>\n<p data-start=\"3509\" data-end=\"3567\"><strong data-start=\"3509\" data-end=\"3567\">K9 Factory \u2013 bescherming met verstand van de praktijk.<\/strong><\/p>\n<p data-start=\"3509\" data-end=\"3567\"><a href=\"https:\/\/www.google.com\/\" target=\"_blank\" rel=\"noopener\"><img loading=\"lazy\" decoding=\"async\" class=\"alignnone wp-image-71274 size-full\" src=\"https:\/\/dogpride.nl\/wp-content\/uploads\/Logo-K9Factory-1.png\" alt=\"\" width=\"208\" height=\"125\" srcset=\"https:\/\/dogpride.nl\/wp-content\/uploads\/Logo-K9Factory-1.png 208w, https:\/\/dogpride.nl\/wp-content\/uploads\/Logo-K9Factory-1-200x120.png 200w\" sizes=\"auto, (max-width: 208px) 100vw, 208px\" \/><\/a><\/p>","protected":false},"excerpt":{"rendered":"<p>La veste French bite est fabriqu\u00e9e dans un tissu r\u00e9sistant \u00e0 la d\u00e9chirure en coton et nylon (Nylcot). Le costume est fourni avec du feutre sp\u00e9cial et fini \u00e0 l&#039;int\u00e9rieur avec du lin.<\/p>","protected":false},"featured_media":138889,"template":"","meta":[],"product_brand":[],"product_cat":[10282],"product_tag":[10314,6755,10313,10317,6757,10316,10315],"class_list":{"0":"post-18539","1":"product","2":"type-product","3":"status-publish","4":"has-post-thumbnail","6":"product_cat-k9-factory-bijtpakken","7":"product_tag-bijtjas","8":"product_tag-bijtpak","9":"product_tag-franspak","10":"product_tag-freestyle","11":"product_tag-knpv","12":"product_tag-mondio-ring","13":"product_tag-mondioring","15":"first","16":"instock","17":"taxable","18":"shipping-taxable","19":"purchasable","20":"product-type-variable"},"mb":[],"mfb_rest_fields":["title"],"_links":{"self":[{"href":"https:\/\/dogpride.nl\/fr\/wp-json\/wp\/v2\/product\/18539","targetHints":{"allow":["GET"]}}],"collection":[{"href":"https:\/\/dogpride.nl\/fr\/wp-json\/wp\/v2\/product"}],"about":[{"href":"https:\/\/dogpride.nl\/fr\/wp-json\/wp\/v2\/types\/product"}],"wp:featuredmedia":[{"embeddable":true,"href":"https:\/\/dogpride.nl\/fr\/wp-json\/wp\/v2\/media\/138889"}],"wp:attachment":[{"href":"https:\/\/dogpride.nl\/fr\/wp-json\/wp\/v2\/media?parent=18539"}],"wp:term":[{"taxonomy":"product_brand","embeddable":true,"href":"https:\/\/dogpride.nl\/fr\/wp-json\/wp\/v2\/product_brand?post=18539"},{"taxonomy":"product_cat","embeddable":true,"href":"https:\/\/dogpride.nl\/fr\/wp-json\/wp\/v2\/product_cat?post=18539"},{"taxonomy":"product_tag","embeddable":true,"href":"https:\/\/dogpride.nl\/fr\/wp-json\/wp\/v2\/product_tag?post=18539"}],"curies":[{"name":"wp","href":"https:\/\/api.w.org\/{rel}","templated":true}]}}