{"id":18468,"date":"2020-10-27T15:48:38","date_gmt":"2020-10-27T14:48:38","guid":{"rendered":"https:\/\/dogpride1.wpengine.com\/product\/garmin-universele-usb-voeding-2\/"},"modified":"2025-08-19T20:33:13","modified_gmt":"2025-08-19T18:33:13","slug":"garmin-universele-usb-voeding-2","status":"publish","type":"product","link":"https:\/\/dogpride.nl\/fr\/garmin-universele-usb-voeding-2\/","title":{"rendered":"Alimentation USB universelle Garmin"},"content":{"rendered":"<h4>Alimentation USB universelle Garmin<\/h4>\n<p>Alimentation USB universelle Garmin<\/p>\n<p>Ce kit comprend 1 micro c\u00e2ble et 1 mini c\u00e2ble pour que vous puissiez charger ou alimenter des appareils compatibles.<br \/>\nConnectez le c\u00e2ble appropri\u00e9 \u00e0 l&#039;appareil, puis \u00e0 l&#039;adaptateur secteur pour alimenter l&#039;appareil, ou connectez-le \u00e0 un ordinateur pour le transfert de donn\u00e9es.<\/p>\n<p>Inclusief adapterstekkers voor Groot-Brittanni\u00eb, Noord-Ierland en Europa.<\/p>","protected":false},"excerpt":{"rendered":"<p>Alimentation USB universelle Garmin. Ce kit comprend 1 micro c\u00e2ble et 1 mini c\u00e2ble pour que vous puissiez charger ou alimenter des appareils compatibles.<\/p>","protected":false},"featured_media":43962,"template":"","meta":[],"product_brand":[],"product_cat":[938],"product_tag":[],"class_list":{"0":"post-18468","1":"product","2":"type-product","3":"status-publish","4":"has-post-thumbnail","6":"product_cat-gps-systemen","8":"first","9":"instock","10":"taxable","11":"shipping-taxable","12":"purchasable","13":"product-type-simple"},"exclude_global_add_ons":[],"addons":[],"mb":[],"mfb_rest_fields":["title","exclude_global_add_ons","addons"],"_links":{"self":[{"href":"https:\/\/dogpride.nl\/fr\/wp-json\/wp\/v2\/product\/18468","targetHints":{"allow":["GET"]}}],"collection":[{"href":"https:\/\/dogpride.nl\/fr\/wp-json\/wp\/v2\/product"}],"about":[{"href":"https:\/\/dogpride.nl\/fr\/wp-json\/wp\/v2\/types\/product"}],"wp:featuredmedia":[{"embeddable":true,"href":"https:\/\/dogpride.nl\/fr\/wp-json\/wp\/v2\/media\/43962"}],"wp:attachment":[{"href":"https:\/\/dogpride.nl\/fr\/wp-json\/wp\/v2\/media?parent=18468"}],"wp:term":[{"taxonomy":"product_brand","embeddable":true,"href":"https:\/\/dogpride.nl\/fr\/wp-json\/wp\/v2\/product_brand?post=18468"},{"taxonomy":"product_cat","embeddable":true,"href":"https:\/\/dogpride.nl\/fr\/wp-json\/wp\/v2\/product_cat?post=18468"},{"taxonomy":"product_tag","embeddable":true,"href":"https:\/\/dogpride.nl\/fr\/wp-json\/wp\/v2\/product_tag?post=18468"}],"curies":[{"name":"wp","href":"https:\/\/api.w.org\/{rel}","templated":true}]}}