{"id":18261,"date":"2020-10-19T16:33:57","date_gmt":"2020-10-19T14:33:57","guid":{"rendered":"https:\/\/dogpride1.wpengine.com\/product\/sporthund-q-box-2\/"},"modified":"2025-11-08T10:15:06","modified_gmt":"2025-11-08T09:15:06","slug":"sporthund-q-box-2","status":"publish","type":"product","link":"https:\/\/dogpride.nl\/fr\/sporthund-q-box-2\/","title":{"rendered":"Bo\u00eete Q Sporthund"},"content":{"rendered":"<h4>Bo\u00eete Q Sporthund<\/h4>\n<p>Bo\u00eete Q Sporthund<\/p>\n<p>Sporthund Q-Box est l\u00e9ger, s\u00fbr, bon march\u00e9 et portable.<br \/>\nCe sont les principaux avantages de la Q-Box.<br \/>\nContrairement \u00e0 d&#039;autres bo\u00eetes technologiques, la Q-Box est faite de l&#039;intelligent \u00ab Quadro System \u00bb - en tant que jouet d&#039;escalade pour enfants con\u00e7u pour la s\u00e9curit\u00e9.<\/p>\n<p>La Q-Box est livr\u00e9e compacte en pi\u00e8ces d\u00e9tach\u00e9es. Le montage avec les instructions de montage jointes est un jeu d&#039;enfant dans le vrai sens du terme.<br \/>\nLe syst\u00e8me Quadro est con\u00e7u pour une utilisation int\u00e9rieure et ext\u00e9rieure. Le mat\u00e9riau est r\u00e9sistant aux intemp\u00e9ries. Si la Q-Box n&#039;est pas n\u00e9cessaire, elle peut \u00eatre d\u00e9mont\u00e9e en quelques \u00e9tapes simples.<\/p>\n<p>Des univers de jeu complets pour enfants peuvent \u00eatre construits avec le syst\u00e8me Quadro. Les exigences de stabilit\u00e9 et de protection contre les blessures sont bien s\u00fbr particuli\u00e8rement \u00e9lev\u00e9es pour de tels produits. Cela profite \u00e9galement \u00e0 notre Q-Box.<\/p>\n<p>Le bol n&#039;a pas de bords tranchants ou pointus qui pourraient blesser le chien. Malgr\u00e9 le montage simple, il est particuli\u00e8rement robuste. En raison de la construction modulaire, des extensions futures sont envisageables.<\/p>\n<h5>Zone d&#039;application:<\/h5>\n<ul>\n<li>pour les exercices techniques : assis-assis-debout<\/li>\n<li>pour r\u00e9cup\u00e9rer des exercices<\/li>\n<li>id\u00e9al pour la position d&#039;aboiement optimale dans l&#039;onglet.<\/li>\n<\/ul>\n<h5>Faits:<\/h5>\n<ul>\n<li>Livraison d\u00e9mont\u00e9e dans une bo\u00eete<\/li>\n<li>Assemblage facile<\/li>\n<li>Le manuel d&#039;installation est fourni avec la cl\u00e9 d&#039;installation et le connecteur Quadro<\/li>\n<\/ul>\n<p>Dimensions ext\u00e9rieures : 85 x 45 x 45 cm<\/p>\n<p>Dimensions int\u00e9rieures (surface de base pour le chien) 80x35cm,<\/p>\n<p>poids 3,66 kg,<\/p>\n<p>couleur : bleu\/noir<\/p>\n<p><a href=\"https:\/\/www.sporthund.de\/?srsltid=AfmBOorKTVdQf0o_x2KfiKeDIAsDTdss-vKyrUfcVkvLbN150LSuAhDr\" target=\"_blank\" rel=\"noopener\"><img loading=\"lazy\" decoding=\"async\" class=\"alignnone wp-image-71248 size-full\" src=\"https:\/\/dogpride.nl\/wp-content\/uploads\/Logo-Sporthund-2.jpg\" alt=\"\" width=\"300\" height=\"88\" srcset=\"https:\/\/dogpride.nl\/wp-content\/uploads\/Logo-Sporthund-2.jpg 300w, https:\/\/dogpride.nl\/wp-content\/uploads\/Logo-Sporthund-2-250x73.jpg 250w, https:\/\/dogpride.nl\/wp-content\/uploads\/Logo-Sporthund-2-200x59.jpg 200w\" sizes=\"auto, (max-width: 300px) 100vw, 300px\" \/><\/a><\/p>\n<p><a href=\"https:\/\/dogpride.nl\/fr\/gehoorzaamheid\/hondensport-benodigdheden\/\"><img loading=\"lazy\" decoding=\"async\" class=\"alignnone\" title=\"Bo\u00eete Q Sporthund\" src=\"https:\/\/dogpride.nl\/wp-content\/uploads\/sporthund-q-box3-150x150.jpg\" alt=\"Sporthund Q-Box\" width=\"150\" height=\"150\" \/><\/a><\/p>","protected":false},"excerpt":{"rendered":"<p>Le bol n&#039;a pas de bords tranchants ou pointus qui pourraient blesser le chien. Malgr\u00e9 le montage simple, il est particuli\u00e8rement robuste. En raison de la construction modulaire, des extensions futures sont envisageables.<\/p>","protected":false},"featured_media":62105,"template":"","meta":[],"product_brand":[],"product_cat":[12612],"product_tag":[],"class_list":{"0":"post-18261","1":"product","2":"type-product","3":"status-publish","4":"has-post-thumbnail","6":"product_cat-hondensport-benodigdheden","8":"first","9":"instock","10":"taxable","11":"shipping-taxable","12":"purchasable","13":"product-type-simple"},"exclude_global_add_ons":[],"addons":[],"mb":[],"mfb_rest_fields":["title","exclude_global_add_ons","addons"],"_links":{"self":[{"href":"https:\/\/dogpride.nl\/fr\/wp-json\/wp\/v2\/product\/18261","targetHints":{"allow":["GET"]}}],"collection":[{"href":"https:\/\/dogpride.nl\/fr\/wp-json\/wp\/v2\/product"}],"about":[{"href":"https:\/\/dogpride.nl\/fr\/wp-json\/wp\/v2\/types\/product"}],"wp:featuredmedia":[{"embeddable":true,"href":"https:\/\/dogpride.nl\/fr\/wp-json\/wp\/v2\/media\/62105"}],"wp:attachment":[{"href":"https:\/\/dogpride.nl\/fr\/wp-json\/wp\/v2\/media?parent=18261"}],"wp:term":[{"taxonomy":"product_brand","embeddable":true,"href":"https:\/\/dogpride.nl\/fr\/wp-json\/wp\/v2\/product_brand?post=18261"},{"taxonomy":"product_cat","embeddable":true,"href":"https:\/\/dogpride.nl\/fr\/wp-json\/wp\/v2\/product_cat?post=18261"},{"taxonomy":"product_tag","embeddable":true,"href":"https:\/\/dogpride.nl\/fr\/wp-json\/wp\/v2\/product_tag?post=18261"}],"curies":[{"name":"wp","href":"https:\/\/api.w.org\/{rel}","templated":true}]}}