{"id":18046,"date":"2020-10-08T13:48:32","date_gmt":"2020-10-08T11:48:32","guid":{"rendered":"https:\/\/dogpride1.wpengine.com\/product\/pinewood-trainingsvest-dog-sports-2-0-suede-bruin-heren-2\/"},"modified":"2025-11-16T08:50:30","modified_gmt":"2025-11-16T07:50:30","slug":"pinewood-trainingsvest-dog-sports-2-0-heren-2","status":"publish","type":"product","link":"https:\/\/dogpride.nl\/fr\/pinewood-trainingsvest-dog-sports-2-0-heren-2\/","title":{"rendered":"Gilet d&#039;entra\u00eenement Pinewood DOG SPORTS 2.0 Homme"},"content":{"rendered":"<h4>Gilet d&#039;entra\u00eenement Pinewood DOG SPORTS 2.0 Homme<\/h4>\n<div id=\"article-description\">\n<p>Gilet d&#039;entra\u00eenement en bois de pin DOG SPORTS 2.0 Men. Gilet fonctionnel et l\u00e9ger de haute qualit\u00e9, parfait pour ceux qui aiment une vie active en plein air avec des chiens ou des activit\u00e9s sportives, des entra\u00eenements et des comp\u00e9titions canines.<\/p>\n<p>Ce gilet de sport pour chien poss\u00e8de de nombreuses poches fonctionnelles. Mesh qui a\u00e8re tr\u00e8s bien et offre un confort suppl\u00e9mentaire. Coutures \u00e9tanch\u00e9es. Taille et ourlet ajustables. \u00c9l\u00e9ments r\u00e9fl\u00e9chissants. Fabriqu\u00e9 \u00e0 partir du tissu TC-Lite durable de Pinewood.<\/p>\n<p>Voorzakken aan beide zijden met magneetsluitingen en D-ring. Mogelijkheid om de klep van de voorzakken binnen in deze zakken vast te maken zodat je eenvoudig en snel toegang hebt tot de inhoud van deze zak. Handzakken en dubbele borstzakken.<br \/>\nTwee makkelijk te bereiken binnenzakken, \u00e9\u00e9n hiervan is voorzien van een rubberen opening voor hondenpoepzakjes. Borstzakjes voor clicker, fluitje en pen.<\/p>\n<h5>Poche arri\u00e8re spacieuse, facile \u00e0 r\u00e9gler avec des aimants et des boutons-pression, et 2 petites poches \u00e0 l&#039;arri\u00e8re de la poche arri\u00e8re qui conviennent aux bouteilles d&#039;eau, par exemple.<\/h5>\n<p>La collection de sports pour chiens de Pinewood a \u00e9t\u00e9 d\u00e9velopp\u00e9e par notre \u00e9quipe de conception en collaboration avec des cynophiles actifs qui s&#039;entra\u00eenent et rivalisent avec des chiens \u00e0 un niveau professionnel.<\/p>\n<p>Am\u00e9lior\u00e9 : Le gilet d&#039;entra\u00eenement Pinewood DOG SPORTS 2.0 Suede marron pour homme a \u00e9t\u00e9 am\u00e9lior\u00e9 avec des \u00e9l\u00e9ments r\u00e9fl\u00e9chissants, une fermeture magn\u00e9tique et des poches multifonctionnelles intelligentes.<\/p>\n<ul>\n<li>poids l\u00e9ger<\/li>\n<li>Poches poitrine avec fermeture \u00e9clair<\/li>\n<li>Poches pour clicker ou sifflet<\/li>\n<li>Poches avant spacieuses avec fermeture magn\u00e9tique et anneau en D<\/li>\n<li>Anneau en D suppl\u00e9mentaire<\/li>\n<li>Poches pour les mains ouvertes<\/li>\n<li>3 poches int\u00e9rieures faciles d&#039;acc\u00e8s<\/li>\n<li>Sac int\u00e9rieur avec ouverture en caoutchouc pour sacs \u00e0 d\u00e9jections canines<\/li>\n<li>Grande poche arri\u00e8re - taille r\u00e9glable avec des boutons<\/li>\n<li>Deux petites poches arri\u00e8re pour les bouteilles d&#039;eau, par exemple.<\/li>\n<li>Taille et bas ajustables avec cordon<\/li>\n<li>D\u00e9tails r\u00e9fl\u00e9chissants pour plus de s\u00e9curit\u00e9<\/li>\n<li>Traitement respectueux de l&#039;environnement : Bionic Finish\u00ae Eco Impr\u00e9gnation sans fluorocarbone organique (PFC) - pour des propri\u00e9t\u00e9s hydrofuges et anti-salissures suppl\u00e9mentaires.<\/li>\n<\/ul>\n<p>Mati\u00e8re : polyamide 100% Doublure polyester 100%.<br \/>\nDoublure 2 : Polyamide 100%.<br \/>\nPoids : 850 grammes (taille L)<br \/>\nCoupe : Coupe g\u00e9n\u00e9rale<br \/>\nActivit\u00e9 : Sport canin<\/p>\n<p><strong>Disponible dans les couleurs :<\/strong><\/p>\n<ul>\n<li>Vert mousse (135)<\/li>\n<li>Marron Daim\/ D. Olive (244)<\/li>\n<li>Noir\/ D. Anthracite (407)<\/li>\n<\/ul>\n<p>Maten: S-5XL<\/p>\n<\/div>\n<div id=\"article-water-resp\"><strong>Colonne d&#039;eau :<\/strong>\u00a0&gt;12 000 mm<br \/>\n<strong>Respirant :<\/strong>\u00a014 000 g\/m\u00b2<sup>2<\/sup>\/24h<\/div>\n<h4>Tableau des tailles:<\/h4>\n<div><\/div>\n<div><img loading=\"lazy\" decoding=\"async\" class=\"alignnone wp-image-69339 size-large\" src=\"https:\/\/www.dogpride.nl\/wp-content\/uploads\/size-guide-spring-summer-2019-en-1-659x1024.png\" alt=\"\" width=\"659\" height=\"1024\" srcset=\"https:\/\/dogpride.nl\/wp-content\/uploads\/size-guide-spring-summer-2019-en-1-659x1024.png 659w, https:\/\/dogpride.nl\/wp-content\/uploads\/size-guide-spring-summer-2019-en-1-250x389.png 250w, https:\/\/dogpride.nl\/wp-content\/uploads\/size-guide-spring-summer-2019-en-1-400x622.png 400w, https:\/\/dogpride.nl\/wp-content\/uploads\/size-guide-spring-summer-2019-en-1-193x300.png 193w, https:\/\/dogpride.nl\/wp-content\/uploads\/size-guide-spring-summer-2019-en-1-768x1194.png 768w, https:\/\/dogpride.nl\/wp-content\/uploads\/size-guide-spring-summer-2019-en-1-988x1536.png 988w, https:\/\/dogpride.nl\/wp-content\/uploads\/size-guide-spring-summer-2019-en-1-1317x2048.png 1317w, https:\/\/dogpride.nl\/wp-content\/uploads\/size-guide-spring-summer-2019-en-1-200x311.png 200w, https:\/\/dogpride.nl\/wp-content\/uploads\/size-guide-spring-summer-2019-en-1-600x933.png 600w, https:\/\/dogpride.nl\/wp-content\/uploads\/size-guide-spring-summer-2019-en-1-800x1244.png 800w, https:\/\/dogpride.nl\/wp-content\/uploads\/size-guide-spring-summer-2019-en-1-1200x1866.png 1200w, https:\/\/dogpride.nl\/wp-content\/uploads\/size-guide-spring-summer-2019-en-1.png 1559w\" sizes=\"auto, (max-width: 659px) 100vw, 659px\" \/><\/div>\n<div><\/div>\n<div><a href=\"https:\/\/pinewood.eu\/en-eu\" target=\"_blank\" rel=\"noopener\"><img loading=\"lazy\" decoding=\"async\" class=\"alignnone wp-image-142865 size-full\" title=\"PINEWOOD Dog Sports Utility Belt\" src=\"https:\/\/dogpride.nl\/wp-content\/uploads\/Pinewood-2.jpg\" alt=\"PINEWOOD Dog Sports Utility Belt\" width=\"191\" height=\"50\" srcset=\"https:\/\/dogpride.nl\/wp-content\/uploads\/Pinewood-2.jpg 191w, https:\/\/dogpride.nl\/wp-content\/uploads\/Pinewood-2-18x5.jpg 18w\" sizes=\"auto, (max-width: 191px) 100vw, 191px\" \/><\/a><\/div>\n<div><a href=\"https:\/\/dogpride.nl\/fr\/\"><img loading=\"lazy\" decoding=\"async\" class=\"alignnone\" title=\"Gilet d&#039;entra\u00eenement Pinewood DOG SPORTS 2.0 Homme\" src=\"https:\/\/dogpride.nl\/wp-content\/uploads\/5184-407-01_Pinewood_Vest-Dog-Sports-2-0_Black-Dark-Anthracite-150x150.webp\" alt=\"Pinewood trainingsvest DOG SPORTS 2.0 Heren\" width=\"150\" height=\"150\" \/><\/a><\/div>","protected":false},"excerpt":{"rendered":"<p>Ce gilet de sport pour chien poss\u00e8de de nombreuses poches fonctionnelles. Mesh qui a\u00e8re tr\u00e8s bien et offre un confort suppl\u00e9mentaire. Coutures \u00e9tanch\u00e9es. Taille et ourlet ajustables. \u00c9l\u00e9ments r\u00e9fl\u00e9chissants. Fabriqu\u00e9 \u00e0 partir du tissu TC-Lite durable de Pinewood.<\/p>","protected":false},"featured_media":126591,"template":"","meta":[],"product_brand":[],"product_cat":[3871],"product_tag":[4683,5071,3208,3332,3168,4144,4152],"class_list":{"0":"post-18046","1":"product","2":"type-product","3":"status-publish","4":"has-post-thumbnail","6":"product_cat-pinewood-trainingsvesten","7":"product_tag-2-0","8":"product_tag-dog-sports","9":"product_tag-heren","10":"product_tag-hondensport","11":"product_tag-pinewood","12":"product_tag-trainingsvest","13":"product_tag-vest","15":"first","16":"instock","17":"taxable","18":"shipping-taxable","19":"purchasable","20":"product-type-variable"},"mb":[],"mfb_rest_fields":["title"],"_links":{"self":[{"href":"https:\/\/dogpride.nl\/fr\/wp-json\/wp\/v2\/product\/18046","targetHints":{"allow":["GET"]}}],"collection":[{"href":"https:\/\/dogpride.nl\/fr\/wp-json\/wp\/v2\/product"}],"about":[{"href":"https:\/\/dogpride.nl\/fr\/wp-json\/wp\/v2\/types\/product"}],"wp:featuredmedia":[{"embeddable":true,"href":"https:\/\/dogpride.nl\/fr\/wp-json\/wp\/v2\/media\/126591"}],"wp:attachment":[{"href":"https:\/\/dogpride.nl\/fr\/wp-json\/wp\/v2\/media?parent=18046"}],"wp:term":[{"taxonomy":"product_brand","embeddable":true,"href":"https:\/\/dogpride.nl\/fr\/wp-json\/wp\/v2\/product_brand?post=18046"},{"taxonomy":"product_cat","embeddable":true,"href":"https:\/\/dogpride.nl\/fr\/wp-json\/wp\/v2\/product_cat?post=18046"},{"taxonomy":"product_tag","embeddable":true,"href":"https:\/\/dogpride.nl\/fr\/wp-json\/wp\/v2\/product_tag?post=18046"}],"curies":[{"name":"wp","href":"https:\/\/api.w.org\/{rel}","templated":true}]}}