{"id":17914,"date":"2020-10-07T12:49:48","date_gmt":"2020-10-07T10:49:48","guid":{"rendered":"https:\/\/dogpride1.wpengine.com\/product\/pinewood-trainings-jas-dames-2-0-plum-2\/"},"modified":"2025-11-02T10:18:45","modified_gmt":"2025-11-02T09:18:45","slug":"pinewood-trainingsjas-2-0-dames-2","status":"publish","type":"product","link":"https:\/\/dogpride.nl\/fr\/pinewood-trainingsjas-2-0-dames-2\/","title":{"rendered":"Veste d&#039;entra\u00eenement Pinewood 2.0 pour femmes"},"content":{"rendered":"<h4>Veste d&#039;entra\u00eenement Pinewood 2.0 pour femmes<\/h4>\n<p>Veste d&#039;entra\u00eenement Pinewood 2.0 pour femmes<\/p>\n<div id=\"article-description\">\n<div class=\"CMS-Component CMS-ArticleField CMS-ArticleField-art_desc2 description-p StreamlineCmsSection-node SimpleStyles-16154730227316512-Wrapper description-p StreamlineCmsSection-node\" data-style-attr=\"Wrapper\" data-id=\"16154730227316512\">\n<div class=\"SimpleStyles-16154730227316512-Field Preset-Primary-Font-Family Preset-Primary-Color Preset-Primary-Text\" data-style-attr=\"Field\">\n<p>Veste coupe-vent et imperm\u00e9able dans une version am\u00e9lior\u00e9e - Parfaite pour l&#039;athl\u00e8te canin et pour ceux qui m\u00e8nent une vie active avec des chiens.<\/p>\n<p>Deze Pinewood TrainingsJas 2.0 Dames met tweeweg-ritssluiting en magneetsluiting heeft veel functionele zakken voor benodigdheden bij de hondentraining.<br \/>\nRuime voorzakken aan beide zijden, met magneetsluiting en D-ring, waar de klep van de zakken met klittenband in de zak kan worden vastgezet.<br \/>\nHoge steekzakken om de handen warm te houden, dubbele borstzakken en drie makkelijk te bereiken binnenzakken, waarvan \u00e9\u00e9n speciaal is ontworpen voor het opbergen van hondenpoepzakjes.<\/p>\n<h4>Poche arri\u00e8re spacieuse pour les t\u00e9tines, r\u00e9glable en taille au moyen de fermetures magn\u00e9tiques et de boutons-pression.<\/h4>\n<p>\u00c0 l&#039;ext\u00e9rieur de cette poche arri\u00e8re se trouvent 2 petites poches, une de chaque c\u00f4t\u00e9, adapt\u00e9es aux bouteilles d&#039;eau, par exemple.<\/p>\n<p>Vrouwelijke snit. Verstelbaar aan de onderzijde. Manchetten verstelbaar d.m.v. klittenband. Gevoerd met ventilerend gaas voor extra comfort. Getapete naden.<br \/>\nVerstelbare en afneembare capuchon met versterkte klep voor extra bescherming tegen regen.<br \/>\nDe achterzak is d.m.v een rits aan de onderkant te openen zodat er eenvoudig logo&#8217;s of namen op geprint of geborduurd kunnen worden.<\/p>\n<p>La collection de sports canins de Pinewood a \u00e9t\u00e9 d\u00e9velopp\u00e9e par notre \u00e9quipe de conception su\u00e9doise en collaboration avec des experts actifs qui entra\u00eenent et concourent avec leurs chiens sur une base professionnelle.<\/p>\n<h4>Deze verbeterde versie Pinewood TrainingsJas 2.0 Dames heeft o.a. de volgende aanpassingen gehad: reflecterende elementen, magneetsluitingen, en nog slimmere technische zakken.<\/h4>\n<ul>\n<li>Coupe-vent et imperm\u00e9able avec coutures \u00e9tanches<\/li>\n<li>Fermeture \u00e0 glissi\u00e8re bidirectionnelle avec fermeture magn\u00e9tique sur le rabat de la fermeture \u00e0 glissi\u00e8re<\/li>\n<li>Capuche amovible et r\u00e9glable avec visi\u00e8re renforc\u00e9e<\/li>\n<li>Col avec polaire douce \u00e0 l&#039;int\u00e9rieur<\/li>\n<li>Poches poitrine avec fermetures \u00e9clair<\/li>\n<li>Poches avant spacieuses avec fermetures magn\u00e9tiques et anneau en D<\/li>\n<li>Poches lat\u00e9rales ouvertes<\/li>\n<li>Trois poches int\u00e9rieures faciles d&#039;acc\u00e8s<\/li>\n<li>Sac int\u00e9rieur avec ouverture en caoutchouc pour sacs \u00e0 d\u00e9jections canines<\/li>\n<li>Grande poche arri\u00e8re r\u00e9glable pour les t\u00e9tines<\/li>\n<li>Deux petites poches arri\u00e8re pour les bouteilles d&#039;eau, par exemple<\/li>\n<li>Coupe f\u00e9minine<\/li>\n<li>Bas ajustable avec cordon de serrage<\/li>\n<li>\u00c9l\u00e9ments r\u00e9fl\u00e9chissants pour plus de s\u00e9curit\u00e9<\/li>\n<li>Poignets r\u00e9glables avec velcro<\/li>\n<li>Traitement \u00e9co-responsable : Bionic Finish\u00ae Eco Organic Fluorocarbone impr\u00e9gnation sans PFC pour des propri\u00e9t\u00e9s hydrofuges et anti-salissures suppl\u00e9mentaires.<\/li>\n<\/ul>\n<p>Mati\u00e8re : Polyamide 100%<br \/>\nDoublure : polyester 100%<br \/>\nDoublure 2 : Polyamide 100%.<br \/>\nPoids : 900 grammes (taille 38)<br \/>\nCoupe : coupe classique, coupe f\u00e9minine<br \/>\nActivit\u00e9 : Sport canin<\/p>\n<h4>Disponible dans les couleurs :<\/h4>\n<ul>\n<li>153 MossGreen\/Black<\/li>\n<li>407 Black\/D.Anthracite<\/li>\n<li>582 Plum\/D.Anthracite<\/li>\n<li>817 EarthPlum\/D.Anthraci<\/li>\n<\/ul>\n<\/div>\n<\/div>\n<div class=\"CMS-Component CMS-Component-Container Preset-Container-Max-Width Preset-Container-Margin SimpleStyles-16351639809038748-Container StreamlineCmsSection-node\" data-id=\"16351639809038748\">\n<div class=\"CMS-Component CMS-ArticleField CMS-ArticleField-propertykey_value StreamlineCmsSection-node StreamlineCmsSection-node\" data-style-attr=\"Wrapper\" data-id=\"16351639809045624\">\n<div class=\"Preset-Primary-Font-Family Preset-Primary-Color SimpleStyles-16351639809045624-Field\" data-style-attr=\"Field\"><strong>Colonnes d&#039;eau\u00a0:<\/strong>\u00a0&gt;12 000 mm<\/div>\n<\/div>\n<div class=\"CMS-Component CMS-ArticleField CMS-ArticleField-propertykey_value StreamlineCmsSection-node SimpleStyles-16351639809059876-Wrapper StreamlineCmsSection-node\" data-style-attr=\"Wrapper\" data-id=\"16351639809059876\">\n<div class=\"Preset-Primary-Font-Family Preset-Primary-Color SimpleStyles-16351639809059876-Field\" data-style-attr=\"Field\"><strong>Respirer:<\/strong>\u00a014 000 g\/m\u00b2<sup>2<\/sup>\/24h<\/div>\n<\/div>\n<\/div>\n<\/div>\n<h4><strong>Tableau des tailles:<\/strong><\/h4>\n<div><\/div>\n<div><img loading=\"lazy\" decoding=\"async\" class=\"alignnone wp-image-69418 size-large\" src=\"https:\/\/www.dogpride.nl\/wp-content\/uploads\/size-guide-spring-summer-2019-en-1-1-659x1024.png\" alt=\"\" width=\"659\" height=\"1024\" srcset=\"https:\/\/dogpride.nl\/wp-content\/uploads\/size-guide-spring-summer-2019-en-1-1-659x1024.png 659w, https:\/\/dogpride.nl\/wp-content\/uploads\/size-guide-spring-summer-2019-en-1-1-250x389.png 250w, https:\/\/dogpride.nl\/wp-content\/uploads\/size-guide-spring-summer-2019-en-1-1-400x622.png 400w, https:\/\/dogpride.nl\/wp-content\/uploads\/size-guide-spring-summer-2019-en-1-1-193x300.png 193w, https:\/\/dogpride.nl\/wp-content\/uploads\/size-guide-spring-summer-2019-en-1-1-768x1194.png 768w, https:\/\/dogpride.nl\/wp-content\/uploads\/size-guide-spring-summer-2019-en-1-1-988x1536.png 988w, https:\/\/dogpride.nl\/wp-content\/uploads\/size-guide-spring-summer-2019-en-1-1-1317x2048.png 1317w, https:\/\/dogpride.nl\/wp-content\/uploads\/size-guide-spring-summer-2019-en-1-1-200x311.png 200w, https:\/\/dogpride.nl\/wp-content\/uploads\/size-guide-spring-summer-2019-en-1-1-600x933.png 600w, https:\/\/dogpride.nl\/wp-content\/uploads\/size-guide-spring-summer-2019-en-1-1-800x1244.png 800w, https:\/\/dogpride.nl\/wp-content\/uploads\/size-guide-spring-summer-2019-en-1-1-1200x1866.png 1200w, https:\/\/dogpride.nl\/wp-content\/uploads\/size-guide-spring-summer-2019-en-1-1.png 1559w\" sizes=\"auto, (max-width: 659px) 100vw, 659px\" \/><\/div>\n<div><a href=\"https:\/\/pinewood.eu\/en-eu\" target=\"_blank\" rel=\"noopener\"><img loading=\"lazy\" decoding=\"async\" class=\"alignnone wp-image-139633 size-full\" src=\"https:\/\/dogpride.nl\/wp-content\/uploads\/Pinewood-1.jpg\" alt=\"Logo Pinewood\" width=\"191\" height=\"50\" srcset=\"https:\/\/dogpride.nl\/wp-content\/uploads\/Pinewood-1.jpg 191w, https:\/\/dogpride.nl\/wp-content\/uploads\/Pinewood-1-18x5.jpg 18w\" sizes=\"auto, (max-width: 191px) 100vw, 191px\" \/><\/a><\/div>\n<div><a href=\"https:\/\/dogpride.nl\/fr\/kleding\/jassen\/pinewood-jassen\/\"><img loading=\"lazy\" decoding=\"async\" class=\"alignnone\" title=\"Veste d&#039;entra\u00eenement Pinewood 2.0 pour femmes\" src=\"https:\/\/dogpride.nl\/wp-content\/uploads\/3183-153-60_Pinewood-150x150.webp\" alt=\"Pinewood TrainingsJas 2.0 Dames\" width=\"150\" height=\"150\" \/><\/a><\/div>","protected":false},"excerpt":{"rendered":"<p>Deze Pinewood TrainingsJas 2.0 Dames met tweeweg-ritssluiting en magneetsluiting heeft veel functionele zakken voor benodigdheden bij de hondentraining. Ruime voorzakken aan beide zijden, met magneetsluiting en D-ring.<\/p>","protected":false},"featured_media":101042,"template":"","meta":[],"product_brand":[],"product_cat":[3854],"product_tag":[4683,4768,3199,3168,4811,4812,5072],"class_list":{"0":"post-17914","1":"product","2":"type-product","3":"status-publish","4":"has-post-thumbnail","6":"product_cat-pinewood-jassen","7":"product_tag-2-0","8":"product_tag-dames","9":"product_tag-hondensportjas","10":"product_tag-pinewood","11":"product_tag-plum","12":"product_tag-pruim","13":"product_tag-trainingsjas","15":"first","16":"instock","17":"sale","18":"taxable","19":"shipping-taxable","20":"purchasable","21":"product-type-variable"},"mb":[],"mfb_rest_fields":["title"],"_links":{"self":[{"href":"https:\/\/dogpride.nl\/fr\/wp-json\/wp\/v2\/product\/17914","targetHints":{"allow":["GET"]}}],"collection":[{"href":"https:\/\/dogpride.nl\/fr\/wp-json\/wp\/v2\/product"}],"about":[{"href":"https:\/\/dogpride.nl\/fr\/wp-json\/wp\/v2\/types\/product"}],"wp:featuredmedia":[{"embeddable":true,"href":"https:\/\/dogpride.nl\/fr\/wp-json\/wp\/v2\/media\/101042"}],"wp:attachment":[{"href":"https:\/\/dogpride.nl\/fr\/wp-json\/wp\/v2\/media?parent=17914"}],"wp:term":[{"taxonomy":"product_brand","embeddable":true,"href":"https:\/\/dogpride.nl\/fr\/wp-json\/wp\/v2\/product_brand?post=17914"},{"taxonomy":"product_cat","embeddable":true,"href":"https:\/\/dogpride.nl\/fr\/wp-json\/wp\/v2\/product_cat?post=17914"},{"taxonomy":"product_tag","embeddable":true,"href":"https:\/\/dogpride.nl\/fr\/wp-json\/wp\/v2\/product_tag?post=17914"}],"curies":[{"name":"wp","href":"https:\/\/api.w.org\/{rel}","templated":true}]}}