{"id":17878,"date":"2020-10-02T12:27:26","date_gmt":"2020-10-02T10:27:26","guid":{"rendered":"https:\/\/dogpride1.wpengine.com\/product\/hst-harnas-voor-trekking-canicross-2\/"},"modified":"2026-03-19T12:49:22","modified_gmt":"2026-03-19T11:49:22","slug":"hst-harnas-voor-trekking-canicross-2","status":"publish","type":"product","link":"https:\/\/dogpride.nl\/fr\/hst-harnas-voor-trekking-canicross-2\/","title":{"rendered":"Harnais HST pour TREKKING \/ CANICROSS"},"content":{"rendered":"<h4>Harnais HST pour TREKKING \/ CANICROSS<\/h4>\n<p>Harnais HST pour TREKKING \/ CANICROSS<\/p>\n<p>Harnais synth\u00e9tique pour le manieur, bas\u00e9 sur une laisse solide avec inscriptions r\u00e9fl\u00e9chissantes TREKKINKG \/ CANICROSS.<br \/>\nLa ceinture comporte une boucle trident sur un \u00e9lastique fixe, tirant la boucle vers le corps. M\u00eame apr\u00e8s l&#039;app\u00e9tit du chien.<\/p>\n<p><a href=\"https:\/\/dogpride.nl\/fr\/\"><img loading=\"lazy\" decoding=\"async\" class=\"alignnone\" title=\"Harnais HST pour TREKKING \/ CANICROSS\" src=\"https:\/\/dogpride.nl\/wp-content\/uploads\/harnas-voor-trekking-canicross.png\" alt=\"HST Harnas voor TREKKING \/ CANICROSS\" width=\"77\" height=\"115\" \/><\/a><\/p>\n<p>Le rembourrage est fait d&#039;un mat\u00e9riau moderne enti\u00e8rement respirant et a\u00e9r\u00e9.<\/p>\n<p>Het HST Harnas voor TREKKING \/ CANICROSS is uitgerust met een massieve bevestiging om aan te trekken. Een veiligheidskarabijnhaak, een halve ring voor het bevestigen van kleinere dingen (sleutels, &#8230;).<br \/>\nEt surtout 8 matrices pour les bretelles rembourr\u00e9es inf\u00e9rieures, qui permettent de d\u00e9placer les bretelles dans le dos selon la taille de la silhouette.<br \/>\nCela rend notre harnais unique ! Il y a aussi des demi-anneaux pour attacher un sac \u00e0 dos et une poche spacieuse avec le logo Hubble.<\/p>\n<p>Le transfert de tension vers l&#039;expanseur est assur\u00e9 par un c\u00e2ble PPV d&#039;un diam\u00e8tre d&#039;\u00e2me de 6 mm.<\/p>\n<p><a href=\"https:\/\/www.licg.nl\/honden\/\" target=\"_blank\" rel=\"noopener\"><img loading=\"lazy\" decoding=\"async\" class=\"alignnone\" src=\"https:\/\/dogpride.nl\/wp-content\/uploads\/harnas-voor-trekking-canicross.png\" alt=\"\" width=\"77\" height=\"115\" \/><\/a><\/p>\n<p>Notre harnais d&#039;origine avec notre extenseur d&#039;amortisseur variable flexible d&#039;origine vous donne une toute nouvelle sensation lors de l&#039;exercice avec votre ami \u00e0 quatre pattes.<\/p>\n<ul>\n<li>Commandez s\u00e9par\u00e9ment l&#039;extenseur d&#039;amortisseur variable, num\u00e9ro de produit VO42<\/li>\n<\/ul>\n<p><img loading=\"lazy\" decoding=\"async\" class=\"alignnone wp-image-71199 size-full\" src=\"https:\/\/www.dogpride.nl\/wp-content\/uploads\/hst-1.png\" alt=\"HST\" width=\"161\" height=\"36\" \/><\/p>","protected":false},"excerpt":{"rendered":"<p>Notre harnais d&#039;origine avec notre extenseur d&#039;amortisseur variable flexible d&#039;origine vous donne une toute nouvelle sensation lors de l&#039;exercice avec votre ami \u00e0 quatre pattes.<\/p>","protected":false},"featured_media":60615,"template":"","meta":[],"product_brand":[],"product_cat":[2814],"product_tag":[4106,4606,4694,8244],"class_list":{"0":"post-17878","1":"product","2":"type-product","3":"status-publish","4":"has-post-thumbnail","6":"product_cat-hondenharnassen","7":"product_tag-canicross","8":"product_tag-harnas","9":"product_tag-hst","10":"product_tag-trekking","12":"first","13":"instock","14":"taxable","15":"shipping-taxable","16":"purchasable","17":"product-type-simple"},"mb":[],"mfb_rest_fields":["title"],"_links":{"self":[{"href":"https:\/\/dogpride.nl\/fr\/wp-json\/wp\/v2\/product\/17878","targetHints":{"allow":["GET"]}}],"collection":[{"href":"https:\/\/dogpride.nl\/fr\/wp-json\/wp\/v2\/product"}],"about":[{"href":"https:\/\/dogpride.nl\/fr\/wp-json\/wp\/v2\/types\/product"}],"wp:featuredmedia":[{"embeddable":true,"href":"https:\/\/dogpride.nl\/fr\/wp-json\/wp\/v2\/media\/60615"}],"wp:attachment":[{"href":"https:\/\/dogpride.nl\/fr\/wp-json\/wp\/v2\/media?parent=17878"}],"wp:term":[{"taxonomy":"product_brand","embeddable":true,"href":"https:\/\/dogpride.nl\/fr\/wp-json\/wp\/v2\/product_brand?post=17878"},{"taxonomy":"product_cat","embeddable":true,"href":"https:\/\/dogpride.nl\/fr\/wp-json\/wp\/v2\/product_cat?post=17878"},{"taxonomy":"product_tag","embeddable":true,"href":"https:\/\/dogpride.nl\/fr\/wp-json\/wp\/v2\/product_tag?post=17878"}],"curies":[{"name":"wp","href":"https:\/\/api.w.org\/{rel}","templated":true}]}}