{"id":17740,"date":"2020-09-18T07:53:39","date_gmt":"2020-09-18T05:53:39","guid":{"rendered":"https:\/\/dogpride1.wpengine.com\/product\/pride-bijtkussen-junior-jute-2\/"},"modified":"2025-10-20T12:41:07","modified_gmt":"2025-10-20T10:41:07","slug":"pride-bijtkussen-junior","status":"publish","type":"product","link":"https:\/\/dogpride.nl\/fr\/pride-bijtkussen-junior\/","title":{"rendered":"PRIDE bijtkussen JUNIOR"},"content":{"rendered":"<h4>PRIDE bijtkussen JUNIOR<\/h4>\n<p>PRIDE bijtkussen JUNIOR<\/p>\n<p>Coussin de morsure Junior l\u00e9ger et solide adapt\u00e9 \u00e0 l&#039;\u00e9ducation des chiots et des jeunes chiens.<\/p>\n<p>Ce coussinet de dressage pour chiots est fait d&#039;un mat\u00e9riau naturel et s\u00fbr - du lin de jute pour la s\u00e9curit\u00e9 des dents des chiots. En m\u00eame temps, il est solide et fiable pour l&#039;entra\u00eenement aux morsures de chiot et la protection des mains en toute s\u00e9curit\u00e9.<\/p>\n<p>Ce manchon de morsure de chien est utilis\u00e9 comme prot\u00e8ge-paume et comme coussin de morsure. La poign\u00e9e confortable et solide rend cette couverture de morsure facile \u00e0 manipuler.<\/p>\n<p>Coussinets de morsure pour le dressage professionnel des chiens (IPO, KNPV, Mondioring, Ringsport, Real Work \/ Police Work and Service Dogs, unit\u00e9s K9).<\/p>\n<p>Mod\u00e8le : B-041J<\/p>\n<p>Materiaal: Jute of Nylcot<\/p>\n<p>Doux<\/p>\n<h4>Kleuren kunnen afwijken<\/h4>\n<p><a href=\"https:\/\/dogpride.nl\/fr\/igp\/bijtkussens-voor-honden\/\"><img loading=\"lazy\" decoding=\"async\" class=\"alignnone\" title=\"PRIDE bijtkussen JUNIOR \" src=\"https:\/\/dogpride.nl\/wp-content\/uploads\/bite-pad-junior-jute.jpg\" alt=\"PRIDE bijtkussen JUNIOR\" width=\"183\" height=\"122\" \/><\/a><\/p>\n<p>&nbsp;<\/p>\n<p><a href=\"https:\/\/www.dogpride.eu\/\" target=\"_blank\" rel=\"noopener\"><img loading=\"lazy\" decoding=\"async\" class=\"alignnone wp-image-71202 size-medium\" title=\"Oreiller \u00e0 mordre PRIDE JUNIOR Jute\" src=\"https:\/\/dogpride.nl\/wp-content\/uploads\/Logo-Pride2-2-300x96.png\" alt=\"PRIDE bijtkussen JUNIOR Jute\" width=\"300\" height=\"96\" srcset=\"https:\/\/dogpride.nl\/wp-content\/uploads\/Logo-Pride2-2-300x96.png 300w, https:\/\/dogpride.nl\/wp-content\/uploads\/Logo-Pride2-2-250x80.png 250w, https:\/\/dogpride.nl\/wp-content\/uploads\/Logo-Pride2-2-200x64.png 200w, https:\/\/dogpride.nl\/wp-content\/uploads\/Logo-Pride2-2.png 327w\" sizes=\"auto, (max-width: 300px) 100vw, 300px\" \/><\/a><\/p>","protected":false},"excerpt":{"rendered":"<p>Bijtkussen JUNIOR van PRIDE. Licht en sterk bijtkussen Junior geschikt voor puppy- en jonge hondentraining. Leverbaar in Jute en Nylcot.<\/p>","protected":false},"featured_media":21999,"template":"","meta":[],"product_brand":[],"product_cat":[302],"product_tag":[5507,3332,6477,10248,3398,5509,4865],"class_list":{"0":"post-17740","1":"product","2":"type-product","3":"status-publish","4":"has-post-thumbnail","6":"product_cat-bijtkussens-voor-honden","7":"product_tag-bijtkussen","8":"product_tag-hondensport","9":"product_tag-hondentraining","10":"product_tag-jonge-hond","11":"product_tag-junior","12":"product_tag-jute","13":"product_tag-pride","15":"first","16":"instock","17":"taxable","18":"shipping-taxable","19":"purchasable","20":"product-type-variable"},"mb":[],"mfb_rest_fields":["title"],"_links":{"self":[{"href":"https:\/\/dogpride.nl\/fr\/wp-json\/wp\/v2\/product\/17740","targetHints":{"allow":["GET"]}}],"collection":[{"href":"https:\/\/dogpride.nl\/fr\/wp-json\/wp\/v2\/product"}],"about":[{"href":"https:\/\/dogpride.nl\/fr\/wp-json\/wp\/v2\/types\/product"}],"wp:featuredmedia":[{"embeddable":true,"href":"https:\/\/dogpride.nl\/fr\/wp-json\/wp\/v2\/media\/21999"}],"wp:attachment":[{"href":"https:\/\/dogpride.nl\/fr\/wp-json\/wp\/v2\/media?parent=17740"}],"wp:term":[{"taxonomy":"product_brand","embeddable":true,"href":"https:\/\/dogpride.nl\/fr\/wp-json\/wp\/v2\/product_brand?post=17740"},{"taxonomy":"product_cat","embeddable":true,"href":"https:\/\/dogpride.nl\/fr\/wp-json\/wp\/v2\/product_cat?post=17740"},{"taxonomy":"product_tag","embeddable":true,"href":"https:\/\/dogpride.nl\/fr\/wp-json\/wp\/v2\/product_tag?post=17740"}],"curies":[{"name":"wp","href":"https:\/\/api.w.org\/{rel}","templated":true}]}}