{"id":17188,"date":"2020-06-24T13:03:04","date_gmt":"2020-06-24T11:03:04","guid":{"rendered":"https:\/\/dogpride1.wpengine.com\/product\/mooffz-jump-fun-set-3\/"},"modified":"2025-11-15T11:43:24","modified_gmt":"2025-11-15T10:43:24","slug":"mooffz-jump-fun-set-3","status":"publish","type":"product","link":"https:\/\/dogpride.nl\/fr\/mooffz-jump-fun-set-3\/","title":{"rendered":"Mooffz Jump &amp; Fun Ensemble"},"content":{"rendered":"<h4>Mooffz Jump &amp; Fun Ensemble<\/h4>\n<div>Mooffz Jump &amp; Fun Set. Allez sauter et amusez-vous! Cet ensemble de base multifonctionnel offre des possibilit\u00e9s pour de nombreux exercices diff\u00e9rents. L\u00e9ger et facile \u00e0 transporter dans le sac fourni. Amusez-vous \u00e0 pratiquer o\u00f9 vous voulez !<\/div>\n<div><\/div>\n<div>A l&#039;aide des six pions et des trois b\u00e2tons, il est possible d&#039;effectuer trois sauts que vous pouvez utiliser s\u00e9par\u00e9ment ou en s\u00e9rie et qui peuvent \u00eatre plac\u00e9s de toutes sortes de fa\u00e7ons.<\/div>\n<div><a href=\"https:\/\/dogpride.nl\/fr\/diverse-hondensporten\/agility-obedience\/?product-page=2\"><img loading=\"lazy\" decoding=\"async\" class=\"alignnone\" title=\"MOOFFZ Jump &amp; Fun set\" src=\"https:\/\/dogpride.nl\/wp-content\/uploads\/Jump-Fun-set-art.-1631-1-150x150.jpg\" alt=\"MOOFFZ Jump &amp; Fun set\" width=\"150\" height=\"150\" \/><\/a><\/div>\n<div><\/div>\n<div>Cet ensemble d&#039;agilit\u00e9 se compose de :<\/div>\n<div>\n<ul>\n<li>6 c\u00f4nes de 30 cm (en 3 couleurs diff\u00e9rentes)<\/li>\n<li>3 b\u00e2tons de 80 cm (en 3 couleurs diff\u00e9rentes)<\/li>\n<li>Un syst\u00e8me de haies pour pion 30 cm (jeu de 2 pi\u00e8ces)<\/li>\n<li>Le tout emball\u00e9 dans un magnifique sac de rangement MOOFFZ<\/li>\n<li>Comprend un plan de le\u00e7on avec des id\u00e9es d&#039;exercices amusants avec cet ensemble (\u00e9crit par Judith Lissenberg).<\/li>\n<\/ul>\n<div>\n<div>Les couleurs gaies peuvent varier par ensemble.<\/div>\n<div><a href=\"https:\/\/www.bol.com\/nl\/nl\/b\/mooffz\/16537942\/\" target=\"_blank\" rel=\"noopener\"><img loading=\"lazy\" decoding=\"async\" class=\"alignnone\" title=\"MOOFFZ Jump &amp; Fun set\" src=\"https:\/\/dogpride.nl\/wp-content\/uploads\/Jump-Fun-set-art.-1631-1-150x150.jpg\" alt=\"MOOFFZ Jump &amp; Fun set\" width=\"150\" height=\"150\" \/><\/a><\/div>\n<\/div>\n<\/div>","protected":false},"excerpt":{"rendered":"<div>\n<p>Mooffz Jump &amp; Fun Set. Deze multifunctionele basisset biedt mogelijkheden voor heel veel verschillende oefeningen. Lichtgewicht en makkelijk mee te nemen in de bijbehorende tas. Lekker even oefenen, waar je maar wilt!<\/p>\n<\/div>\n<div><\/div>","protected":false},"featured_media":17189,"template":"","meta":[],"product_brand":[],"product_cat":[2956],"product_tag":[],"class_list":{"0":"post-17188","1":"product","2":"type-product","3":"status-publish","4":"has-post-thumbnail","6":"product_cat-agility-behendigheid","8":"first","9":"instock","10":"taxable","11":"shipping-taxable","12":"purchasable","13":"product-type-simple"},"exclude_global_add_ons":[],"addons":[],"mb":[],"mfb_rest_fields":["title","exclude_global_add_ons","addons"],"_links":{"self":[{"href":"https:\/\/dogpride.nl\/fr\/wp-json\/wp\/v2\/product\/17188","targetHints":{"allow":["GET"]}}],"collection":[{"href":"https:\/\/dogpride.nl\/fr\/wp-json\/wp\/v2\/product"}],"about":[{"href":"https:\/\/dogpride.nl\/fr\/wp-json\/wp\/v2\/types\/product"}],"wp:featuredmedia":[{"embeddable":true,"href":"https:\/\/dogpride.nl\/fr\/wp-json\/wp\/v2\/media\/17189"}],"wp:attachment":[{"href":"https:\/\/dogpride.nl\/fr\/wp-json\/wp\/v2\/media?parent=17188"}],"wp:term":[{"taxonomy":"product_brand","embeddable":true,"href":"https:\/\/dogpride.nl\/fr\/wp-json\/wp\/v2\/product_brand?post=17188"},{"taxonomy":"product_cat","embeddable":true,"href":"https:\/\/dogpride.nl\/fr\/wp-json\/wp\/v2\/product_cat?post=17188"},{"taxonomy":"product_tag","embeddable":true,"href":"https:\/\/dogpride.nl\/fr\/wp-json\/wp\/v2\/product_tag?post=17188"}],"curies":[{"name":"wp","href":"https:\/\/api.w.org\/{rel}","templated":true}]}}